{"id":3586,"date":"2025-01-17T15:26:37","date_gmt":"2025-01-17T15:26:37","guid":{"rendered":"https:\/\/glens.com\/?post_type=product&#038;p=3586"},"modified":"2025-05-05T07:20:16","modified_gmt":"2025-05-05T07:20:16","slug":"occhiali-da-lettura-portatili-unisex-glens-confezione-da-3","status":"publish","type":"product","link":"https:\/\/glens.com\/it\/product\/occhiali-da-lettura-portatili-unisex-glens-confezione-da-3\/","title":{"rendered":"Occhiali da lettura portatili unisex Glens &#8211; Confezione da 3"},"content":{"rendered":"<p>Senza braccio, maneggevoli e leggeri, grazie al design e alle dimensioni si adattano facilmente al portafoglio e ai porta carte o si infilano semplicemente in tasca, in borsa, nel portamonete o nella custodia del cellulare. Il design estone e la tecnologia tedesca si sono uniti per realizzare gli occhiali da lettura pi\u00f9 leggeri e sottili al mondo. Straordinaria invisibilit\u00e0 e flessibilit\u00e0 grazie alle lenti realizzate in copoliestere.<\/p>\n<div class=\"ast-oembed-container\" style=\"height: 100%;\"><iframe title=\"Glens Reading Glasses\" width=\"500\" height=\"281\" src=\"https:\/\/www.youtube.com\/embed\/yX_ta-EPcvA?feature=oembed\" frameborder=\"0\" allow=\"accelerometer; autoplay; clipboard-write; encrypted-media; gyroscope; picture-in-picture; web-share\" referrerpolicy=\"strict-origin-when-cross-origin\" allowfullscreen><\/iframe><\/div>","protected":false},"excerpt":{"rendered":"<p>Senza braccio, maneggevoli e leggeri, grazie al design e alle dimensioni si adattano facilmente al portafoglio e ai porta carte o si infilano semplicemente in tasca, in borsa, nel portamonete o nella custodia del cellulare. Il design estone e la tecnologia tedesca si sono uniti per realizzare gli occhiali da lettura pi\u00f9 leggeri e sottili [&hellip;]<\/p>","protected":false},"featured_media":2281,"template":"","meta":{"site-sidebar-layout":"default","site-content-layout":"default","ast-site-content-layout":"default","site-content-style":"default","site-sidebar-style":"default","ast-global-header-display":"","ast-banner-title-visibility":"","ast-main-header-display":"","ast-hfb-above-header-display":"","ast-hfb-below-header-display":"","ast-hfb-mobile-header-display":"","site-post-title":"","ast-breadcrumbs-content":"","ast-featured-img":"","footer-sml-layout":"","theme-transparent-header-meta":"default","adv-header-id-meta":"","stick-header-meta":"","header-above-stick-meta":"","header-main-stick-meta":"","header-below-stick-meta":"","astra-migrate-meta-layouts":"set","ast-page-background-enabled":"default","ast-page-background-meta":{"desktop":{"background-color":"var(--ast-global-color-4)","background-image":"","background-repeat":"repeat","background-position":"center center","background-size":"auto","background-attachment":"scroll","background-type":"","background-media":"","overlay-type":"","overlay-color":"","overlay-opacity":"","overlay-gradient":""},"tablet":{"background-color":"","background-image":"","background-repeat":"repeat","background-position":"center center","background-size":"auto","background-attachment":"scroll","background-type":"","background-media":"","overlay-type":"","overlay-color":"","overlay-opacity":"","overlay-gradient":""},"mobile":{"background-color":"","background-image":"","background-repeat":"repeat","background-position":"center center","background-size":"auto","background-attachment":"scroll","background-type":"","background-media":"","overlay-type":"","overlay-color":"","overlay-opacity":"","overlay-gradient":""}},"ast-content-background-meta":{"desktop":{"background-color":"var(--ast-global-color-5)","background-image":"","background-repeat":"repeat","background-position":"center center","background-size":"auto","background-attachment":"scroll","background-type":"","background-media":"","overlay-type":"","overlay-color":"","overlay-opacity":"","overlay-gradient":""},"tablet":{"background-color":"var(--ast-global-color-5)","background-image":"","background-repeat":"repeat","background-position":"center center","background-size":"auto","background-attachment":"scroll","background-type":"","background-media":"","overlay-type":"","overlay-color":"","overlay-opacity":"","overlay-gradient":""},"mobile":{"background-color":"var(--ast-global-color-5)","background-image":"","background-repeat":"repeat","background-position":"center center","background-size":"auto","background-attachment":"scroll","background-type":"","background-media":"","overlay-type":"","overlay-color":"","overlay-opacity":"","overlay-gradient":""}}},"product_brand":[],"product_cat":[235],"product_tag":[],"class_list":{"0":"post-3586","1":"product","2":"type-product","3":"status-publish","4":"has-post-thumbnail","6":"product_cat-occhiali-da-lettura-glens","7":"desktop-align-center","8":"tablet-align-left","9":"mobile-align-left","11":"first","12":"instock","13":"sale","14":"taxable","15":"shipping-taxable","16":"purchasable","17":"product-type-variable"},"yoast_head":"<!-- This site is optimized with the Yoast SEO plugin v25.4 - https:\/\/yoast.com\/wordpress\/plugins\/seo\/ -->\n<title>Occhiali da lettura portatili unisex Glens - Confezione da 3 | Glens<\/title>\n<meta name=\"description\" content=\"Glens. Senza braccio, maneggevoli e leggeri, grazie al design e alle dimensioni si adattano facilmente al portafoglio e ai porta carte o si infilano semplicemente in tasca, in borsa, nel portafogli o nella custodia del cellulare.\" \/>\n<meta name=\"robots\" content=\"index, follow, max-snippet:-1, max-image-preview:large, max-video-preview:-1\" \/>\n<link rel=\"canonical\" href=\"https:\/\/glens.com\/it\/product\/occhiali-da-lettura-portatili-unisex-glens-confezione-da-3\/\" \/>\n<meta property=\"og:locale\" content=\"it_IT\" \/>\n<meta property=\"og:type\" content=\"article\" \/>\n<meta property=\"og:title\" content=\"Occhiali da lettura portatili unisex Glens - Confezione da 3 | Glens\" \/>\n<meta property=\"og:description\" content=\"Glens. Senza braccio, maneggevoli e leggeri, grazie al design e alle dimensioni si adattano facilmente al portafoglio e ai porta carte o si infilano semplicemente in tasca, in borsa, nel portafogli o nella custodia del cellulare.\" \/>\n<meta property=\"og:url\" content=\"https:\/\/glens.com\/it\/product\/occhiali-da-lettura-portatili-unisex-glens-confezione-da-3\/\" \/>\n<meta property=\"og:site_name\" content=\"Glens\" \/>\n<meta property=\"article:publisher\" content=\"https:\/\/www.facebook.com\/glensglasses\" \/>\n<meta property=\"article:modified_time\" content=\"2025-05-05T07:20:16+00:00\" \/>\n<meta property=\"og:image\" content=\"https:\/\/glens.com\/wp-content\/uploads\/2025\/01\/classicpack3-1024x750.png\" \/>\n\t<meta property=\"og:image:width\" content=\"1024\" \/>\n\t<meta property=\"og:image:height\" content=\"750\" \/>\n\t<meta property=\"og:image:type\" content=\"image\/png\" \/>\n<meta name=\"twitter:card\" content=\"summary_large_image\" \/>\n<script type=\"application\/ld+json\" class=\"yoast-schema-graph\">{\"@context\":\"https:\/\/schema.org\",\"@graph\":[{\"@type\":\"WebPage\",\"@id\":\"https:\/\/glens.com\/it\/product\/occhiali-da-lettura-portatili-unisex-glens-confezione-da-3\/\",\"url\":\"https:\/\/glens.com\/it\/product\/occhiali-da-lettura-portatili-unisex-glens-confezione-da-3\/\",\"name\":\"Occhiali da lettura portatili unisex Glens - Confezione da 3 | Glens\",\"isPartOf\":{\"@id\":\"https:\/\/glens.com\/it\/#website\"},\"primaryImageOfPage\":{\"@id\":\"https:\/\/glens.com\/it\/product\/occhiali-da-lettura-portatili-unisex-glens-confezione-da-3\/#primaryimage\"},\"image\":{\"@id\":\"https:\/\/glens.com\/it\/product\/occhiali-da-lettura-portatili-unisex-glens-confezione-da-3\/#primaryimage\"},\"thumbnailUrl\":\"https:\/\/glens.com\/wp-content\/uploads\/2025\/01\/classicpack3.png\",\"datePublished\":\"2025-01-17T15:26:37+00:00\",\"dateModified\":\"2025-05-05T07:20:16+00:00\",\"description\":\"Glens. Senza braccio, maneggevoli e leggeri, grazie al design e alle dimensioni si adattano facilmente al portafoglio e ai porta carte o si infilano semplicemente in tasca, in borsa, nel portafogli o nella custodia del cellulare.\",\"breadcrumb\":{\"@id\":\"https:\/\/glens.com\/it\/product\/occhiali-da-lettura-portatili-unisex-glens-confezione-da-3\/#breadcrumb\"},\"inLanguage\":\"it-IT\",\"potentialAction\":[{\"@type\":\"ReadAction\",\"target\":[\"https:\/\/glens.com\/it\/product\/occhiali-da-lettura-portatili-unisex-glens-confezione-da-3\/\"]}]},{\"@type\":\"ImageObject\",\"inLanguage\":\"it-IT\",\"@id\":\"https:\/\/glens.com\/it\/product\/occhiali-da-lettura-portatili-unisex-glens-confezione-da-3\/#primaryimage\",\"url\":\"https:\/\/glens.com\/wp-content\/uploads\/2025\/01\/classicpack3.png\",\"contentUrl\":\"https:\/\/glens.com\/wp-content\/uploads\/2025\/01\/classicpack3.png\",\"width\":1708,\"height\":1251,\"caption\":\"Glens Glasses\"},{\"@type\":\"BreadcrumbList\",\"@id\":\"https:\/\/glens.com\/it\/product\/occhiali-da-lettura-portatili-unisex-glens-confezione-da-3\/#breadcrumb\",\"itemListElement\":[{\"@type\":\"ListItem\",\"position\":1,\"name\":\"Pagina iniziale\",\"item\":\"https:\/\/glens.com\/it\/la-mia-pagina\/\"},{\"@type\":\"ListItem\",\"position\":2,\"name\":\"Tutti i prodotti\",\"item\":\"https:\/\/glens.com\/it\/tutti-i-prodotti\/\"},{\"@type\":\"ListItem\",\"position\":3,\"name\":\"Occhiali da lettura portatili unisex Glens &#8211; Confezione da 3\"}]},{\"@type\":\"WebSite\",\"@id\":\"https:\/\/glens.com\/it\/#website\",\"url\":\"https:\/\/glens.com\/it\/\",\"name\":\"Glens\",\"description\":\"Occhiali da lettura ultrasottili\",\"publisher\":{\"@id\":\"https:\/\/glens.com\/it\/#organization\"},\"potentialAction\":[{\"@type\":\"SearchAction\",\"target\":{\"@type\":\"EntryPoint\",\"urlTemplate\":\"https:\/\/glens.com\/it\/?s={search_term_string}\"},\"query-input\":{\"@type\":\"PropertyValueSpecification\",\"valueRequired\":true,\"valueName\":\"search_term_string\"}}],\"inLanguage\":\"it-IT\"},{\"@type\":\"Organization\",\"@id\":\"https:\/\/glens.com\/it\/#organization\",\"name\":\"Glens\",\"url\":\"https:\/\/glens.com\/it\/\",\"logo\":{\"@type\":\"ImageObject\",\"inLanguage\":\"it-IT\",\"@id\":\"https:\/\/glens.com\/it\/#\/schema\/logo\/image\/\",\"url\":\"https:\/\/glens.com\/wp-content\/uploads\/2023\/07\/glenslogo.svg\",\"contentUrl\":\"https:\/\/glens.com\/wp-content\/uploads\/2023\/07\/glenslogo.svg\",\"width\":1450,\"height\":887,\"caption\":\"Glens\"},\"image\":{\"@id\":\"https:\/\/glens.com\/it\/#\/schema\/logo\/image\/\"},\"sameAs\":[\"https:\/\/www.facebook.com\/glensglasses\",\"https:\/\/www.instagram.com\/glensglasses\/\"]}]}<\/script>\n<!-- \/ Yoast SEO plugin. -->","yoast_head_json":{"title":"Occhiali da lettura portatili unisex Glens - Confezione da 3 | Glens","description":"Glens. Senza braccio, maneggevoli e leggeri, grazie al design e alle dimensioni si adattano facilmente al portafoglio e ai porta carte o si infilano semplicemente in tasca, in borsa, nel portafogli o nella custodia del cellulare.","robots":{"index":"index","follow":"follow","max-snippet":"max-snippet:-1","max-image-preview":"max-image-preview:large","max-video-preview":"max-video-preview:-1"},"canonical":"https:\/\/glens.com\/it\/product\/occhiali-da-lettura-portatili-unisex-glens-confezione-da-3\/","og_locale":"it_IT","og_type":"article","og_title":"Occhiali da lettura portatili unisex Glens - Confezione da 3 | Glens","og_description":"Glens. Senza braccio, maneggevoli e leggeri, grazie al design e alle dimensioni si adattano facilmente al portafoglio e ai porta carte o si infilano semplicemente in tasca, in borsa, nel portafogli o nella custodia del cellulare.","og_url":"https:\/\/glens.com\/it\/product\/occhiali-da-lettura-portatili-unisex-glens-confezione-da-3\/","og_site_name":"Glens","article_publisher":"https:\/\/www.facebook.com\/glensglasses","article_modified_time":"2025-05-05T07:20:16+00:00","og_image":[{"width":1024,"height":750,"url":"https:\/\/glens.com\/wp-content\/uploads\/2025\/01\/classicpack3-1024x750.png","type":"image\/png"}],"twitter_card":"summary_large_image","schema":{"@context":"https:\/\/schema.org","@graph":[{"@type":"WebPage","@id":"https:\/\/glens.com\/it\/product\/occhiali-da-lettura-portatili-unisex-glens-confezione-da-3\/","url":"https:\/\/glens.com\/it\/product\/occhiali-da-lettura-portatili-unisex-glens-confezione-da-3\/","name":"Occhiali da lettura portatili unisex Glens - Confezione da 3 | Glens","isPartOf":{"@id":"https:\/\/glens.com\/it\/#website"},"primaryImageOfPage":{"@id":"https:\/\/glens.com\/it\/product\/occhiali-da-lettura-portatili-unisex-glens-confezione-da-3\/#primaryimage"},"image":{"@id":"https:\/\/glens.com\/it\/product\/occhiali-da-lettura-portatili-unisex-glens-confezione-da-3\/#primaryimage"},"thumbnailUrl":"https:\/\/glens.com\/wp-content\/uploads\/2025\/01\/classicpack3.png","datePublished":"2025-01-17T15:26:37+00:00","dateModified":"2025-05-05T07:20:16+00:00","description":"Glens. Senza braccio, maneggevoli e leggeri, grazie al design e alle dimensioni si adattano facilmente al portafoglio e ai porta carte o si infilano semplicemente in tasca, in borsa, nel portafogli o nella custodia del cellulare.","breadcrumb":{"@id":"https:\/\/glens.com\/it\/product\/occhiali-da-lettura-portatili-unisex-glens-confezione-da-3\/#breadcrumb"},"inLanguage":"it-IT","potentialAction":[{"@type":"ReadAction","target":["https:\/\/glens.com\/it\/product\/occhiali-da-lettura-portatili-unisex-glens-confezione-da-3\/"]}]},{"@type":"ImageObject","inLanguage":"it-IT","@id":"https:\/\/glens.com\/it\/product\/occhiali-da-lettura-portatili-unisex-glens-confezione-da-3\/#primaryimage","url":"https:\/\/glens.com\/wp-content\/uploads\/2025\/01\/classicpack3.png","contentUrl":"https:\/\/glens.com\/wp-content\/uploads\/2025\/01\/classicpack3.png","width":1708,"height":1251,"caption":"Glens Glasses"},{"@type":"BreadcrumbList","@id":"https:\/\/glens.com\/it\/product\/occhiali-da-lettura-portatili-unisex-glens-confezione-da-3\/#breadcrumb","itemListElement":[{"@type":"ListItem","position":1,"name":"Pagina iniziale","item":"https:\/\/glens.com\/it\/la-mia-pagina\/"},{"@type":"ListItem","position":2,"name":"Tutti i prodotti","item":"https:\/\/glens.com\/it\/tutti-i-prodotti\/"},{"@type":"ListItem","position":3,"name":"Occhiali da lettura portatili unisex Glens &#8211; Confezione da 3"}]},{"@type":"WebSite","@id":"https:\/\/glens.com\/it\/#website","url":"https:\/\/glens.com\/it\/","name":"Glens","description":"Occhiali da lettura ultrasottili","publisher":{"@id":"https:\/\/glens.com\/it\/#organization"},"potentialAction":[{"@type":"SearchAction","target":{"@type":"EntryPoint","urlTemplate":"https:\/\/glens.com\/it\/?s={search_term_string}"},"query-input":{"@type":"PropertyValueSpecification","valueRequired":true,"valueName":"search_term_string"}}],"inLanguage":"it-IT"},{"@type":"Organization","@id":"https:\/\/glens.com\/it\/#organization","name":"Glens","url":"https:\/\/glens.com\/it\/","logo":{"@type":"ImageObject","inLanguage":"it-IT","@id":"https:\/\/glens.com\/it\/#\/schema\/logo\/image\/","url":"https:\/\/glens.com\/wp-content\/uploads\/2023\/07\/glenslogo.svg","contentUrl":"https:\/\/glens.com\/wp-content\/uploads\/2023\/07\/glenslogo.svg","width":1450,"height":887,"caption":"Glens"},"image":{"@id":"https:\/\/glens.com\/it\/#\/schema\/logo\/image\/"},"sameAs":["https:\/\/www.facebook.com\/glensglasses","https:\/\/www.instagram.com\/glensglasses\/"]}]}},"lang":"it","translations":{"es":3174,"en":2260,"de":3359,"fr":3476,"it":3586},"_links":{"self":[{"href":"https:\/\/glens.com\/it\/wp-json\/wp\/v2\/product\/3586","targetHints":{"allow":["GET"]}}],"collection":[{"href":"https:\/\/glens.com\/it\/wp-json\/wp\/v2\/product"}],"about":[{"href":"https:\/\/glens.com\/it\/wp-json\/wp\/v2\/types\/product"}],"wp:featuredmedia":[{"embeddable":true,"href":"https:\/\/glens.com\/it\/wp-json\/wp\/v2\/media\/2281"}],"wp:attachment":[{"href":"https:\/\/glens.com\/it\/wp-json\/wp\/v2\/media?parent=3586"}],"wp:term":[{"taxonomy":"product_brand","embeddable":true,"href":"https:\/\/glens.com\/it\/wp-json\/wp\/v2\/product_brand?post=3586"},{"taxonomy":"product_cat","embeddable":true,"href":"https:\/\/glens.com\/it\/wp-json\/wp\/v2\/product_cat?post=3586"},{"taxonomy":"product_tag","embeddable":true,"href":"https:\/\/glens.com\/it\/wp-json\/wp\/v2\/product_tag?post=3586"}],"curies":[{"name":"wp","href":"https:\/\/api.w.org\/{rel}","templated":true}]}}