{"id":3741,"date":"2023-07-24T18:13:18","date_gmt":"2023-07-24T18:13:18","guid":{"rendered":"https:\/\/glens.com\/?page_id=3741"},"modified":"2025-02-24T12:54:25","modified_gmt":"2025-02-24T12:54:25","slug":"privilegi-della-polizia","status":"publish","type":"page","link":"https:\/\/glens.com\/it\/privilegi-della-polizia\/","title":{"rendered":"Privilegi della polizia"},"content":{"rendered":"<div data-elementor-type=\"wp-page\" data-elementor-id=\"3741\" class=\"elementor elementor-3741\" data-elementor-post-type=\"page\">\n\t\t\t\t\t\t<section class=\"elementor-section elementor-top-section elementor-element elementor-element-a15be6f elementor-section-boxed elementor-section-height-default elementor-section-height-default\" data-id=\"a15be6f\" data-element_type=\"section\" data-settings=\"{&quot;background_background&quot;:&quot;classic&quot;}\">\n\t\t\t\t\t\t\t<div class=\"elementor-background-overlay\"><\/div>\n\t\t\t\t\t\t\t<div class=\"elementor-container elementor-column-gap-no\">\n\t\t\t\t\t<div class=\"elementor-column elementor-col-100 elementor-top-column elementor-element elementor-element-730740d\" data-id=\"730740d\" data-element_type=\"column\">\n\t\t\t<div class=\"elementor-widget-wrap elementor-element-populated\">\n\t\t\t\t\t<div class=\"elementor-background-overlay\"><\/div>\n\t\t\t\t\t\t<section class=\"elementor-section elementor-inner-section elementor-element elementor-element-7d33a35 elementor-section-boxed elementor-section-height-default elementor-section-height-default\" data-id=\"7d33a35\" data-element_type=\"section\">\n\t\t\t\t\t\t<div class=\"elementor-container elementor-column-gap-no\">\n\t\t\t\t\t<div class=\"elementor-column elementor-col-100 elementor-inner-column elementor-element elementor-element-8ad5f30\" data-id=\"8ad5f30\" data-element_type=\"column\">\n\t\t\t<div class=\"elementor-widget-wrap elementor-element-populated\">\n\t\t\t\t\t\t\t<\/div>\n\t\t<\/div>\n\t\t\t\t\t<\/div>\n\t\t<\/section>\n\t\t\t\t\t<\/div>\n\t\t<\/div>\n\t\t\t\t\t<\/div>\n\t\t<\/section>\n\t\t\t\t<section class=\"elementor-section elementor-top-section elementor-element elementor-element-3b4220f elementor-section-boxed elementor-section-height-default elementor-section-height-default\" data-id=\"3b4220f\" data-element_type=\"section\">\n\t\t\t\t\t\t<div class=\"elementor-container elementor-column-gap-default\">\n\t\t\t\t\t<div class=\"elementor-column elementor-col-100 elementor-top-column elementor-element elementor-element-8bf8739\" data-id=\"8bf8739\" data-element_type=\"column\">\n\t\t\t<div class=\"elementor-widget-wrap elementor-element-populated\">\n\t\t\t\t\t\t<div class=\"elementor-element elementor-element-e4e7453 elementor-widget elementor-widget-text-editor\" data-id=\"e4e7453\" data-element_type=\"widget\" data-widget_type=\"text-editor.default\">\n\t\t\t\t<div class=\"elementor-widget-container\">\n\t\t\t\t\t\t\t\t\t<div class=\"elementor-element elementor-element-bcee1ad e-flex e-con-boxed e-con e-parent e-lazyloaded\" data-id=\"bcee1ad\" data-element_type=\"container\"><div class=\"e-con-inner\"><div class=\"elementor-element elementor-element-2fd0273 e-con-full e-flex e-con e-child\" data-id=\"2fd0273\" data-element_type=\"container\" data-settings=\"{&quot;background_background&quot;:&quot;classic&quot;}\"><div class=\"elementor-element elementor-element-f9cd252 elementor-widget elementor-widget-text-editor\" data-id=\"f9cd252\" data-element_type=\"widget\" data-widget_type=\"text-editor.default\"><div class=\"elementor-widget-container\"><p>Per la nostra azienda \u00e8 importante rispettare la tua privacy e rispettare tutte le leggi e i regolamenti applicabili in merito a qualsiasi informazione personale che potremmo raccogliere su di te quando visiti il \u200b\u200bnostro sito web. Utilizzando il nostro sito web, accetti che raccogliamo e utilizziamo i tuoi dati in conformit\u00e0 con questa informativa sulla privacy.<\/p><p>Con questa informativa sulla privacy, vorremmo spiegarti quali dati raccogliamo, come li utilizziamo e quali sono i tuoi diritti per proteggere i tuoi dati. L&#8217;informativa si applica solo al nostro sito web e ai suoi visitatori e non si applica ai dati raccolti tramite altri canali.<\/p><p>Il responsabile del trattamento dei tuoi dati \u00e8 Glens O\u00dc<br \/>Numero di registrazione aziendale: 16404939<br \/>E-mail: sales@glens.ee<br \/>Numero di telefono: +372-600-93-66<\/p><p>Raccogliamo ed elaboriamo le informazioni in conformit\u00e0 con il Regolamento generale sulla protezione dei dati (GDPR) dell&#8217;Unione Europea, entrato in vigore il 25.05.2018. Raccolta e utilizzo dei dati<br \/>Quali dati raccogliamo<\/p><p>Le informazioni che raccogliamo includono informazioni che ci fornisci consapevolmente e attivamente quando utilizzi o partecipi ai nostri servizi o promozioni, nonch\u00e9 qualsiasi informazione che i tuoi dispositivi inviano quando accedi ai nostri prodotti e servizi.<\/p><p>I dati che raccogliamo includono informazioni che hai consapevolmente condiviso con noi quando utilizzi i nostri servizi o campagne e informazioni che i tuoi dispositivi ci trasmettono automaticamente.<\/p><p>I tuoi dati personali possono raggiungerci nei seguenti modi:<\/p><p>Se ci contatti tramite telefono, e-mail o chat online<br \/>Quando navighi su una pagina web<br \/>Se commenti, metti &#8220;Mi piace&#8221; o condividi un post sul nostro account social media<br \/>Se ti iscrivi alla nostra newsletter<br \/>Quando commenti i post sul nostro sito web<\/p><p>Tipi di dati raccolti<br \/>Dati personali<\/p><p>Ti chiediamo informazioni personali solo se \u00e8 necessario per fornirti il \u200b\u200bservizio. Contattandoci o visitando il nostro sito web, potresti condividere con noi le seguenti informazioni:<\/p><p>Nome e cognome<br \/>Indirizzo e-mail<br \/>Numero di telefono<br \/>Cronologia chat tra te e noi<\/p><p>File di registro<\/p><p>Il nostro sito web salva file di registro sui suoi visitatori. Le informazioni raccolte possono includere:<\/p><p>Il tipo di dispositivo che stai utilizzando<br \/>Indirizzo IP (Internet Protocol)<br \/>Tipo di browser<br \/>Fornitore di servizi Internet (ISP)<br \/>Data e ora della visita al sito Web<br \/>Pagina di ingresso e di uscita Numero di clic sulla pagina Web<\/p><p>Le informazioni nei file di registro vengono utilizzate per analizzare le tendenze, amministrare il sito Web, monitorare le attivit\u00e0 dei visitatori del sito Web e raccogliere informazioni demografiche. Le informazioni ricevute non sono destinate a, n\u00e9 consentono, l&#8217;identificazione di una persona.<br \/>Cookie<\/p><p>Come la maggior parte dei siti Web, anche il nostro sito Web utilizza &#8220;cookie&#8221;. Un cookie \u00e8 essenzialmente un file di testo che viene memorizzato sul dispositivo dell&#8217;utente quando visita un sito Web. I cookie vengono utilizzati per determinare e salvare preferenze, impostazioni regionali, opzioni per l&#8217;utilizzo dei servizi, ecc.<\/p><p>Se lo desideri, puoi disattivare l&#8217;utilizzo dei cookie nelle impostazioni del browser, ma in questo caso \u00e8 possibile che il servizio offerto venga interrotto.<\/p><p>I cookie si dividono in cookie persistenti e di sessione. I cookie persistenti rimangono sul tuo PC o dispositivo mobile anche dopo aver chiuso il browser o il computer. Tuttavia, i cookie di sessione vengono eliminati immediatamente dopo la chiusura del browser.<\/p><p>I cookie sono suddivisi in base al loro scopo:<\/p><p>Cookie necessari. Cookie di sessione, il cui scopo \u00e8 di consentirti di utilizzare i servizi offerti sul nostro sito web. Questi cookie aiutano ad autenticare gli utenti e a prevenire l&#8217;uso dannoso degli account utente. Senza questi cookie, non possiamo offrirti i servizi desiderati.<\/p><p>Cookie di notifica. Questi cookie identificano se gli utenti hanno accettato l&#8217;uso dei cookie sul sito web.<\/p><p>Cookie di funzionalit\u00e0. Questi cookie consentono al tuo browser di ricordare le scelte che fai quando utilizzi il sito web, come il salvataggio dei tuoi dati di accesso o le preferenze di lingua. Lo scopo di questi cookie \u00e8 di fornirti un&#8217;esperienza pi\u00f9 personalizzata e di impedirti di reinserire le tue preferenze. Come utilizziamo i dati<\/p><p>Potremmo utilizzare le informazioni raccolte per vari scopi, tra cui:<\/p><p>Per mantenere, gestire, sviluppare, personalizzare ed espandere il nostro sito Web<br \/>Per raccogliere statistiche in modo da poter fornire servizi e\/o offerte migliori e comprendere e analizzare il comportamento dei visitatori del nostro sito Web<br \/>Per identificarti tramite telefono, SMS o e-mail<br \/>Quando ti inviamo informazioni e chiediamo feedback sui nostri servizi<br \/>Per prevenire frodi e proteggere il nostro sito Web<br \/>Per consentirci di connetterci con te tramite un account di social media<br \/>Per consentire la lettura della cronologia della chat per accelerare la fornitura di consigli pertinenti<br \/>Con l&#8217;obiettivo di migliorare la qualit\u00e0 del nostro servizio e fornire soluzioni di navigazione pi\u00f9 efficienti<br \/>Per sviluppare nuovi prodotti, servizi o migliorarne la funzionalit\u00e0<br \/>Per semplificare e accelerare le interazioni tra noi quando ci contatti<br \/>Per altri scopi. Ad esempio, per analizzare dati, ricercare tendenze, valutare l&#8217;efficacia delle nostre campagne pubblicitarie.<\/p><p>In quali casi \u00e8 possibile che condividiamo i tuoi dati<\/p><p>Potremmo condividere o trasferire i tuoi dati personali in relazione a un cambio di propriet\u00e0, fusione, vendita di asset, finanziamento o acquisizione della nostra azienda. Ti informeremo sulla trasmissione dei tuoi dati personali e quando si applicheranno le disposizioni di un&#8217;altra informativa sulla privacy.<br \/>Potremmo condividere i tuoi dati con le nostre aziende partner, richiedendo loro di rispettare la presente informativa sulla privacy. Le aziende affiliate includono le nostre societ\u00e0 madri e sussidiarie, partner di joint venture o aziende di nostra propriet\u00e0.<br \/>Potremmo condividere i tuoi dati con i nostri partner commerciali per offrirti determinati prodotti, servizi o promozioni.<br \/>Potremmo, con il tuo consenso, divulgare i tuoi dati personali per qualsiasi altro scopo.<br \/>Siamo obbligati a divulgare i tuoi dati personali se richiesto dalla legge. In buona fede, potremmo anche divulgare i tuoi dati per ottemperare agli obblighi legali, per proteggere i nostri diritti o propriet\u00e0, per prevenire o rilevare possibili violazioni della legge relative all&#8217;uso del nostro servizio e per garantire la sicurezza degli utenti del servizio.<\/p><p>Conservazione dei tuoi dati personali<\/p><p>La Societ\u00e0 conserver\u00e0 i tuoi dati personali solo per il tempo necessario agli scopi indicati nella presente Informativa sulla privacy. Conserviamo e utilizziamo le tue informazioni personali nella misura necessaria per ottemperare ai nostri obblighi legali (ad esempio, se dobbiamo conservare le tue informazioni per ottemperare alle leggi applicabili), per risolvere controversie e per far rispettare i nostri accordi e le nostre politiche legali.<\/p><p>La Societ\u00e0 conserva anche file di registro per scopi di analisi interna. I file di registro vengono solitamente conservati per un periodo di tempo pi\u00f9 breve, a meno che i dati non vengano utilizzati per rafforzare la sicurezza o migliorare la funzionalit\u00e0 del nostro servizio, o non siamo tenuti per legge a conservare i dati per un periodo di tempo pi\u00f9 lungo.<br \/>Elaborazione dei dati dei bambini<\/p><p>Nessuno dei nostri prodotti o servizi \u00e8 rivolto a bambini di et\u00e0 inferiore a 13 anni e non raccogliamo consapevolmente informazioni da bambini di et\u00e0 inferiore a 13 anni. Se sospettiamo di elaborare i dati di una persona di et\u00e0 inferiore a 13 anni, rimuoveremo tale persona da tutti i nostri database. I tuoi diritti per proteggere i tuoi dati<\/p><p>Hai sempre il diritto di non condividere i tuoi dati con noi, sapendo che ci\u00f2 potrebbe influenzare la tua esperienza sul nostro sito web. Se scegli di non condividere i tuoi dati con noi, non ti tratteremo in modo diverso per questo motivo. Quando ci fornisci informazioni personali, comprendi che le raccoglieremo, memorizzeremo, utilizzeremo e divulgheremo in conformit\u00e0 con la presente Informativa sulla privacy. Hai il diritto di richiedere i dettagli dei dati raccolti su di te.<\/p><p>Quando riceviamo informazioni personali su di te da una terza parte, le proteggiamo in conformit\u00e0 con la presente Informativa sulla privacy e la legge della Repubblica di Estonia. Se condividi tu stesso dati di terze parti, confermi di avere anche il diritto e l&#8217;autorizzazione per farlo.<\/p><p>Anche se hai precedentemente accettato di condividere i tuoi dati personali con noi per scopi di marketing, hai il diritto di cambiare idea in qualsiasi momento. Hai sempre il diritto di interrompere la comunicazione con noi e di richiedere che rimuoviamo i tuoi dati dai nostri database. Di tanto in tanto, potremmo anche chiederti informazioni su di te per verificare la tua identit\u00e0. Se ritieni che i dati che abbiamo raccolto su di te siano inesatti, obsoleti, incompleti, irrilevanti o fuorvianti, ti preghiamo di contattarci via e-mail: sales@glens.ee o telefonicamente: +372-600-93-66. Faremo tutto il possibile per correggere informazioni inesatte, incomplete, fuorvianti o obsolete.<\/p><p>Se ritieni che abbiamo violato la legge sulla protezione dei dati pertinente e desideri sporgere reclamo, ti preghiamo di contattarci utilizzando i dettagli di contatto riportati in questo documento e di fornirci tutti i dettagli della violazione. Indagheremo tempestivamente sul tuo reclamo e ti risponderemo per iscritto con i risultati della nostra indagine e le misure che adotteremo per risolvere il tuo reclamo. Hai anche il diritto di contattare l&#8217;autorit\u00e0 di regolamentazione o l&#8217;autorit\u00e0 per la protezione dei dati.<\/p><p>Diritti di protezione dei dati GDPR<\/p><p>Vogliamo assicurarci che tu sia a conoscenza di tutti i tuoi diritti di protezione dei dati. Ogni utente della pagina ha diritto alle seguenti condizioni:<\/p><p>Diritto di accesso: hai il diritto di richiedere copie dei tuoi dati personali.<br \/>Diritto alla rettifica dei dati: hai il diritto di richiedere che correggiamo i dati che ritieni inesatti. Hai anche il diritto di richiedere che integriamo i dati che ritieni incompleti.<br \/>Diritto alla cancellazione: in determinate condizioni, hai il diritto di richiedere la cancellazione dei tuoi dati personali.<br \/>Diritto alla limitazione del trattamento dei dati: in determinate condizioni, hai il diritto di richiedere la limitazione dell&#8217;uso dei tuoi dati personali.<br \/>Diritto di opporsi all&#8217;uso delle tue informazioni personali: hai il diritto di opporti all&#8217;uso delle tue informazioni personali in determinate condizioni.<br \/>Diritto alla portabilit\u00e0 dei dati: in determinate circostanze, hai il diritto di richiedere che trasferiamo i dati che raccogliamo a una terza parte o direttamente a te.<\/p><p>Sicurezza dei tuoi dati<\/p><p>La sicurezza dei tuoi dati personali \u00e8 importante per noi, ma tieni presente che nessun metodo di scambio di informazioni su Internet o alcun metodo di archiviazione elettronica \u00e8 sicuro al 100%. Sebbene facciamo del nostro meglio per proteggere i tuoi dati, non possiamo garantirne la completa sicurezza.<\/p><p>La nostra azienda adotta tutte le misure ragionevolmente necessarie per garantire che i tuoi dati siano elaborati in modo sicuro e in conformit\u00e0 con questa informativa sulla privacy e la legge della Repubblica di Estonia. I tuoi dati non saranno trasferiti a nessuna organizzazione o paese, a meno che non vi sia una ragione valida per questo e la sicurezza dei tuoi dati sia garantita.<br \/>Collegamento ad altri siti Web<\/p><p>Sul nostro sito Web potresti trovare collegamenti ad altri siti Web che non sono di nostra propriet\u00e0. Quando clicchi su un collegamento di terze parti, verrai indirizzato a quel sito di terze parti. Ti consigliamo vivamente di leggere l&#8217;informativa sulla privacy di ogni sito che visiti.<\/p><p>Non abbiamo alcun controllo sui siti di terze parti e non siamo responsabili del loro contenuto, delle informative sulla privacy, dei servizi forniti o altro.<br \/>Aggiornamenti dell&#8217;informativa sulla privacy<\/p><p>Se necessario, abbiamo il diritto di apportare modifiche al presente documento di informativa sulla privacy. Quando l&#8217;informativa sulla privacy viene aggiornata, cambieremo la data di aggiornamento del documento in fondo. Se continui a visitare e utilizzare il nostro sito Web dopo che l&#8217;informativa sulla privacy \u00e8 stata aggiornata, considereremo ci\u00f2 come il tuo tacito consenso alle modifiche.<\/p><p>\u00a0<\/p><\/div><\/div><\/div><\/div><\/div>\t\t\t\t\t\t\t\t<\/div>\n\t\t\t\t<\/div>\n\t\t\t\t\t<\/div>\n\t\t<\/div>\n\t\t\t\t\t<\/div>\n\t\t<\/section>\n\t\t\t\t<\/div>","protected":false},"excerpt":{"rendered":"<p>Per la nostra azienda \u00e8 importante rispettare la tua privacy e rispettare tutte le leggi e i regolamenti applicabili in merito a qualsiasi informazione personale che potremmo raccogliere su di te quando visiti il \u200b\u200bnostro sito web. Utilizzando il nostro sito web, accetti che raccogliamo e utilizziamo i tuoi dati in conformit\u00e0 con questa informativa [&hellip;]<\/p>","protected":false},"author":1,"featured_media":0,"parent":0,"menu_order":0,"comment_status":"closed","ping_status":"closed","template":"","meta":{"site-sidebar-layout":"no-sidebar","site-content-layout":"page-builder","ast-site-content-layout":"full-width-container","site-content-style":"unboxed","site-sidebar-style":"unboxed","ast-global-header-display":"","ast-banner-title-visibility":"","ast-main-header-display":"","ast-hfb-above-header-display":"","ast-hfb-below-header-display":"","ast-hfb-mobile-header-display":"","site-post-title":"disabled","ast-breadcrumbs-content":"","ast-featured-img":"disabled","footer-sml-layout":"","theme-transparent-header-meta":"","adv-header-id-meta":"","stick-header-meta":"","header-above-stick-meta":"","header-main-stick-meta":"","header-below-stick-meta":"","astra-migrate-meta-layouts":"set","ast-page-background-enabled":"default","ast-page-background-meta":{"desktop":{"background-color":"var(--ast-global-color-4)","background-image":"","background-repeat":"repeat","background-position":"center center","background-size":"auto","background-attachment":"scroll","background-type":"","background-media":"","overlay-type":"","overlay-color":"","overlay-opacity":"","overlay-gradient":""},"tablet":{"background-color":"","background-image":"","background-repeat":"repeat","background-position":"center center","background-size":"auto","background-attachment":"scroll","background-type":"","background-media":"","overlay-type":"","overlay-color":"","overlay-opacity":"","overlay-gradient":""},"mobile":{"background-color":"","background-image":"","background-repeat":"repeat","background-position":"center center","background-size":"auto","background-attachment":"scroll","background-type":"","background-media":"","overlay-type":"","overlay-color":"","overlay-opacity":"","overlay-gradient":""}},"ast-content-background-meta":{"desktop":{"background-color":"var(--ast-global-color-5)","background-image":"","background-repeat":"repeat","background-position":"center center","background-size":"auto","background-attachment":"scroll","background-type":"","background-media":"","overlay-type":"","overlay-color":"","overlay-opacity":"","overlay-gradient":""},"tablet":{"background-color":"var(--ast-global-color-5)","background-image":"","background-repeat":"repeat","background-position":"center center","background-size":"auto","background-attachment":"scroll","background-type":"","background-media":"","overlay-type":"","overlay-color":"","overlay-opacity":"","overlay-gradient":""},"mobile":{"background-color":"var(--ast-global-color-5)","background-image":"","background-repeat":"repeat","background-position":"center center","background-size":"auto","background-attachment":"scroll","background-type":"","background-media":"","overlay-type":"","overlay-color":"","overlay-opacity":"","overlay-gradient":""}},"footnotes":""},"class_list":["post-3741","page","type-page","status-publish","hentry"],"yoast_head":"<!-- This site is optimized with the Yoast SEO plugin v25.4 - https:\/\/yoast.com\/wordpress\/plugins\/seo\/ -->\n<title>| Glens<\/title>\n<meta name=\"description\" content=\"Glens.\" \/>\n<meta name=\"robots\" content=\"noindex, follow\" \/>\n<meta property=\"og:locale\" content=\"it_IT\" \/>\n<meta property=\"og:type\" content=\"article\" \/>\n<meta property=\"og:title\" content=\"| Glens\" \/>\n<meta property=\"og:description\" content=\"Glens.\" \/>\n<meta property=\"og:url\" content=\"https:\/\/glens.com\/it\/privilegi-della-polizia\/\" \/>\n<meta property=\"og:site_name\" content=\"Glens\" \/>\n<meta property=\"article:publisher\" content=\"https:\/\/www.facebook.com\/glensglasses\" \/>\n<meta property=\"article:modified_time\" content=\"2025-02-24T12:54:25+00:00\" \/>\n<meta name=\"twitter:card\" content=\"summary_large_image\" \/>\n<script type=\"application\/ld+json\" class=\"yoast-schema-graph\">{\"@context\":\"https:\/\/schema.org\",\"@graph\":[{\"@type\":\"WebPage\",\"@id\":\"https:\/\/glens.com\/it\/privilegi-della-polizia\/\",\"url\":\"https:\/\/glens.com\/it\/privilegi-della-polizia\/\",\"name\":\"| Glens\",\"isPartOf\":{\"@id\":\"https:\/\/glens.com\/it\/#website\"},\"datePublished\":\"2023-07-24T18:13:18+00:00\",\"dateModified\":\"2025-02-24T12:54:25+00:00\",\"description\":\"Glens.\",\"breadcrumb\":{\"@id\":\"https:\/\/glens.com\/it\/privilegi-della-polizia\/#breadcrumb\"},\"inLanguage\":\"it-IT\",\"potentialAction\":[{\"@type\":\"ReadAction\",\"target\":[\"https:\/\/glens.com\/it\/privilegi-della-polizia\/\"]}]},{\"@type\":\"BreadcrumbList\",\"@id\":\"https:\/\/glens.com\/it\/privilegi-della-polizia\/#breadcrumb\",\"itemListElement\":[{\"@type\":\"ListItem\",\"position\":1,\"name\":\"Pagina iniziale\",\"item\":\"https:\/\/glens.com\/it\/la-mia-pagina\/\"},{\"@type\":\"ListItem\",\"position\":2,\"name\":\"Privilegi della polizia\"}]},{\"@type\":\"WebSite\",\"@id\":\"https:\/\/glens.com\/it\/#website\",\"url\":\"https:\/\/glens.com\/it\/\",\"name\":\"Glens\",\"description\":\"Occhiali da lettura ultrasottili\",\"publisher\":{\"@id\":\"https:\/\/glens.com\/it\/#organization\"},\"potentialAction\":[{\"@type\":\"SearchAction\",\"target\":{\"@type\":\"EntryPoint\",\"urlTemplate\":\"https:\/\/glens.com\/it\/?s={search_term_string}\"},\"query-input\":{\"@type\":\"PropertyValueSpecification\",\"valueRequired\":true,\"valueName\":\"search_term_string\"}}],\"inLanguage\":\"it-IT\"},{\"@type\":\"Organization\",\"@id\":\"https:\/\/glens.com\/it\/#organization\",\"name\":\"Glens\",\"url\":\"https:\/\/glens.com\/it\/\",\"logo\":{\"@type\":\"ImageObject\",\"inLanguage\":\"it-IT\",\"@id\":\"https:\/\/glens.com\/it\/#\/schema\/logo\/image\/\",\"url\":\"https:\/\/glens.com\/wp-content\/uploads\/2023\/07\/glenslogo.svg\",\"contentUrl\":\"https:\/\/glens.com\/wp-content\/uploads\/2023\/07\/glenslogo.svg\",\"width\":1450,\"height\":887,\"caption\":\"Glens\"},\"image\":{\"@id\":\"https:\/\/glens.com\/it\/#\/schema\/logo\/image\/\"},\"sameAs\":[\"https:\/\/www.facebook.com\/glensglasses\",\"https:\/\/www.instagram.com\/glensglasses\/\"]}]}<\/script>\n<!-- \/ Yoast SEO plugin. -->","yoast_head_json":{"title":"| Glens","description":"Glens.","robots":{"index":"noindex","follow":"follow"},"og_locale":"it_IT","og_type":"article","og_title":"| Glens","og_description":"Glens.","og_url":"https:\/\/glens.com\/it\/privilegi-della-polizia\/","og_site_name":"Glens","article_publisher":"https:\/\/www.facebook.com\/glensglasses","article_modified_time":"2025-02-24T12:54:25+00:00","twitter_card":"summary_large_image","schema":{"@context":"https:\/\/schema.org","@graph":[{"@type":"WebPage","@id":"https:\/\/glens.com\/it\/privilegi-della-polizia\/","url":"https:\/\/glens.com\/it\/privilegi-della-polizia\/","name":"| Glens","isPartOf":{"@id":"https:\/\/glens.com\/it\/#website"},"datePublished":"2023-07-24T18:13:18+00:00","dateModified":"2025-02-24T12:54:25+00:00","description":"Glens.","breadcrumb":{"@id":"https:\/\/glens.com\/it\/privilegi-della-polizia\/#breadcrumb"},"inLanguage":"it-IT","potentialAction":[{"@type":"ReadAction","target":["https:\/\/glens.com\/it\/privilegi-della-polizia\/"]}]},{"@type":"BreadcrumbList","@id":"https:\/\/glens.com\/it\/privilegi-della-polizia\/#breadcrumb","itemListElement":[{"@type":"ListItem","position":1,"name":"Pagina iniziale","item":"https:\/\/glens.com\/it\/la-mia-pagina\/"},{"@type":"ListItem","position":2,"name":"Privilegi della polizia"}]},{"@type":"WebSite","@id":"https:\/\/glens.com\/it\/#website","url":"https:\/\/glens.com\/it\/","name":"Glens","description":"Occhiali da lettura ultrasottili","publisher":{"@id":"https:\/\/glens.com\/it\/#organization"},"potentialAction":[{"@type":"SearchAction","target":{"@type":"EntryPoint","urlTemplate":"https:\/\/glens.com\/it\/?s={search_term_string}"},"query-input":{"@type":"PropertyValueSpecification","valueRequired":true,"valueName":"search_term_string"}}],"inLanguage":"it-IT"},{"@type":"Organization","@id":"https:\/\/glens.com\/it\/#organization","name":"Glens","url":"https:\/\/glens.com\/it\/","logo":{"@type":"ImageObject","inLanguage":"it-IT","@id":"https:\/\/glens.com\/it\/#\/schema\/logo\/image\/","url":"https:\/\/glens.com\/wp-content\/uploads\/2023\/07\/glenslogo.svg","contentUrl":"https:\/\/glens.com\/wp-content\/uploads\/2023\/07\/glenslogo.svg","width":1450,"height":887,"caption":"Glens"},"image":{"@id":"https:\/\/glens.com\/it\/#\/schema\/logo\/image\/"},"sameAs":["https:\/\/www.facebook.com\/glensglasses","https:\/\/www.instagram.com\/glensglasses\/"]}]}},"lang":"it","translations":{"es":3096,"en":341,"de":3248,"fr":3692,"it":3741},"_links":{"self":[{"href":"https:\/\/glens.com\/it\/wp-json\/wp\/v2\/pages\/3741","targetHints":{"allow":["GET"]}}],"collection":[{"href":"https:\/\/glens.com\/it\/wp-json\/wp\/v2\/pages"}],"about":[{"href":"https:\/\/glens.com\/it\/wp-json\/wp\/v2\/types\/page"}],"author":[{"embeddable":true,"href":"https:\/\/glens.com\/it\/wp-json\/wp\/v2\/users\/1"}],"replies":[{"embeddable":true,"href":"https:\/\/glens.com\/it\/wp-json\/wp\/v2\/comments?post=3741"}],"version-history":[{"count":0,"href":"https:\/\/glens.com\/it\/wp-json\/wp\/v2\/pages\/3741\/revisions"}],"wp:attachment":[{"href":"https:\/\/glens.com\/it\/wp-json\/wp\/v2\/media?parent=3741"}],"curies":[{"name":"wp","href":"https:\/\/api.w.org\/{rel}","templated":true}]}}