{"id":3493,"date":"2025-01-17T12:43:05","date_gmt":"2025-01-17T12:43:05","guid":{"rendered":"https:\/\/glens.com\/?post_type=product&#038;p=3493"},"modified":"2025-05-05T07:12:32","modified_gmt":"2025-05-05T07:12:32","slug":"etui-porte-cles-ultra-fin-pour-lunettes-de-lecture","status":"publish","type":"product","link":"https:\/\/glens.com\/fr\/product\/etui-porte-cles-ultra-fin-pour-lunettes-de-lecture\/","title":{"rendered":"\u00c9tui porte-cl\u00e9s ultra fin pour lunettes de lecture"},"content":{"rendered":"<p>Sans bras, pratique et l\u00e9ger. Gr\u00e2ce \u00e0 leur conception et \u00e0 leur taille, ils se glissent facilement dans votre portefeuille et vos porte-cartes ou se glissent simplement dans votre poche, votre sac et votre sac \u00e0 main. Fonctionnels, mais chics et \u00e9l\u00e9gants, ils se fixent facilement aux sacs, aux boutons de chemises et aux cl\u00e9s et s&#8217;emportent simplement partout. Tenue remarquable gr\u00e2ce \u00e0 la conception innovante de l&#8217;attache et facile \u00e0 retirer.<\/p>\n<ul>\n<li>Dimension\u00a0: 85 mm x 25 mm x 5 mm<\/li>\n<li>Poids\u00a0: seulement un gramme<\/li>\n<li>Fabriqu\u00e9 au Royaume-Uni<\/li>\n<li>Couleurs\u00a0: vert, blanc, rouge et beige<\/li>\n<li>Anneau m\u00e9tallique de 5 mm pour attacher des crochets en caoutchouc ou en m\u00e9tal avec fixation par bouton ou fermeture \u00e9clair<\/li>\n<\/ul>\n<div class=\"ast-oembed-container\" style=\"height: 100%;\"><iframe title=\"Glens Reading Glasses Case\" width=\"500\" height=\"375\" src=\"https:\/\/www.youtube.com\/embed\/uWWM_H9-NtQ?feature=oembed\" frameborder=\"0\" allow=\"accelerometer; autoplay; clipboard-write; encrypted-media; gyroscope; picture-in-picture; web-share\" referrerpolicy=\"strict-origin-when-cross-origin\" allowfullscreen><\/iframe><\/div>","protected":false},"excerpt":{"rendered":"<p>Sans bras, pratique et l\u00e9ger. Gr\u00e2ce \u00e0 leur conception et \u00e0 leur taille, ils se glissent facilement dans votre portefeuille et vos porte-cartes ou se glissent simplement dans votre poche, votre sac et votre sac \u00e0 main. Fonctionnels, mais chics et \u00e9l\u00e9gants, ils se fixent facilement aux sacs, aux boutons de chemises et aux cl\u00e9s [&hellip;]<\/p>","protected":false},"featured_media":2146,"template":"","meta":{"site-sidebar-layout":"default","site-content-layout":"default","ast-site-content-layout":"default","site-content-style":"default","site-sidebar-style":"default","ast-global-header-display":"","ast-banner-title-visibility":"","ast-main-header-display":"","ast-hfb-above-header-display":"","ast-hfb-below-header-display":"","ast-hfb-mobile-header-display":"","site-post-title":"","ast-breadcrumbs-content":"","ast-featured-img":"","footer-sml-layout":"","theme-transparent-header-meta":"default","adv-header-id-meta":"","stick-header-meta":"","header-above-stick-meta":"","header-main-stick-meta":"","header-below-stick-meta":"","astra-migrate-meta-layouts":"set","ast-page-background-enabled":"default","ast-page-background-meta":{"desktop":{"background-color":"var(--ast-global-color-4)","background-image":"","background-repeat":"repeat","background-position":"center center","background-size":"auto","background-attachment":"scroll","background-type":"","background-media":"","overlay-type":"","overlay-color":"","overlay-opacity":"","overlay-gradient":""},"tablet":{"background-color":"","background-image":"","background-repeat":"repeat","background-position":"center center","background-size":"auto","background-attachment":"scroll","background-type":"","background-media":"","overlay-type":"","overlay-color":"","overlay-opacity":"","overlay-gradient":""},"mobile":{"background-color":"","background-image":"","background-repeat":"repeat","background-position":"center center","background-size":"auto","background-attachment":"scroll","background-type":"","background-media":"","overlay-type":"","overlay-color":"","overlay-opacity":"","overlay-gradient":""}},"ast-content-background-meta":{"desktop":{"background-color":"var(--ast-global-color-5)","background-image":"","background-repeat":"repeat","background-position":"center center","background-size":"auto","background-attachment":"scroll","background-type":"","background-media":"","overlay-type":"","overlay-color":"","overlay-opacity":"","overlay-gradient":""},"tablet":{"background-color":"var(--ast-global-color-5)","background-image":"","background-repeat":"repeat","background-position":"center center","background-size":"auto","background-attachment":"scroll","background-type":"","background-media":"","overlay-type":"","overlay-color":"","overlay-opacity":"","overlay-gradient":""},"mobile":{"background-color":"var(--ast-global-color-5)","background-image":"","background-repeat":"repeat","background-position":"center center","background-size":"auto","background-attachment":"scroll","background-type":"","background-media":"","overlay-type":"","overlay-color":"","overlay-opacity":"","overlay-gradient":""}}},"product_brand":[],"product_cat":[225],"product_tag":[],"class_list":{"0":"post-3493","1":"product","2":"type-product","3":"status-publish","4":"has-post-thumbnail","6":"product_cat-accessoires","7":"desktop-align-center","8":"tablet-align-left","9":"mobile-align-left","11":"first","12":"instock","13":"sale","14":"taxable","15":"shipping-taxable","16":"purchasable","17":"product-type-variable"},"yoast_head":"<!-- This site is optimized with the Yoast SEO plugin v25.4 - https:\/\/yoast.com\/wordpress\/plugins\/seo\/ -->\n<title>\u00c9tui porte-cl\u00e9s ultra fin pour lunettes de lecture | Glens<\/title>\n<meta name=\"description\" content=\"Glens. Sans manche, pratiques et l\u00e9gers. Gr\u00e2ce \u00e0 leur conception et \u00e0 leur taille, ils se glissent facilement dans votre portefeuille et vos porte-cartes ou se glissent simplement dans votre poche, votre sac et votre sac \u00e0 main.\" \/>\n<meta name=\"robots\" content=\"index, follow, max-snippet:-1, max-image-preview:large, max-video-preview:-1\" \/>\n<link rel=\"canonical\" href=\"https:\/\/glens.com\/fr\/product\/etui-porte-cles-ultra-fin-pour-lunettes-de-lecture\/\" \/>\n<meta property=\"og:locale\" content=\"fr_FR\" \/>\n<meta property=\"og:type\" content=\"article\" \/>\n<meta property=\"og:title\" content=\"\u00c9tui porte-cl\u00e9s ultra fin pour lunettes de lecture | Glens\" \/>\n<meta property=\"og:description\" content=\"Glens. Sans manche, pratiques et l\u00e9gers. Gr\u00e2ce \u00e0 leur conception et \u00e0 leur taille, ils se glissent facilement dans votre portefeuille et vos porte-cartes ou se glissent simplement dans votre poche, votre sac et votre sac \u00e0 main.\" \/>\n<meta property=\"og:url\" content=\"https:\/\/glens.com\/fr\/product\/etui-porte-cles-ultra-fin-pour-lunettes-de-lecture\/\" \/>\n<meta property=\"og:site_name\" content=\"Glens\" \/>\n<meta property=\"article:publisher\" content=\"https:\/\/www.facebook.com\/glensglasses\" \/>\n<meta property=\"article:modified_time\" content=\"2025-05-05T07:12:32+00:00\" \/>\n<meta property=\"og:image\" content=\"https:\/\/glens.com\/wp-content\/uploads\/2025\/01\/k_1.png\" \/>\n\t<meta property=\"og:image:width\" content=\"1354\" \/>\n\t<meta property=\"og:image:height\" content=\"904\" \/>\n\t<meta property=\"og:image:type\" content=\"image\/png\" \/>\n<meta name=\"twitter:card\" content=\"summary_large_image\" \/>\n<script type=\"application\/ld+json\" class=\"yoast-schema-graph\">{\"@context\":\"https:\/\/schema.org\",\"@graph\":[{\"@type\":\"WebPage\",\"@id\":\"https:\/\/glens.com\/fr\/product\/etui-porte-cles-ultra-fin-pour-lunettes-de-lecture\/\",\"url\":\"https:\/\/glens.com\/fr\/product\/etui-porte-cles-ultra-fin-pour-lunettes-de-lecture\/\",\"name\":\"\u00c9tui porte-cl\u00e9s ultra fin pour lunettes de lecture | Glens\",\"isPartOf\":{\"@id\":\"https:\/\/glens.com\/fr\/#website\"},\"primaryImageOfPage\":{\"@id\":\"https:\/\/glens.com\/fr\/product\/etui-porte-cles-ultra-fin-pour-lunettes-de-lecture\/#primaryimage\"},\"image\":{\"@id\":\"https:\/\/glens.com\/fr\/product\/etui-porte-cles-ultra-fin-pour-lunettes-de-lecture\/#primaryimage\"},\"thumbnailUrl\":\"https:\/\/glens.com\/wp-content\/uploads\/2025\/01\/k_1.png\",\"datePublished\":\"2025-01-17T12:43:05+00:00\",\"dateModified\":\"2025-05-05T07:12:32+00:00\",\"description\":\"Glens. Sans manche, pratiques et l\u00e9gers. Gr\u00e2ce \u00e0 leur conception et \u00e0 leur taille, ils se glissent facilement dans votre portefeuille et vos porte-cartes ou se glissent simplement dans votre poche, votre sac et votre sac \u00e0 main.\",\"breadcrumb\":{\"@id\":\"https:\/\/glens.com\/fr\/product\/etui-porte-cles-ultra-fin-pour-lunettes-de-lecture\/#breadcrumb\"},\"inLanguage\":\"fr-FR\",\"potentialAction\":[{\"@type\":\"ReadAction\",\"target\":[\"https:\/\/glens.com\/fr\/product\/etui-porte-cles-ultra-fin-pour-lunettes-de-lecture\/\"]}]},{\"@type\":\"ImageObject\",\"inLanguage\":\"fr-FR\",\"@id\":\"https:\/\/glens.com\/fr\/product\/etui-porte-cles-ultra-fin-pour-lunettes-de-lecture\/#primaryimage\",\"url\":\"https:\/\/glens.com\/wp-content\/uploads\/2025\/01\/k_1.png\",\"contentUrl\":\"https:\/\/glens.com\/wp-content\/uploads\/2025\/01\/k_1.png\",\"width\":1354,\"height\":904,\"caption\":\"Glens Glasses\"},{\"@type\":\"BreadcrumbList\",\"@id\":\"https:\/\/glens.com\/fr\/product\/etui-porte-cles-ultra-fin-pour-lunettes-de-lecture\/#breadcrumb\",\"itemListElement\":[{\"@type\":\"ListItem\",\"position\":1,\"name\":\"Accueil\",\"item\":\"https:\/\/glens.com\/fr\/page-de-la-mine\/\"},{\"@type\":\"ListItem\",\"position\":2,\"name\":\"Tous les produits\",\"item\":\"https:\/\/glens.com\/fr\/tous-les-produits\/\"},{\"@type\":\"ListItem\",\"position\":3,\"name\":\"\u00c9tui porte-cl\u00e9s ultra fin pour lunettes de lecture\"}]},{\"@type\":\"WebSite\",\"@id\":\"https:\/\/glens.com\/fr\/#website\",\"url\":\"https:\/\/glens.com\/fr\/\",\"name\":\"Glens\",\"description\":\"Lunettes de lecture ultra-minces\",\"publisher\":{\"@id\":\"https:\/\/glens.com\/fr\/#organization\"},\"potentialAction\":[{\"@type\":\"SearchAction\",\"target\":{\"@type\":\"EntryPoint\",\"urlTemplate\":\"https:\/\/glens.com\/fr\/?s={search_term_string}\"},\"query-input\":{\"@type\":\"PropertyValueSpecification\",\"valueRequired\":true,\"valueName\":\"search_term_string\"}}],\"inLanguage\":\"fr-FR\"},{\"@type\":\"Organization\",\"@id\":\"https:\/\/glens.com\/fr\/#organization\",\"name\":\"Glens\",\"url\":\"https:\/\/glens.com\/fr\/\",\"logo\":{\"@type\":\"ImageObject\",\"inLanguage\":\"fr-FR\",\"@id\":\"https:\/\/glens.com\/fr\/#\/schema\/logo\/image\/\",\"url\":\"https:\/\/glens.com\/wp-content\/uploads\/2023\/07\/glenslogo.svg\",\"contentUrl\":\"https:\/\/glens.com\/wp-content\/uploads\/2023\/07\/glenslogo.svg\",\"width\":1450,\"height\":887,\"caption\":\"Glens\"},\"image\":{\"@id\":\"https:\/\/glens.com\/fr\/#\/schema\/logo\/image\/\"},\"sameAs\":[\"https:\/\/www.facebook.com\/glensglasses\",\"https:\/\/www.instagram.com\/glensglasses\/\"]}]}<\/script>\n<!-- \/ Yoast SEO plugin. -->","yoast_head_json":{"title":"\u00c9tui porte-cl\u00e9s ultra fin pour lunettes de lecture | Glens","description":"Glens. Sans manche, pratiques et l\u00e9gers. Gr\u00e2ce \u00e0 leur conception et \u00e0 leur taille, ils se glissent facilement dans votre portefeuille et vos porte-cartes ou se glissent simplement dans votre poche, votre sac et votre sac \u00e0 main.","robots":{"index":"index","follow":"follow","max-snippet":"max-snippet:-1","max-image-preview":"max-image-preview:large","max-video-preview":"max-video-preview:-1"},"canonical":"https:\/\/glens.com\/fr\/product\/etui-porte-cles-ultra-fin-pour-lunettes-de-lecture\/","og_locale":"fr_FR","og_type":"article","og_title":"\u00c9tui porte-cl\u00e9s ultra fin pour lunettes de lecture | Glens","og_description":"Glens. Sans manche, pratiques et l\u00e9gers. Gr\u00e2ce \u00e0 leur conception et \u00e0 leur taille, ils se glissent facilement dans votre portefeuille et vos porte-cartes ou se glissent simplement dans votre poche, votre sac et votre sac \u00e0 main.","og_url":"https:\/\/glens.com\/fr\/product\/etui-porte-cles-ultra-fin-pour-lunettes-de-lecture\/","og_site_name":"Glens","article_publisher":"https:\/\/www.facebook.com\/glensglasses","article_modified_time":"2025-05-05T07:12:32+00:00","og_image":[{"width":1354,"height":904,"url":"https:\/\/glens.com\/wp-content\/uploads\/2025\/01\/k_1.png","type":"image\/png"}],"twitter_card":"summary_large_image","schema":{"@context":"https:\/\/schema.org","@graph":[{"@type":"WebPage","@id":"https:\/\/glens.com\/fr\/product\/etui-porte-cles-ultra-fin-pour-lunettes-de-lecture\/","url":"https:\/\/glens.com\/fr\/product\/etui-porte-cles-ultra-fin-pour-lunettes-de-lecture\/","name":"\u00c9tui porte-cl\u00e9s ultra fin pour lunettes de lecture | Glens","isPartOf":{"@id":"https:\/\/glens.com\/fr\/#website"},"primaryImageOfPage":{"@id":"https:\/\/glens.com\/fr\/product\/etui-porte-cles-ultra-fin-pour-lunettes-de-lecture\/#primaryimage"},"image":{"@id":"https:\/\/glens.com\/fr\/product\/etui-porte-cles-ultra-fin-pour-lunettes-de-lecture\/#primaryimage"},"thumbnailUrl":"https:\/\/glens.com\/wp-content\/uploads\/2025\/01\/k_1.png","datePublished":"2025-01-17T12:43:05+00:00","dateModified":"2025-05-05T07:12:32+00:00","description":"Glens. Sans manche, pratiques et l\u00e9gers. Gr\u00e2ce \u00e0 leur conception et \u00e0 leur taille, ils se glissent facilement dans votre portefeuille et vos porte-cartes ou se glissent simplement dans votre poche, votre sac et votre sac \u00e0 main.","breadcrumb":{"@id":"https:\/\/glens.com\/fr\/product\/etui-porte-cles-ultra-fin-pour-lunettes-de-lecture\/#breadcrumb"},"inLanguage":"fr-FR","potentialAction":[{"@type":"ReadAction","target":["https:\/\/glens.com\/fr\/product\/etui-porte-cles-ultra-fin-pour-lunettes-de-lecture\/"]}]},{"@type":"ImageObject","inLanguage":"fr-FR","@id":"https:\/\/glens.com\/fr\/product\/etui-porte-cles-ultra-fin-pour-lunettes-de-lecture\/#primaryimage","url":"https:\/\/glens.com\/wp-content\/uploads\/2025\/01\/k_1.png","contentUrl":"https:\/\/glens.com\/wp-content\/uploads\/2025\/01\/k_1.png","width":1354,"height":904,"caption":"Glens Glasses"},{"@type":"BreadcrumbList","@id":"https:\/\/glens.com\/fr\/product\/etui-porte-cles-ultra-fin-pour-lunettes-de-lecture\/#breadcrumb","itemListElement":[{"@type":"ListItem","position":1,"name":"Accueil","item":"https:\/\/glens.com\/fr\/page-de-la-mine\/"},{"@type":"ListItem","position":2,"name":"Tous les produits","item":"https:\/\/glens.com\/fr\/tous-les-produits\/"},{"@type":"ListItem","position":3,"name":"\u00c9tui porte-cl\u00e9s ultra fin pour lunettes de lecture"}]},{"@type":"WebSite","@id":"https:\/\/glens.com\/fr\/#website","url":"https:\/\/glens.com\/fr\/","name":"Glens","description":"Lunettes de lecture ultra-minces","publisher":{"@id":"https:\/\/glens.com\/fr\/#organization"},"potentialAction":[{"@type":"SearchAction","target":{"@type":"EntryPoint","urlTemplate":"https:\/\/glens.com\/fr\/?s={search_term_string}"},"query-input":{"@type":"PropertyValueSpecification","valueRequired":true,"valueName":"search_term_string"}}],"inLanguage":"fr-FR"},{"@type":"Organization","@id":"https:\/\/glens.com\/fr\/#organization","name":"Glens","url":"https:\/\/glens.com\/fr\/","logo":{"@type":"ImageObject","inLanguage":"fr-FR","@id":"https:\/\/glens.com\/fr\/#\/schema\/logo\/image\/","url":"https:\/\/glens.com\/wp-content\/uploads\/2023\/07\/glenslogo.svg","contentUrl":"https:\/\/glens.com\/wp-content\/uploads\/2023\/07\/glenslogo.svg","width":1450,"height":887,"caption":"Glens"},"image":{"@id":"https:\/\/glens.com\/fr\/#\/schema\/logo\/image\/"},"sameAs":["https:\/\/www.facebook.com\/glensglasses","https:\/\/www.instagram.com\/glensglasses\/"]}]}},"lang":"fr","translations":{"es":3192,"en":2176,"de":3378,"fr":3493,"it":3605},"_links":{"self":[{"href":"https:\/\/glens.com\/fr\/wp-json\/wp\/v2\/product\/3493","targetHints":{"allow":["GET"]}}],"collection":[{"href":"https:\/\/glens.com\/fr\/wp-json\/wp\/v2\/product"}],"about":[{"href":"https:\/\/glens.com\/fr\/wp-json\/wp\/v2\/types\/product"}],"wp:featuredmedia":[{"embeddable":true,"href":"https:\/\/glens.com\/fr\/wp-json\/wp\/v2\/media\/2146"}],"wp:attachment":[{"href":"https:\/\/glens.com\/fr\/wp-json\/wp\/v2\/media?parent=3493"}],"wp:term":[{"taxonomy":"product_brand","embeddable":true,"href":"https:\/\/glens.com\/fr\/wp-json\/wp\/v2\/product_brand?post=3493"},{"taxonomy":"product_cat","embeddable":true,"href":"https:\/\/glens.com\/fr\/wp-json\/wp\/v2\/product_cat?post=3493"},{"taxonomy":"product_tag","embeddable":true,"href":"https:\/\/glens.com\/fr\/wp-json\/wp\/v2\/product_tag?post=3493"}],"curies":[{"name":"wp","href":"https:\/\/api.w.org\/{rel}","templated":true}]}}