{"id":3436,"date":"2025-01-29T10:01:16","date_gmt":"2025-01-29T10:01:16","guid":{"rendered":"https:\/\/glens.com\/?post_type=product&#038;p=3436"},"modified":"2025-05-05T07:08:12","modified_gmt":"2025-05-05T07:08:12","slug":"lunettes-de-lecture-unisexes-portables-glens-sans-emballage","status":"publish","type":"product","link":"https:\/\/glens.com\/fr\/product\/lunettes-de-lecture-unisexes-portables-glens-sans-emballage\/","title":{"rendered":"Lunettes de lecture unisexes portables Glens &#8211; Sans emballage"},"content":{"rendered":"<p>Sans branches, pratiques et l\u00e9g\u00e8res, gr\u00e2ce \u00e0 leur design et \u00e0 leur taille, elles se glissent facilement dans votre portefeuille et vos porte-cartes ou se glissent simplement dans votre poche, votre sac, votre sac \u00e0 main ou votre \u00e9tui pour t\u00e9l\u00e9phone portable. Le design estonien et la technologie allemande se sont associ\u00e9s pour fabriquer les lunettes de lecture les plus l\u00e9g\u00e8res et les plus fines au monde. Invisibilit\u00e9 \u00e9poustouflante et flexibilit\u00e9 gr\u00e2ce aux verres en copolyester.<\/p>","protected":false},"excerpt":{"rendered":"<p>Sans branches, pratiques et l\u00e9g\u00e8res, gr\u00e2ce \u00e0 leur design et \u00e0 leur taille, elles se glissent facilement dans votre portefeuille et vos porte-cartes ou se glissent simplement dans votre poche, votre sac, votre sac \u00e0 main ou votre \u00e9tui pour t\u00e9l\u00e9phone portable. Le design estonien et la technologie allemande se sont associ\u00e9s pour fabriquer les [&hellip;]<\/p>","protected":false},"featured_media":2823,"template":"","meta":{"site-sidebar-layout":"default","site-content-layout":"default","ast-site-content-layout":"default","site-content-style":"default","site-sidebar-style":"default","ast-global-header-display":"","ast-banner-title-visibility":"","ast-main-header-display":"","ast-hfb-above-header-display":"","ast-hfb-below-header-display":"","ast-hfb-mobile-header-display":"","site-post-title":"","ast-breadcrumbs-content":"","ast-featured-img":"","footer-sml-layout":"","theme-transparent-header-meta":"default","adv-header-id-meta":"","stick-header-meta":"","header-above-stick-meta":"","header-main-stick-meta":"","header-below-stick-meta":"","astra-migrate-meta-layouts":"set","ast-page-background-enabled":"default","ast-page-background-meta":{"desktop":{"background-color":"var(--ast-global-color-4)","background-image":"","background-repeat":"repeat","background-position":"center center","background-size":"auto","background-attachment":"scroll","background-type":"","background-media":"","overlay-type":"","overlay-color":"","overlay-opacity":"","overlay-gradient":""},"tablet":{"background-color":"","background-image":"","background-repeat":"repeat","background-position":"center center","background-size":"auto","background-attachment":"scroll","background-type":"","background-media":"","overlay-type":"","overlay-color":"","overlay-opacity":"","overlay-gradient":""},"mobile":{"background-color":"","background-image":"","background-repeat":"repeat","background-position":"center center","background-size":"auto","background-attachment":"scroll","background-type":"","background-media":"","overlay-type":"","overlay-color":"","overlay-opacity":"","overlay-gradient":""}},"ast-content-background-meta":{"desktop":{"background-color":"var(--ast-global-color-5)","background-image":"","background-repeat":"repeat","background-position":"center center","background-size":"auto","background-attachment":"scroll","background-type":"","background-media":"","overlay-type":"","overlay-color":"","overlay-opacity":"","overlay-gradient":""},"tablet":{"background-color":"var(--ast-global-color-5)","background-image":"","background-repeat":"repeat","background-position":"center center","background-size":"auto","background-attachment":"scroll","background-type":"","background-media":"","overlay-type":"","overlay-color":"","overlay-opacity":"","overlay-gradient":""},"mobile":{"background-color":"var(--ast-global-color-5)","background-image":"","background-repeat":"repeat","background-position":"center center","background-size":"auto","background-attachment":"scroll","background-type":"","background-media":"","overlay-type":"","overlay-color":"","overlay-opacity":"","overlay-gradient":""}}},"product_brand":[],"product_cat":[233],"product_tag":[],"class_list":{"0":"post-3436","1":"product","2":"type-product","3":"status-publish","4":"has-post-thumbnail","6":"product_cat-lunettes-de-lecture-glens","7":"desktop-align-center","8":"tablet-align-left","9":"mobile-align-left","11":"first","12":"instock","13":"taxable","14":"shipping-taxable","15":"purchasable","16":"product-type-variable"},"yoast_head":"<!-- This site is optimized with the Yoast SEO plugin v25.4 - https:\/\/yoast.com\/wordpress\/plugins\/seo\/ -->\n<title>Lunettes de lecture unisexes portables Glens - Sans emballage | Glens<\/title>\n<meta name=\"description\" content=\"Glens. Sans bras, pratiques et l\u00e9gers, gr\u00e2ce \u00e0 leur conception et \u00e0 leur taille, ils se glissent facilement dans votre portefeuille et vos porte-cartes ou se glissent simplement dans votre poche, votre sac, votre sac \u00e0 main ou votre \u00e9tui pour t\u00e9l\u00e9phone portable.\" \/>\n<meta name=\"robots\" content=\"index, follow, max-snippet:-1, max-image-preview:large, max-video-preview:-1\" \/>\n<link rel=\"canonical\" href=\"https:\/\/glens.com\/fr\/product\/lunettes-de-lecture-unisexes-portables-glens-sans-emballage\/\" \/>\n<meta property=\"og:locale\" content=\"fr_FR\" \/>\n<meta property=\"og:type\" content=\"article\" \/>\n<meta property=\"og:title\" content=\"Lunettes de lecture unisexes portables Glens - Sans emballage | Glens\" \/>\n<meta property=\"og:description\" content=\"Glens. Sans bras, pratiques et l\u00e9gers, gr\u00e2ce \u00e0 leur conception et \u00e0 leur taille, ils se glissent facilement dans votre portefeuille et vos porte-cartes ou se glissent simplement dans votre poche, votre sac, votre sac \u00e0 main ou votre \u00e9tui pour t\u00e9l\u00e9phone portable.\" \/>\n<meta property=\"og:url\" content=\"https:\/\/glens.com\/fr\/product\/lunettes-de-lecture-unisexes-portables-glens-sans-emballage\/\" \/>\n<meta property=\"og:site_name\" content=\"Glens\" \/>\n<meta property=\"article:publisher\" content=\"https:\/\/www.facebook.com\/glensglasses\" \/>\n<meta property=\"article:modified_time\" content=\"2025-05-05T07:08:12+00:00\" \/>\n<meta property=\"og:image\" content=\"https:\/\/glens.com\/wp-content\/uploads\/2025\/01\/roll2anna_3-1024x683.png\" \/>\n\t<meta property=\"og:image:width\" content=\"1024\" \/>\n\t<meta property=\"og:image:height\" content=\"683\" \/>\n\t<meta property=\"og:image:type\" content=\"image\/png\" \/>\n<meta name=\"twitter:card\" content=\"summary_large_image\" \/>\n<script type=\"application\/ld+json\" class=\"yoast-schema-graph\">{\"@context\":\"https:\/\/schema.org\",\"@graph\":[{\"@type\":\"WebPage\",\"@id\":\"https:\/\/glens.com\/fr\/product\/lunettes-de-lecture-unisexes-portables-glens-sans-emballage\/\",\"url\":\"https:\/\/glens.com\/fr\/product\/lunettes-de-lecture-unisexes-portables-glens-sans-emballage\/\",\"name\":\"Lunettes de lecture unisexes portables Glens - Sans emballage | Glens\",\"isPartOf\":{\"@id\":\"https:\/\/glens.com\/fr\/#website\"},\"primaryImageOfPage\":{\"@id\":\"https:\/\/glens.com\/fr\/product\/lunettes-de-lecture-unisexes-portables-glens-sans-emballage\/#primaryimage\"},\"image\":{\"@id\":\"https:\/\/glens.com\/fr\/product\/lunettes-de-lecture-unisexes-portables-glens-sans-emballage\/#primaryimage\"},\"thumbnailUrl\":\"https:\/\/glens.com\/wp-content\/uploads\/2025\/01\/roll2anna_3.png\",\"datePublished\":\"2025-01-29T10:01:16+00:00\",\"dateModified\":\"2025-05-05T07:08:12+00:00\",\"description\":\"Glens. Sans bras, pratiques et l\u00e9gers, gr\u00e2ce \u00e0 leur conception et \u00e0 leur taille, ils se glissent facilement dans votre portefeuille et vos porte-cartes ou se glissent simplement dans votre poche, votre sac, votre sac \u00e0 main ou votre \u00e9tui pour t\u00e9l\u00e9phone portable.\",\"breadcrumb\":{\"@id\":\"https:\/\/glens.com\/fr\/product\/lunettes-de-lecture-unisexes-portables-glens-sans-emballage\/#breadcrumb\"},\"inLanguage\":\"fr-FR\",\"potentialAction\":[{\"@type\":\"ReadAction\",\"target\":[\"https:\/\/glens.com\/fr\/product\/lunettes-de-lecture-unisexes-portables-glens-sans-emballage\/\"]}]},{\"@type\":\"ImageObject\",\"inLanguage\":\"fr-FR\",\"@id\":\"https:\/\/glens.com\/fr\/product\/lunettes-de-lecture-unisexes-portables-glens-sans-emballage\/#primaryimage\",\"url\":\"https:\/\/glens.com\/wp-content\/uploads\/2025\/01\/roll2anna_3.png\",\"contentUrl\":\"https:\/\/glens.com\/wp-content\/uploads\/2025\/01\/roll2anna_3.png\",\"width\":1571,\"height\":1048,\"caption\":\"Glens Glasses\"},{\"@type\":\"BreadcrumbList\",\"@id\":\"https:\/\/glens.com\/fr\/product\/lunettes-de-lecture-unisexes-portables-glens-sans-emballage\/#breadcrumb\",\"itemListElement\":[{\"@type\":\"ListItem\",\"position\":1,\"name\":\"Accueil\",\"item\":\"https:\/\/glens.com\/fr\/page-de-la-mine\/\"},{\"@type\":\"ListItem\",\"position\":2,\"name\":\"Tous les produits\",\"item\":\"https:\/\/glens.com\/fr\/tous-les-produits\/\"},{\"@type\":\"ListItem\",\"position\":3,\"name\":\"Lunettes de lecture unisexes portables Glens &#8211; Sans emballage\"}]},{\"@type\":\"WebSite\",\"@id\":\"https:\/\/glens.com\/fr\/#website\",\"url\":\"https:\/\/glens.com\/fr\/\",\"name\":\"Glens\",\"description\":\"Lunettes de lecture ultra-minces\",\"publisher\":{\"@id\":\"https:\/\/glens.com\/fr\/#organization\"},\"potentialAction\":[{\"@type\":\"SearchAction\",\"target\":{\"@type\":\"EntryPoint\",\"urlTemplate\":\"https:\/\/glens.com\/fr\/?s={search_term_string}\"},\"query-input\":{\"@type\":\"PropertyValueSpecification\",\"valueRequired\":true,\"valueName\":\"search_term_string\"}}],\"inLanguage\":\"fr-FR\"},{\"@type\":\"Organization\",\"@id\":\"https:\/\/glens.com\/fr\/#organization\",\"name\":\"Glens\",\"url\":\"https:\/\/glens.com\/fr\/\",\"logo\":{\"@type\":\"ImageObject\",\"inLanguage\":\"fr-FR\",\"@id\":\"https:\/\/glens.com\/fr\/#\/schema\/logo\/image\/\",\"url\":\"https:\/\/glens.com\/wp-content\/uploads\/2023\/07\/glenslogo.svg\",\"contentUrl\":\"https:\/\/glens.com\/wp-content\/uploads\/2023\/07\/glenslogo.svg\",\"width\":1450,\"height\":887,\"caption\":\"Glens\"},\"image\":{\"@id\":\"https:\/\/glens.com\/fr\/#\/schema\/logo\/image\/\"},\"sameAs\":[\"https:\/\/www.facebook.com\/glensglasses\",\"https:\/\/www.instagram.com\/glensglasses\/\"]}]}<\/script>\n<!-- \/ Yoast SEO plugin. -->","yoast_head_json":{"title":"Lunettes de lecture unisexes portables Glens - Sans emballage | Glens","description":"Glens. Sans bras, pratiques et l\u00e9gers, gr\u00e2ce \u00e0 leur conception et \u00e0 leur taille, ils se glissent facilement dans votre portefeuille et vos porte-cartes ou se glissent simplement dans votre poche, votre sac, votre sac \u00e0 main ou votre \u00e9tui pour t\u00e9l\u00e9phone portable.","robots":{"index":"index","follow":"follow","max-snippet":"max-snippet:-1","max-image-preview":"max-image-preview:large","max-video-preview":"max-video-preview:-1"},"canonical":"https:\/\/glens.com\/fr\/product\/lunettes-de-lecture-unisexes-portables-glens-sans-emballage\/","og_locale":"fr_FR","og_type":"article","og_title":"Lunettes de lecture unisexes portables Glens - Sans emballage | Glens","og_description":"Glens. Sans bras, pratiques et l\u00e9gers, gr\u00e2ce \u00e0 leur conception et \u00e0 leur taille, ils se glissent facilement dans votre portefeuille et vos porte-cartes ou se glissent simplement dans votre poche, votre sac, votre sac \u00e0 main ou votre \u00e9tui pour t\u00e9l\u00e9phone portable.","og_url":"https:\/\/glens.com\/fr\/product\/lunettes-de-lecture-unisexes-portables-glens-sans-emballage\/","og_site_name":"Glens","article_publisher":"https:\/\/www.facebook.com\/glensglasses","article_modified_time":"2025-05-05T07:08:12+00:00","og_image":[{"width":1024,"height":683,"url":"https:\/\/glens.com\/wp-content\/uploads\/2025\/01\/roll2anna_3-1024x683.png","type":"image\/png"}],"twitter_card":"summary_large_image","schema":{"@context":"https:\/\/schema.org","@graph":[{"@type":"WebPage","@id":"https:\/\/glens.com\/fr\/product\/lunettes-de-lecture-unisexes-portables-glens-sans-emballage\/","url":"https:\/\/glens.com\/fr\/product\/lunettes-de-lecture-unisexes-portables-glens-sans-emballage\/","name":"Lunettes de lecture unisexes portables Glens - Sans emballage | Glens","isPartOf":{"@id":"https:\/\/glens.com\/fr\/#website"},"primaryImageOfPage":{"@id":"https:\/\/glens.com\/fr\/product\/lunettes-de-lecture-unisexes-portables-glens-sans-emballage\/#primaryimage"},"image":{"@id":"https:\/\/glens.com\/fr\/product\/lunettes-de-lecture-unisexes-portables-glens-sans-emballage\/#primaryimage"},"thumbnailUrl":"https:\/\/glens.com\/wp-content\/uploads\/2025\/01\/roll2anna_3.png","datePublished":"2025-01-29T10:01:16+00:00","dateModified":"2025-05-05T07:08:12+00:00","description":"Glens. Sans bras, pratiques et l\u00e9gers, gr\u00e2ce \u00e0 leur conception et \u00e0 leur taille, ils se glissent facilement dans votre portefeuille et vos porte-cartes ou se glissent simplement dans votre poche, votre sac, votre sac \u00e0 main ou votre \u00e9tui pour t\u00e9l\u00e9phone portable.","breadcrumb":{"@id":"https:\/\/glens.com\/fr\/product\/lunettes-de-lecture-unisexes-portables-glens-sans-emballage\/#breadcrumb"},"inLanguage":"fr-FR","potentialAction":[{"@type":"ReadAction","target":["https:\/\/glens.com\/fr\/product\/lunettes-de-lecture-unisexes-portables-glens-sans-emballage\/"]}]},{"@type":"ImageObject","inLanguage":"fr-FR","@id":"https:\/\/glens.com\/fr\/product\/lunettes-de-lecture-unisexes-portables-glens-sans-emballage\/#primaryimage","url":"https:\/\/glens.com\/wp-content\/uploads\/2025\/01\/roll2anna_3.png","contentUrl":"https:\/\/glens.com\/wp-content\/uploads\/2025\/01\/roll2anna_3.png","width":1571,"height":1048,"caption":"Glens Glasses"},{"@type":"BreadcrumbList","@id":"https:\/\/glens.com\/fr\/product\/lunettes-de-lecture-unisexes-portables-glens-sans-emballage\/#breadcrumb","itemListElement":[{"@type":"ListItem","position":1,"name":"Accueil","item":"https:\/\/glens.com\/fr\/page-de-la-mine\/"},{"@type":"ListItem","position":2,"name":"Tous les produits","item":"https:\/\/glens.com\/fr\/tous-les-produits\/"},{"@type":"ListItem","position":3,"name":"Lunettes de lecture unisexes portables Glens &#8211; Sans emballage"}]},{"@type":"WebSite","@id":"https:\/\/glens.com\/fr\/#website","url":"https:\/\/glens.com\/fr\/","name":"Glens","description":"Lunettes de lecture ultra-minces","publisher":{"@id":"https:\/\/glens.com\/fr\/#organization"},"potentialAction":[{"@type":"SearchAction","target":{"@type":"EntryPoint","urlTemplate":"https:\/\/glens.com\/fr\/?s={search_term_string}"},"query-input":{"@type":"PropertyValueSpecification","valueRequired":true,"valueName":"search_term_string"}}],"inLanguage":"fr-FR"},{"@type":"Organization","@id":"https:\/\/glens.com\/fr\/#organization","name":"Glens","url":"https:\/\/glens.com\/fr\/","logo":{"@type":"ImageObject","inLanguage":"fr-FR","@id":"https:\/\/glens.com\/fr\/#\/schema\/logo\/image\/","url":"https:\/\/glens.com\/wp-content\/uploads\/2023\/07\/glenslogo.svg","contentUrl":"https:\/\/glens.com\/wp-content\/uploads\/2023\/07\/glenslogo.svg","width":1450,"height":887,"caption":"Glens"},"image":{"@id":"https:\/\/glens.com\/fr\/#\/schema\/logo\/image\/"},"sameAs":["https:\/\/www.facebook.com\/glensglasses","https:\/\/www.instagram.com\/glensglasses\/"]}]}},"lang":"fr","translations":{"es":3138,"en":2192,"de":3317,"fr":3436,"it":3552},"_links":{"self":[{"href":"https:\/\/glens.com\/fr\/wp-json\/wp\/v2\/product\/3436","targetHints":{"allow":["GET"]}}],"collection":[{"href":"https:\/\/glens.com\/fr\/wp-json\/wp\/v2\/product"}],"about":[{"href":"https:\/\/glens.com\/fr\/wp-json\/wp\/v2\/types\/product"}],"wp:featuredmedia":[{"embeddable":true,"href":"https:\/\/glens.com\/fr\/wp-json\/wp\/v2\/media\/2823"}],"wp:attachment":[{"href":"https:\/\/glens.com\/fr\/wp-json\/wp\/v2\/media?parent=3436"}],"wp:term":[{"taxonomy":"product_brand","embeddable":true,"href":"https:\/\/glens.com\/fr\/wp-json\/wp\/v2\/product_brand?post=3436"},{"taxonomy":"product_cat","embeddable":true,"href":"https:\/\/glens.com\/fr\/wp-json\/wp\/v2\/product_cat?post=3436"},{"taxonomy":"product_tag","embeddable":true,"href":"https:\/\/glens.com\/fr\/wp-json\/wp\/v2\/product_tag?post=3436"}],"curies":[{"name":"wp","href":"https:\/\/api.w.org\/{rel}","templated":true}]}}