{"id":3430,"date":"2025-02-03T09:02:54","date_gmt":"2025-02-03T09:02:54","guid":{"rendered":"https:\/\/glens.com\/?post_type=product&#038;p=3430"},"modified":"2026-03-31T05:48:32","modified_gmt":"2026-03-31T05:48:32","slug":"lunettes-de-lecture-avec-chaine-en-argent","status":"publish","type":"product","link":"https:\/\/glens.com\/fr\/product\/lunettes-de-lecture-avec-chaine-en-argent\/","title":{"rendered":"Lunettes de lecture avec cha\u00eene en argent"},"content":{"rendered":"<p>Lunettes de lecture unisexes portables Glens avec cha\u00eene ronde en argent sterling de 70 cm<br \/>\nEmballage : Coffret cadeau noir 120 mm x 120 mm x 25 mm \u00c0 propos de :<br \/>\nSans branches, pratiques et l\u00e9g\u00e8res, se connectent \u00e0 une \u00e9l\u00e9gante cha\u00eene en argent sterling pour la rendre plus pratique et pratique.<br \/>\nChaque bo\u00eete contient trois verres de r\u00e9serve, d\u00e9licatement con\u00e7us avec deux petits trous qui les rendent faciles \u00e0 attacher \u00e0 la cha\u00eene, plus quatre supports en mousse adh\u00e9sifs pour fixer en outre vos lunettes toujours \u00e0 port\u00e9e de main.<br \/>\nIls sont livr\u00e9s avec une fine bo\u00eete en plexiglas transparent qui se glisse facilement dans une poche ou un sac \u00e0 main.<\/p>\n<ul>\n<li>La cha\u00eene tr\u00e8s polie et ferm\u00e9e se fixe aux lunettes par des crochets argent\u00e9s pour faciliter le remplacement des lunettes.<\/li>\n<li>Bo\u00eete de protection en plexiglas 55 mm x 90 mm x 50 mm.<\/li>\n<li>Accrochez la cha\u00eene autour de votre cou ou derri\u00e8re vos oreilles puis mettez les lunettes.<\/li>\n<li>Veuillez regarder la vid\u00e9o de pr\u00e9sentation de ce produit via le lien \u00ab\u00a0comment utiliser\u00a0\u00bb.<\/li>\n<\/ul>\n<div class=\"ast-oembed-container\" style=\"height: 100%;\"><iframe title=\"Glens reading glasses with SILVER Chain\" width=\"500\" height=\"281\" src=\"https:\/\/www.youtube.com\/embed\/FW5ySvkouVM?feature=oembed\" frameborder=\"0\" allow=\"accelerometer; autoplay; clipboard-write; encrypted-media; gyroscope; picture-in-picture; web-share\" referrerpolicy=\"strict-origin-when-cross-origin\" allowfullscreen><\/iframe><\/div>","protected":false},"excerpt":{"rendered":"<p>Lunettes de lecture unisexes portables Glens avec cha\u00eene ronde en argent sterling de 70 cm Emballage : Coffret cadeau noir 120 mm x 120 mm x 25 mm \u00c0 propos de : Sans branches, pratiques et l\u00e9g\u00e8res, se connectent \u00e0 une \u00e9l\u00e9gante cha\u00eene en argent sterling pour la rendre plus pratique et pratique. Chaque bo\u00eete [&hellip;]<\/p>","protected":false},"featured_media":2772,"template":"","meta":{"site-sidebar-layout":"default","site-content-layout":"default","ast-site-content-layout":"default","site-content-style":"default","site-sidebar-style":"default","ast-global-header-display":"","ast-banner-title-visibility":"","ast-main-header-display":"","ast-hfb-above-header-display":"","ast-hfb-below-header-display":"","ast-hfb-mobile-header-display":"","site-post-title":"","ast-breadcrumbs-content":"","ast-featured-img":"","footer-sml-layout":"","theme-transparent-header-meta":"default","adv-header-id-meta":"","stick-header-meta":"","header-above-stick-meta":"","header-main-stick-meta":"","header-below-stick-meta":"","astra-migrate-meta-layouts":"set","ast-page-background-enabled":"default","ast-page-background-meta":{"desktop":{"background-color":"var(--ast-global-color-4)","background-image":"","background-repeat":"repeat","background-position":"center center","background-size":"auto","background-attachment":"scroll","background-type":"","background-media":"","overlay-type":"","overlay-color":"","overlay-opacity":"","overlay-gradient":""},"tablet":{"background-color":"","background-image":"","background-repeat":"repeat","background-position":"center center","background-size":"auto","background-attachment":"scroll","background-type":"","background-media":"","overlay-type":"","overlay-color":"","overlay-opacity":"","overlay-gradient":""},"mobile":{"background-color":"","background-image":"","background-repeat":"repeat","background-position":"center center","background-size":"auto","background-attachment":"scroll","background-type":"","background-media":"","overlay-type":"","overlay-color":"","overlay-opacity":"","overlay-gradient":""}},"ast-content-background-meta":{"desktop":{"background-color":"var(--ast-global-color-5)","background-image":"","background-repeat":"repeat","background-position":"center center","background-size":"auto","background-attachment":"scroll","background-type":"","background-media":"","overlay-type":"","overlay-color":"","overlay-opacity":"","overlay-gradient":""},"tablet":{"background-color":"var(--ast-global-color-5)","background-image":"","background-repeat":"repeat","background-position":"center center","background-size":"auto","background-attachment":"scroll","background-type":"","background-media":"","overlay-type":"","overlay-color":"","overlay-opacity":"","overlay-gradient":""},"mobile":{"background-color":"var(--ast-global-color-5)","background-image":"","background-repeat":"repeat","background-position":"center center","background-size":"auto","background-attachment":"scroll","background-type":"","background-media":"","overlay-type":"","overlay-color":"","overlay-opacity":"","overlay-gradient":""}}},"product_brand":[],"product_cat":[225],"product_tag":[],"class_list":{"0":"post-3430","1":"product","2":"type-product","3":"status-publish","4":"has-post-thumbnail","6":"product_cat-accessoires","7":"desktop-align-center","8":"tablet-align-left","9":"mobile-align-left","11":"first","12":"outofstock","13":"sale","14":"taxable","15":"shipping-taxable","16":"purchasable","17":"product-type-variable"},"yoast_head":"<!-- This site is optimized with the Yoast SEO plugin v25.4 - https:\/\/yoast.com\/wordpress\/plugins\/seo\/ -->\n<title>Lunettes de lecture avec cha\u00eene en argent | Glens<\/title>\n<meta name=\"description\" content=\"Glens. Sans bras, pratique et l\u00e9ger, se connecte \u00e0 une \u00e9l\u00e9gante cha\u00eene en argent sterling pour le rendre plus pratique et pratique.\" \/>\n<meta name=\"robots\" content=\"index, follow, max-snippet:-1, max-image-preview:large, max-video-preview:-1\" \/>\n<link rel=\"canonical\" href=\"https:\/\/glens.com\/fr\/product\/lunettes-de-lecture-avec-chaine-en-argent\/\" \/>\n<meta property=\"og:locale\" content=\"fr_FR\" \/>\n<meta property=\"og:type\" content=\"article\" \/>\n<meta property=\"og:title\" content=\"Lunettes de lecture avec cha\u00eene en argent | Glens\" \/>\n<meta property=\"og:description\" content=\"Glens. Sans bras, pratique et l\u00e9ger, se connecte \u00e0 une \u00e9l\u00e9gante cha\u00eene en argent sterling pour le rendre plus pratique et pratique.\" \/>\n<meta property=\"og:url\" content=\"https:\/\/glens.com\/fr\/product\/lunettes-de-lecture-avec-chaine-en-argent\/\" \/>\n<meta property=\"og:site_name\" content=\"Glens\" \/>\n<meta property=\"article:publisher\" content=\"https:\/\/www.facebook.com\/glensglasses\" \/>\n<meta property=\"article:modified_time\" content=\"2026-03-31T05:48:32+00:00\" \/>\n<meta property=\"og:image\" content=\"https:\/\/glens.com\/wp-content\/uploads\/2025\/02\/gl10-03_1.jpg\" \/>\n\t<meta property=\"og:image:width\" content=\"2151\" \/>\n\t<meta property=\"og:image:height\" content=\"1431\" \/>\n\t<meta property=\"og:image:type\" content=\"image\/jpeg\" \/>\n<meta name=\"twitter:card\" content=\"summary_large_image\" \/>\n<script type=\"application\/ld+json\" class=\"yoast-schema-graph\">{\"@context\":\"https:\/\/schema.org\",\"@graph\":[{\"@type\":\"WebPage\",\"@id\":\"https:\/\/glens.com\/fr\/product\/lunettes-de-lecture-avec-chaine-en-argent\/\",\"url\":\"https:\/\/glens.com\/fr\/product\/lunettes-de-lecture-avec-chaine-en-argent\/\",\"name\":\"Lunettes de lecture avec cha\u00eene en argent | Glens\",\"isPartOf\":{\"@id\":\"https:\/\/glens.com\/fr\/#website\"},\"primaryImageOfPage\":{\"@id\":\"https:\/\/glens.com\/fr\/product\/lunettes-de-lecture-avec-chaine-en-argent\/#primaryimage\"},\"image\":{\"@id\":\"https:\/\/glens.com\/fr\/product\/lunettes-de-lecture-avec-chaine-en-argent\/#primaryimage\"},\"thumbnailUrl\":\"https:\/\/glens.com\/wp-content\/uploads\/2025\/02\/gl10-03_1.jpg\",\"datePublished\":\"2025-02-03T09:02:54+00:00\",\"dateModified\":\"2026-03-31T05:48:32+00:00\",\"description\":\"Glens. Sans bras, pratique et l\u00e9ger, se connecte \u00e0 une \u00e9l\u00e9gante cha\u00eene en argent sterling pour le rendre plus pratique et pratique.\",\"breadcrumb\":{\"@id\":\"https:\/\/glens.com\/fr\/product\/lunettes-de-lecture-avec-chaine-en-argent\/#breadcrumb\"},\"inLanguage\":\"fr-FR\",\"potentialAction\":[{\"@type\":\"ReadAction\",\"target\":[\"https:\/\/glens.com\/fr\/product\/lunettes-de-lecture-avec-chaine-en-argent\/\"]}]},{\"@type\":\"ImageObject\",\"inLanguage\":\"fr-FR\",\"@id\":\"https:\/\/glens.com\/fr\/product\/lunettes-de-lecture-avec-chaine-en-argent\/#primaryimage\",\"url\":\"https:\/\/glens.com\/wp-content\/uploads\/2025\/02\/gl10-03_1.jpg\",\"contentUrl\":\"https:\/\/glens.com\/wp-content\/uploads\/2025\/02\/gl10-03_1.jpg\",\"width\":2151,\"height\":1431,\"caption\":\"Glens Glasses\"},{\"@type\":\"BreadcrumbList\",\"@id\":\"https:\/\/glens.com\/fr\/product\/lunettes-de-lecture-avec-chaine-en-argent\/#breadcrumb\",\"itemListElement\":[{\"@type\":\"ListItem\",\"position\":1,\"name\":\"Accueil\",\"item\":\"https:\/\/glens.com\/fr\/page-de-la-mine\/\"},{\"@type\":\"ListItem\",\"position\":2,\"name\":\"Tous les produits\",\"item\":\"https:\/\/glens.com\/fr\/tous-les-produits\/\"},{\"@type\":\"ListItem\",\"position\":3,\"name\":\"Lunettes de lecture avec cha\u00eene en argent\"}]},{\"@type\":\"WebSite\",\"@id\":\"https:\/\/glens.com\/fr\/#website\",\"url\":\"https:\/\/glens.com\/fr\/\",\"name\":\"Glens\",\"description\":\"Lunettes de lecture ultra-minces\",\"publisher\":{\"@id\":\"https:\/\/glens.com\/fr\/#organization\"},\"potentialAction\":[{\"@type\":\"SearchAction\",\"target\":{\"@type\":\"EntryPoint\",\"urlTemplate\":\"https:\/\/glens.com\/fr\/?s={search_term_string}\"},\"query-input\":{\"@type\":\"PropertyValueSpecification\",\"valueRequired\":true,\"valueName\":\"search_term_string\"}}],\"inLanguage\":\"fr-FR\"},{\"@type\":\"Organization\",\"@id\":\"https:\/\/glens.com\/fr\/#organization\",\"name\":\"Glens\",\"url\":\"https:\/\/glens.com\/fr\/\",\"logo\":{\"@type\":\"ImageObject\",\"inLanguage\":\"fr-FR\",\"@id\":\"https:\/\/glens.com\/fr\/#\/schema\/logo\/image\/\",\"url\":\"https:\/\/glens.com\/wp-content\/uploads\/2023\/07\/glenslogo.svg\",\"contentUrl\":\"https:\/\/glens.com\/wp-content\/uploads\/2023\/07\/glenslogo.svg\",\"width\":1450,\"height\":887,\"caption\":\"Glens\"},\"image\":{\"@id\":\"https:\/\/glens.com\/fr\/#\/schema\/logo\/image\/\"},\"sameAs\":[\"https:\/\/www.facebook.com\/glensglasses\",\"https:\/\/www.instagram.com\/glensglasses\/\"]}]}<\/script>\n<!-- \/ Yoast SEO plugin. -->","yoast_head_json":{"title":"Lunettes de lecture avec cha\u00eene en argent | Glens","description":"Glens. Sans bras, pratique et l\u00e9ger, se connecte \u00e0 une \u00e9l\u00e9gante cha\u00eene en argent sterling pour le rendre plus pratique et pratique.","robots":{"index":"index","follow":"follow","max-snippet":"max-snippet:-1","max-image-preview":"max-image-preview:large","max-video-preview":"max-video-preview:-1"},"canonical":"https:\/\/glens.com\/fr\/product\/lunettes-de-lecture-avec-chaine-en-argent\/","og_locale":"fr_FR","og_type":"article","og_title":"Lunettes de lecture avec cha\u00eene en argent | Glens","og_description":"Glens. Sans bras, pratique et l\u00e9ger, se connecte \u00e0 une \u00e9l\u00e9gante cha\u00eene en argent sterling pour le rendre plus pratique et pratique.","og_url":"https:\/\/glens.com\/fr\/product\/lunettes-de-lecture-avec-chaine-en-argent\/","og_site_name":"Glens","article_publisher":"https:\/\/www.facebook.com\/glensglasses","article_modified_time":"2026-03-31T05:48:32+00:00","og_image":[{"width":2151,"height":1431,"url":"https:\/\/glens.com\/wp-content\/uploads\/2025\/02\/gl10-03_1.jpg","type":"image\/jpeg"}],"twitter_card":"summary_large_image","schema":{"@context":"https:\/\/schema.org","@graph":[{"@type":"WebPage","@id":"https:\/\/glens.com\/fr\/product\/lunettes-de-lecture-avec-chaine-en-argent\/","url":"https:\/\/glens.com\/fr\/product\/lunettes-de-lecture-avec-chaine-en-argent\/","name":"Lunettes de lecture avec cha\u00eene en argent | Glens","isPartOf":{"@id":"https:\/\/glens.com\/fr\/#website"},"primaryImageOfPage":{"@id":"https:\/\/glens.com\/fr\/product\/lunettes-de-lecture-avec-chaine-en-argent\/#primaryimage"},"image":{"@id":"https:\/\/glens.com\/fr\/product\/lunettes-de-lecture-avec-chaine-en-argent\/#primaryimage"},"thumbnailUrl":"https:\/\/glens.com\/wp-content\/uploads\/2025\/02\/gl10-03_1.jpg","datePublished":"2025-02-03T09:02:54+00:00","dateModified":"2026-03-31T05:48:32+00:00","description":"Glens. Sans bras, pratique et l\u00e9ger, se connecte \u00e0 une \u00e9l\u00e9gante cha\u00eene en argent sterling pour le rendre plus pratique et pratique.","breadcrumb":{"@id":"https:\/\/glens.com\/fr\/product\/lunettes-de-lecture-avec-chaine-en-argent\/#breadcrumb"},"inLanguage":"fr-FR","potentialAction":[{"@type":"ReadAction","target":["https:\/\/glens.com\/fr\/product\/lunettes-de-lecture-avec-chaine-en-argent\/"]}]},{"@type":"ImageObject","inLanguage":"fr-FR","@id":"https:\/\/glens.com\/fr\/product\/lunettes-de-lecture-avec-chaine-en-argent\/#primaryimage","url":"https:\/\/glens.com\/wp-content\/uploads\/2025\/02\/gl10-03_1.jpg","contentUrl":"https:\/\/glens.com\/wp-content\/uploads\/2025\/02\/gl10-03_1.jpg","width":2151,"height":1431,"caption":"Glens Glasses"},{"@type":"BreadcrumbList","@id":"https:\/\/glens.com\/fr\/product\/lunettes-de-lecture-avec-chaine-en-argent\/#breadcrumb","itemListElement":[{"@type":"ListItem","position":1,"name":"Accueil","item":"https:\/\/glens.com\/fr\/page-de-la-mine\/"},{"@type":"ListItem","position":2,"name":"Tous les produits","item":"https:\/\/glens.com\/fr\/tous-les-produits\/"},{"@type":"ListItem","position":3,"name":"Lunettes de lecture avec cha\u00eene en argent"}]},{"@type":"WebSite","@id":"https:\/\/glens.com\/fr\/#website","url":"https:\/\/glens.com\/fr\/","name":"Glens","description":"Lunettes de lecture ultra-minces","publisher":{"@id":"https:\/\/glens.com\/fr\/#organization"},"potentialAction":[{"@type":"SearchAction","target":{"@type":"EntryPoint","urlTemplate":"https:\/\/glens.com\/fr\/?s={search_term_string}"},"query-input":{"@type":"PropertyValueSpecification","valueRequired":true,"valueName":"search_term_string"}}],"inLanguage":"fr-FR"},{"@type":"Organization","@id":"https:\/\/glens.com\/fr\/#organization","name":"Glens","url":"https:\/\/glens.com\/fr\/","logo":{"@type":"ImageObject","inLanguage":"fr-FR","@id":"https:\/\/glens.com\/fr\/#\/schema\/logo\/image\/","url":"https:\/\/glens.com\/wp-content\/uploads\/2023\/07\/glenslogo.svg","contentUrl":"https:\/\/glens.com\/wp-content\/uploads\/2023\/07\/glenslogo.svg","width":1450,"height":887,"caption":"Glens"},"image":{"@id":"https:\/\/glens.com\/fr\/#\/schema\/logo\/image\/"},"sameAs":["https:\/\/www.facebook.com\/glensglasses","https:\/\/www.instagram.com\/glensglasses\/"]}]}},"lang":"fr","translations":{"es":3133,"en":2755,"de":3312,"fr":3430,"it":3545},"_links":{"self":[{"href":"https:\/\/glens.com\/fr\/wp-json\/wp\/v2\/product\/3430","targetHints":{"allow":["GET"]}}],"collection":[{"href":"https:\/\/glens.com\/fr\/wp-json\/wp\/v2\/product"}],"about":[{"href":"https:\/\/glens.com\/fr\/wp-json\/wp\/v2\/types\/product"}],"wp:featuredmedia":[{"embeddable":true,"href":"https:\/\/glens.com\/fr\/wp-json\/wp\/v2\/media\/2772"}],"wp:attachment":[{"href":"https:\/\/glens.com\/fr\/wp-json\/wp\/v2\/media?parent=3430"}],"wp:term":[{"taxonomy":"product_brand","embeddable":true,"href":"https:\/\/glens.com\/fr\/wp-json\/wp\/v2\/product_brand?post=3430"},{"taxonomy":"product_cat","embeddable":true,"href":"https:\/\/glens.com\/fr\/wp-json\/wp\/v2\/product_cat?post=3430"},{"taxonomy":"product_tag","embeddable":true,"href":"https:\/\/glens.com\/fr\/wp-json\/wp\/v2\/product_tag?post=3430"}],"curies":[{"name":"wp","href":"https:\/\/api.w.org\/{rel}","templated":true}]}}