{"id":3416,"date":"2025-02-03T09:21:43","date_gmt":"2025-02-03T09:21:43","guid":{"rendered":"https:\/\/glens.com\/?post_type=product&#038;p=3416"},"modified":"2025-05-05T07:03:32","modified_gmt":"2025-05-05T07:03:32","slug":"lunettes-de-lecture-sans-branches-ten-2-read-box-glens","status":"publish","type":"product","link":"https:\/\/glens.com\/fr\/product\/lunettes-de-lecture-sans-branches-ten-2-read-box-glens\/","title":{"rendered":"Lunettes de lecture sans branches Ten 2 Read Box Glens"},"content":{"rendered":"<p>D\u00e9couvrez tous les produits de lunettes de lecture de secours Glens dans un seul coffret et offrez-les \u00e9galement \u00e0 votre bien-aim\u00e9 en cadeau. Collection compl\u00e8te de tous les accessoires pour offrir une vari\u00e9t\u00e9 d&#8217;options d&#8217;utilisation de vos lunettes de lecture dans diff\u00e9rentes situations partout.<br \/>\nVOUS RECEVREZ TOUT CE QUI EST MONTR\u00c9 SUR LA PHOTO\u00a0!<\/p>\n<ul>\n<li>Un \u00e9tui \u00e0 lunettes avec fermeture ergonomique (rouge, blanc, beige et vert)<\/li>\n<li>10 paires de lunettes de lecture de secours plac\u00e9es de mani\u00e8re appropri\u00e9e sous la premi\u00e8re couche de l&#8217;ensemble.<\/li>\n<li>Quatre supports en mousse adh\u00e9sifs pour garder vos lunettes toujours \u00e0 port\u00e9e de main.<\/li>\n<li>Chiffon de nettoyage en microfibre pour verres de lunettes<\/li>\n<\/ul>","protected":false},"excerpt":{"rendered":"<p>D\u00e9couvrez tous les produits de lunettes de lecture de secours Glens dans un seul coffret et offrez-les \u00e9galement \u00e0 votre bien-aim\u00e9 en cadeau. Collection compl\u00e8te de tous les accessoires pour offrir une vari\u00e9t\u00e9 d&#8217;options d&#8217;utilisation de vos lunettes de lecture dans diff\u00e9rentes situations partout. VOUS RECEVREZ TOUT CE QUI EST MONTR\u00c9 SUR LA PHOTO\u00a0! Un [&hellip;]<\/p>","protected":false},"featured_media":2796,"template":"","meta":{"site-sidebar-layout":"default","site-content-layout":"default","ast-site-content-layout":"default","site-content-style":"default","site-sidebar-style":"default","ast-global-header-display":"","ast-banner-title-visibility":"","ast-main-header-display":"","ast-hfb-above-header-display":"","ast-hfb-below-header-display":"","ast-hfb-mobile-header-display":"","site-post-title":"","ast-breadcrumbs-content":"","ast-featured-img":"","footer-sml-layout":"","theme-transparent-header-meta":"default","adv-header-id-meta":"","stick-header-meta":"","header-above-stick-meta":"","header-main-stick-meta":"","header-below-stick-meta":"","astra-migrate-meta-layouts":"set","ast-page-background-enabled":"default","ast-page-background-meta":{"desktop":{"background-color":"var(--ast-global-color-4)","background-image":"","background-repeat":"repeat","background-position":"center center","background-size":"auto","background-attachment":"scroll","background-type":"","background-media":"","overlay-type":"","overlay-color":"","overlay-opacity":"","overlay-gradient":""},"tablet":{"background-color":"","background-image":"","background-repeat":"repeat","background-position":"center center","background-size":"auto","background-attachment":"scroll","background-type":"","background-media":"","overlay-type":"","overlay-color":"","overlay-opacity":"","overlay-gradient":""},"mobile":{"background-color":"","background-image":"","background-repeat":"repeat","background-position":"center center","background-size":"auto","background-attachment":"scroll","background-type":"","background-media":"","overlay-type":"","overlay-color":"","overlay-opacity":"","overlay-gradient":""}},"ast-content-background-meta":{"desktop":{"background-color":"var(--ast-global-color-5)","background-image":"","background-repeat":"repeat","background-position":"center center","background-size":"auto","background-attachment":"scroll","background-type":"","background-media":"","overlay-type":"","overlay-color":"","overlay-opacity":"","overlay-gradient":""},"tablet":{"background-color":"var(--ast-global-color-5)","background-image":"","background-repeat":"repeat","background-position":"center center","background-size":"auto","background-attachment":"scroll","background-type":"","background-media":"","overlay-type":"","overlay-color":"","overlay-opacity":"","overlay-gradient":""},"mobile":{"background-color":"var(--ast-global-color-5)","background-image":"","background-repeat":"repeat","background-position":"center center","background-size":"auto","background-attachment":"scroll","background-type":"","background-media":"","overlay-type":"","overlay-color":"","overlay-opacity":"","overlay-gradient":""}}},"product_brand":[],"product_cat":[231],"product_tag":[],"class_list":{"0":"post-3416","1":"product","2":"type-product","3":"status-publish","4":"has-post-thumbnail","6":"product_cat-coffrets-cadeaux","7":"desktop-align-center","8":"tablet-align-left","9":"mobile-align-left","11":"first","12":"instock","13":"sale","14":"taxable","15":"shipping-taxable","16":"purchasable","17":"product-type-variable"},"yoast_head":"<!-- This site is optimized with the Yoast SEO plugin v25.4 - https:\/\/yoast.com\/wordpress\/plugins\/seo\/ -->\n<title>Lunettes de lecture sans branches Ten 2 Read Box Glens | Glens<\/title>\n<meta name=\"description\" content=\"Glens. D\u00e9couvrez tous les produits de lunettes de lecture de secours Glens dans un seul coffret et offrez-les \u00e9galement \u00e0 votre bien-aim\u00e9 en cadeau.\" \/>\n<meta name=\"robots\" content=\"index, follow, max-snippet:-1, max-image-preview:large, max-video-preview:-1\" \/>\n<link rel=\"canonical\" href=\"https:\/\/glens.com\/fr\/product\/lunettes-de-lecture-sans-branches-ten-2-read-box-glens\/\" \/>\n<meta property=\"og:locale\" content=\"fr_FR\" \/>\n<meta property=\"og:type\" content=\"article\" \/>\n<meta property=\"og:title\" content=\"Lunettes de lecture sans branches Ten 2 Read Box Glens | Glens\" \/>\n<meta property=\"og:description\" content=\"Glens. D\u00e9couvrez tous les produits de lunettes de lecture de secours Glens dans un seul coffret et offrez-les \u00e9galement \u00e0 votre bien-aim\u00e9 en cadeau.\" \/>\n<meta property=\"og:url\" content=\"https:\/\/glens.com\/fr\/product\/lunettes-de-lecture-sans-branches-ten-2-read-box-glens\/\" \/>\n<meta property=\"og:site_name\" content=\"Glens\" \/>\n<meta property=\"article:publisher\" content=\"https:\/\/www.facebook.com\/glensglasses\" \/>\n<meta property=\"article:modified_time\" content=\"2025-05-05T07:03:32+00:00\" \/>\n<meta property=\"og:image\" content=\"https:\/\/glens.com\/wp-content\/uploads\/2025\/02\/redwhite.jpg\" \/>\n\t<meta property=\"og:image:width\" content=\"1728\" \/>\n\t<meta property=\"og:image:height\" content=\"1152\" \/>\n\t<meta property=\"og:image:type\" content=\"image\/jpeg\" \/>\n<meta name=\"twitter:card\" content=\"summary_large_image\" \/>\n<script type=\"application\/ld+json\" class=\"yoast-schema-graph\">{\"@context\":\"https:\/\/schema.org\",\"@graph\":[{\"@type\":\"WebPage\",\"@id\":\"https:\/\/glens.com\/fr\/product\/lunettes-de-lecture-sans-branches-ten-2-read-box-glens\/\",\"url\":\"https:\/\/glens.com\/fr\/product\/lunettes-de-lecture-sans-branches-ten-2-read-box-glens\/\",\"name\":\"Lunettes de lecture sans branches Ten 2 Read Box Glens | Glens\",\"isPartOf\":{\"@id\":\"https:\/\/glens.com\/fr\/#website\"},\"primaryImageOfPage\":{\"@id\":\"https:\/\/glens.com\/fr\/product\/lunettes-de-lecture-sans-branches-ten-2-read-box-glens\/#primaryimage\"},\"image\":{\"@id\":\"https:\/\/glens.com\/fr\/product\/lunettes-de-lecture-sans-branches-ten-2-read-box-glens\/#primaryimage\"},\"thumbnailUrl\":\"https:\/\/glens.com\/wp-content\/uploads\/2025\/02\/redwhite.jpg\",\"datePublished\":\"2025-02-03T09:21:43+00:00\",\"dateModified\":\"2025-05-05T07:03:32+00:00\",\"description\":\"Glens. D\u00e9couvrez tous les produits de lunettes de lecture de secours Glens dans un seul coffret et offrez-les \u00e9galement \u00e0 votre bien-aim\u00e9 en cadeau.\",\"breadcrumb\":{\"@id\":\"https:\/\/glens.com\/fr\/product\/lunettes-de-lecture-sans-branches-ten-2-read-box-glens\/#breadcrumb\"},\"inLanguage\":\"fr-FR\",\"potentialAction\":[{\"@type\":\"ReadAction\",\"target\":[\"https:\/\/glens.com\/fr\/product\/lunettes-de-lecture-sans-branches-ten-2-read-box-glens\/\"]}]},{\"@type\":\"ImageObject\",\"inLanguage\":\"fr-FR\",\"@id\":\"https:\/\/glens.com\/fr\/product\/lunettes-de-lecture-sans-branches-ten-2-read-box-glens\/#primaryimage\",\"url\":\"https:\/\/glens.com\/wp-content\/uploads\/2025\/02\/redwhite.jpg\",\"contentUrl\":\"https:\/\/glens.com\/wp-content\/uploads\/2025\/02\/redwhite.jpg\",\"width\":1728,\"height\":1152,\"caption\":\"Glens Glasses\"},{\"@type\":\"BreadcrumbList\",\"@id\":\"https:\/\/glens.com\/fr\/product\/lunettes-de-lecture-sans-branches-ten-2-read-box-glens\/#breadcrumb\",\"itemListElement\":[{\"@type\":\"ListItem\",\"position\":1,\"name\":\"Accueil\",\"item\":\"https:\/\/glens.com\/fr\/page-de-la-mine\/\"},{\"@type\":\"ListItem\",\"position\":2,\"name\":\"Tous les produits\",\"item\":\"https:\/\/glens.com\/fr\/tous-les-produits\/\"},{\"@type\":\"ListItem\",\"position\":3,\"name\":\"Lunettes de lecture sans branches Ten 2 Read Box Glens\"}]},{\"@type\":\"WebSite\",\"@id\":\"https:\/\/glens.com\/fr\/#website\",\"url\":\"https:\/\/glens.com\/fr\/\",\"name\":\"Glens\",\"description\":\"Lunettes de lecture ultra-minces\",\"publisher\":{\"@id\":\"https:\/\/glens.com\/fr\/#organization\"},\"potentialAction\":[{\"@type\":\"SearchAction\",\"target\":{\"@type\":\"EntryPoint\",\"urlTemplate\":\"https:\/\/glens.com\/fr\/?s={search_term_string}\"},\"query-input\":{\"@type\":\"PropertyValueSpecification\",\"valueRequired\":true,\"valueName\":\"search_term_string\"}}],\"inLanguage\":\"fr-FR\"},{\"@type\":\"Organization\",\"@id\":\"https:\/\/glens.com\/fr\/#organization\",\"name\":\"Glens\",\"url\":\"https:\/\/glens.com\/fr\/\",\"logo\":{\"@type\":\"ImageObject\",\"inLanguage\":\"fr-FR\",\"@id\":\"https:\/\/glens.com\/fr\/#\/schema\/logo\/image\/\",\"url\":\"https:\/\/glens.com\/wp-content\/uploads\/2023\/07\/glenslogo.svg\",\"contentUrl\":\"https:\/\/glens.com\/wp-content\/uploads\/2023\/07\/glenslogo.svg\",\"width\":1450,\"height\":887,\"caption\":\"Glens\"},\"image\":{\"@id\":\"https:\/\/glens.com\/fr\/#\/schema\/logo\/image\/\"},\"sameAs\":[\"https:\/\/www.facebook.com\/glensglasses\",\"https:\/\/www.instagram.com\/glensglasses\/\"]}]}<\/script>\n<!-- \/ Yoast SEO plugin. -->","yoast_head_json":{"title":"Lunettes de lecture sans branches Ten 2 Read Box Glens | Glens","description":"Glens. D\u00e9couvrez tous les produits de lunettes de lecture de secours Glens dans un seul coffret et offrez-les \u00e9galement \u00e0 votre bien-aim\u00e9 en cadeau.","robots":{"index":"index","follow":"follow","max-snippet":"max-snippet:-1","max-image-preview":"max-image-preview:large","max-video-preview":"max-video-preview:-1"},"canonical":"https:\/\/glens.com\/fr\/product\/lunettes-de-lecture-sans-branches-ten-2-read-box-glens\/","og_locale":"fr_FR","og_type":"article","og_title":"Lunettes de lecture sans branches Ten 2 Read Box Glens | Glens","og_description":"Glens. D\u00e9couvrez tous les produits de lunettes de lecture de secours Glens dans un seul coffret et offrez-les \u00e9galement \u00e0 votre bien-aim\u00e9 en cadeau.","og_url":"https:\/\/glens.com\/fr\/product\/lunettes-de-lecture-sans-branches-ten-2-read-box-glens\/","og_site_name":"Glens","article_publisher":"https:\/\/www.facebook.com\/glensglasses","article_modified_time":"2025-05-05T07:03:32+00:00","og_image":[{"width":1728,"height":1152,"url":"https:\/\/glens.com\/wp-content\/uploads\/2025\/02\/redwhite.jpg","type":"image\/jpeg"}],"twitter_card":"summary_large_image","schema":{"@context":"https:\/\/schema.org","@graph":[{"@type":"WebPage","@id":"https:\/\/glens.com\/fr\/product\/lunettes-de-lecture-sans-branches-ten-2-read-box-glens\/","url":"https:\/\/glens.com\/fr\/product\/lunettes-de-lecture-sans-branches-ten-2-read-box-glens\/","name":"Lunettes de lecture sans branches Ten 2 Read Box Glens | Glens","isPartOf":{"@id":"https:\/\/glens.com\/fr\/#website"},"primaryImageOfPage":{"@id":"https:\/\/glens.com\/fr\/product\/lunettes-de-lecture-sans-branches-ten-2-read-box-glens\/#primaryimage"},"image":{"@id":"https:\/\/glens.com\/fr\/product\/lunettes-de-lecture-sans-branches-ten-2-read-box-glens\/#primaryimage"},"thumbnailUrl":"https:\/\/glens.com\/wp-content\/uploads\/2025\/02\/redwhite.jpg","datePublished":"2025-02-03T09:21:43+00:00","dateModified":"2025-05-05T07:03:32+00:00","description":"Glens. D\u00e9couvrez tous les produits de lunettes de lecture de secours Glens dans un seul coffret et offrez-les \u00e9galement \u00e0 votre bien-aim\u00e9 en cadeau.","breadcrumb":{"@id":"https:\/\/glens.com\/fr\/product\/lunettes-de-lecture-sans-branches-ten-2-read-box-glens\/#breadcrumb"},"inLanguage":"fr-FR","potentialAction":[{"@type":"ReadAction","target":["https:\/\/glens.com\/fr\/product\/lunettes-de-lecture-sans-branches-ten-2-read-box-glens\/"]}]},{"@type":"ImageObject","inLanguage":"fr-FR","@id":"https:\/\/glens.com\/fr\/product\/lunettes-de-lecture-sans-branches-ten-2-read-box-glens\/#primaryimage","url":"https:\/\/glens.com\/wp-content\/uploads\/2025\/02\/redwhite.jpg","contentUrl":"https:\/\/glens.com\/wp-content\/uploads\/2025\/02\/redwhite.jpg","width":1728,"height":1152,"caption":"Glens Glasses"},{"@type":"BreadcrumbList","@id":"https:\/\/glens.com\/fr\/product\/lunettes-de-lecture-sans-branches-ten-2-read-box-glens\/#breadcrumb","itemListElement":[{"@type":"ListItem","position":1,"name":"Accueil","item":"https:\/\/glens.com\/fr\/page-de-la-mine\/"},{"@type":"ListItem","position":2,"name":"Tous les produits","item":"https:\/\/glens.com\/fr\/tous-les-produits\/"},{"@type":"ListItem","position":3,"name":"Lunettes de lecture sans branches Ten 2 Read Box Glens"}]},{"@type":"WebSite","@id":"https:\/\/glens.com\/fr\/#website","url":"https:\/\/glens.com\/fr\/","name":"Glens","description":"Lunettes de lecture ultra-minces","publisher":{"@id":"https:\/\/glens.com\/fr\/#organization"},"potentialAction":[{"@type":"SearchAction","target":{"@type":"EntryPoint","urlTemplate":"https:\/\/glens.com\/fr\/?s={search_term_string}"},"query-input":{"@type":"PropertyValueSpecification","valueRequired":true,"valueName":"search_term_string"}}],"inLanguage":"fr-FR"},{"@type":"Organization","@id":"https:\/\/glens.com\/fr\/#organization","name":"Glens","url":"https:\/\/glens.com\/fr\/","logo":{"@type":"ImageObject","inLanguage":"fr-FR","@id":"https:\/\/glens.com\/fr\/#\/schema\/logo\/image\/","url":"https:\/\/glens.com\/wp-content\/uploads\/2023\/07\/glenslogo.svg","contentUrl":"https:\/\/glens.com\/wp-content\/uploads\/2023\/07\/glenslogo.svg","width":1450,"height":887,"caption":"Glens"},"image":{"@id":"https:\/\/glens.com\/fr\/#\/schema\/logo\/image\/"},"sameAs":["https:\/\/www.facebook.com\/glensglasses","https:\/\/www.instagram.com\/glensglasses\/"]}]}},"lang":"fr","translations":{"es":3119,"en":2781,"de":3298,"fr":3416,"it":3530},"_links":{"self":[{"href":"https:\/\/glens.com\/fr\/wp-json\/wp\/v2\/product\/3416","targetHints":{"allow":["GET"]}}],"collection":[{"href":"https:\/\/glens.com\/fr\/wp-json\/wp\/v2\/product"}],"about":[{"href":"https:\/\/glens.com\/fr\/wp-json\/wp\/v2\/types\/product"}],"wp:featuredmedia":[{"embeddable":true,"href":"https:\/\/glens.com\/fr\/wp-json\/wp\/v2\/media\/2796"}],"wp:attachment":[{"href":"https:\/\/glens.com\/fr\/wp-json\/wp\/v2\/media?parent=3416"}],"wp:term":[{"taxonomy":"product_brand","embeddable":true,"href":"https:\/\/glens.com\/fr\/wp-json\/wp\/v2\/product_brand?post=3416"},{"taxonomy":"product_cat","embeddable":true,"href":"https:\/\/glens.com\/fr\/wp-json\/wp\/v2\/product_cat?post=3416"},{"taxonomy":"product_tag","embeddable":true,"href":"https:\/\/glens.com\/fr\/wp-json\/wp\/v2\/product_tag?post=3416"}],"curies":[{"name":"wp","href":"https:\/\/api.w.org\/{rel}","templated":true}]}}