{"id":3192,"date":"2025-01-17T12:43:05","date_gmt":"2025-01-17T12:43:05","guid":{"rendered":"https:\/\/glens.com\/?post_type=product&#038;p=3192"},"modified":"2025-05-05T07:12:32","modified_gmt":"2025-05-05T07:12:32","slug":"estuche-llavero-ultrafino-para-gafas-de-lectura","status":"publish","type":"product","link":"https:\/\/glens.com\/es\/producto\/estuche-llavero-ultrafino-para-gafas-de-lectura\/","title":{"rendered":"Estuche llavero ultrafino para gafas de lectura"},"content":{"rendered":"<p>Sin brazos, pr\u00e1cticas y ligeras. Gracias a su dise\u00f1o y tama\u00f1o caben f\u00e1cilmente en su cartera y tarjeteros o simplemente se deslizan en su bolsillo, bolso y monedero.\u2028\u2028 Funcional, a la vez que elegante y con estilo, el marco se sujeta f\u00e1cilmente con los bolsos, el bot\u00f3n de las camisas y las llaves para llevarlo sencillamente a todas partes.\u2028\u2028 Notable sujeci\u00f3n gracias al innovador dise\u00f1o del cierre y f\u00e1cil de sacar.<\/p>\n<ul>\n<li>Dimensiones: 85 mm x 25 mm x 5 mm<\/li>\n<li>Peso: s\u00f3lo un gramo<\/li>\n<li>Fabricado en el Reino Unido<\/li>\n<li>Colores: Verde, Blanco, Rojo y Beige<\/li>\n<li>Anilla met\u00e1lica de 5mm para enganchar goma o ganchos met\u00e1licos de fijaci\u00f3n con bot\u00f3n o cremallera<\/li>\n<\/ul>\n<div class=\"ast-oembed-container\" style=\"height: 100%;\"><iframe title=\"Glens Reading Glasses Case\" width=\"500\" height=\"375\" src=\"https:\/\/www.youtube.com\/embed\/uWWM_H9-NtQ?feature=oembed\" frameborder=\"0\" allow=\"accelerometer; autoplay; clipboard-write; encrypted-media; gyroscope; picture-in-picture; web-share\" referrerpolicy=\"strict-origin-when-cross-origin\" allowfullscreen><\/iframe><\/div>","protected":false},"excerpt":{"rendered":"<p>Sin brazos, pr\u00e1cticas y ligeras. Gracias a su dise\u00f1o y tama\u00f1o caben f\u00e1cilmente en su cartera y tarjeteros o simplemente se deslizan en su bolsillo, bolso y monedero.\u2028\u2028 Funcional, a la vez que elegante y con estilo, el marco se sujeta f\u00e1cilmente con los bolsos, el bot\u00f3n de las camisas y las llaves para llevarlo [&hellip;]<\/p>","protected":false},"featured_media":2146,"template":"","meta":{"site-sidebar-layout":"default","site-content-layout":"default","ast-site-content-layout":"default","site-content-style":"default","site-sidebar-style":"default","ast-global-header-display":"","ast-banner-title-visibility":"","ast-main-header-display":"","ast-hfb-above-header-display":"","ast-hfb-below-header-display":"","ast-hfb-mobile-header-display":"","site-post-title":"","ast-breadcrumbs-content":"","ast-featured-img":"","footer-sml-layout":"","theme-transparent-header-meta":"default","adv-header-id-meta":"","stick-header-meta":"","header-above-stick-meta":"","header-main-stick-meta":"","header-below-stick-meta":"","astra-migrate-meta-layouts":"set","ast-page-background-enabled":"default","ast-page-background-meta":{"desktop":{"background-color":"var(--ast-global-color-4)","background-image":"","background-repeat":"repeat","background-position":"center center","background-size":"auto","background-attachment":"scroll","background-type":"","background-media":"","overlay-type":"","overlay-color":"","overlay-opacity":"","overlay-gradient":""},"tablet":{"background-color":"","background-image":"","background-repeat":"repeat","background-position":"center center","background-size":"auto","background-attachment":"scroll","background-type":"","background-media":"","overlay-type":"","overlay-color":"","overlay-opacity":"","overlay-gradient":""},"mobile":{"background-color":"","background-image":"","background-repeat":"repeat","background-position":"center center","background-size":"auto","background-attachment":"scroll","background-type":"","background-media":"","overlay-type":"","overlay-color":"","overlay-opacity":"","overlay-gradient":""}},"ast-content-background-meta":{"desktop":{"background-color":"var(--ast-global-color-5)","background-image":"","background-repeat":"repeat","background-position":"center center","background-size":"auto","background-attachment":"scroll","background-type":"","background-media":"","overlay-type":"","overlay-color":"","overlay-opacity":"","overlay-gradient":""},"tablet":{"background-color":"var(--ast-global-color-5)","background-image":"","background-repeat":"repeat","background-position":"center center","background-size":"auto","background-attachment":"scroll","background-type":"","background-media":"","overlay-type":"","overlay-color":"","overlay-opacity":"","overlay-gradient":""},"mobile":{"background-color":"var(--ast-global-color-5)","background-image":"","background-repeat":"repeat","background-position":"center center","background-size":"auto","background-attachment":"scroll","background-type":"","background-media":"","overlay-type":"","overlay-color":"","overlay-opacity":"","overlay-gradient":""}}},"product_brand":[],"product_cat":[101],"product_tag":[],"class_list":{"0":"post-3192","1":"product","2":"type-product","3":"status-publish","4":"has-post-thumbnail","6":"product_cat-accesorios","7":"desktop-align-center","8":"tablet-align-left","9":"mobile-align-left","11":"first","12":"instock","13":"sale","14":"taxable","15":"shipping-taxable","16":"purchasable","17":"product-type-variable"},"yoast_head":"<!-- This site is optimized with the Yoast SEO plugin v25.4 - https:\/\/yoast.com\/wordpress\/plugins\/seo\/ -->\n<title>Estuche llavero ultrafino para gafas de lectura | Glens<\/title>\n<meta name=\"description\" content=\"Glens. Armless, handy, and lightweight. Thanks to the design and size they easily fit in your wallet and cardholders or simply slip into your pocket, bag, and purse.\u2028\u2028\" \/>\n<meta name=\"robots\" content=\"index, follow, max-snippet:-1, max-image-preview:large, max-video-preview:-1\" \/>\n<link rel=\"canonical\" href=\"https:\/\/glens.com\/es\/producto\/estuche-llavero-ultrafino-para-gafas-de-lectura\/\" \/>\n<meta property=\"og:locale\" content=\"es_ES\" \/>\n<meta property=\"og:type\" content=\"article\" \/>\n<meta property=\"og:title\" content=\"Estuche llavero ultrafino para gafas de lectura | Glens\" \/>\n<meta property=\"og:description\" content=\"Glens. Armless, handy, and lightweight. Thanks to the design and size they easily fit in your wallet and cardholders or simply slip into your pocket, bag, and purse.\u2028\u2028\" \/>\n<meta property=\"og:url\" content=\"https:\/\/glens.com\/es\/producto\/estuche-llavero-ultrafino-para-gafas-de-lectura\/\" \/>\n<meta property=\"og:site_name\" content=\"Glens\" \/>\n<meta property=\"article:publisher\" content=\"https:\/\/www.facebook.com\/glensglasses\" \/>\n<meta property=\"article:modified_time\" content=\"2025-05-05T07:12:32+00:00\" \/>\n<meta property=\"og:image\" content=\"https:\/\/glens.com\/wp-content\/uploads\/2025\/01\/k_1.png\" \/>\n\t<meta property=\"og:image:width\" content=\"1354\" \/>\n\t<meta property=\"og:image:height\" content=\"904\" \/>\n\t<meta property=\"og:image:type\" content=\"image\/png\" \/>\n<meta name=\"twitter:card\" content=\"summary_large_image\" \/>\n<script type=\"application\/ld+json\" class=\"yoast-schema-graph\">{\"@context\":\"https:\/\/schema.org\",\"@graph\":[{\"@type\":\"WebPage\",\"@id\":\"https:\/\/glens.com\/es\/producto\/estuche-llavero-ultrafino-para-gafas-de-lectura\/\",\"url\":\"https:\/\/glens.com\/es\/producto\/estuche-llavero-ultrafino-para-gafas-de-lectura\/\",\"name\":\"Estuche llavero ultrafino para gafas de lectura | Glens\",\"isPartOf\":{\"@id\":\"https:\/\/glens.com\/es\/#website\"},\"primaryImageOfPage\":{\"@id\":\"https:\/\/glens.com\/es\/producto\/estuche-llavero-ultrafino-para-gafas-de-lectura\/#primaryimage\"},\"image\":{\"@id\":\"https:\/\/glens.com\/es\/producto\/estuche-llavero-ultrafino-para-gafas-de-lectura\/#primaryimage\"},\"thumbnailUrl\":\"https:\/\/glens.com\/wp-content\/uploads\/2025\/01\/k_1.png\",\"datePublished\":\"2025-01-17T12:43:05+00:00\",\"dateModified\":\"2025-05-05T07:12:32+00:00\",\"description\":\"Glens. Armless, handy, and lightweight. Thanks to the design and size they easily fit in your wallet and cardholders or simply slip into your pocket, bag, and purse.\\u2028\\u2028\",\"breadcrumb\":{\"@id\":\"https:\/\/glens.com\/es\/producto\/estuche-llavero-ultrafino-para-gafas-de-lectura\/#breadcrumb\"},\"inLanguage\":\"es\",\"potentialAction\":[{\"@type\":\"ReadAction\",\"target\":[\"https:\/\/glens.com\/es\/producto\/estuche-llavero-ultrafino-para-gafas-de-lectura\/\"]}]},{\"@type\":\"ImageObject\",\"inLanguage\":\"es\",\"@id\":\"https:\/\/glens.com\/es\/producto\/estuche-llavero-ultrafino-para-gafas-de-lectura\/#primaryimage\",\"url\":\"https:\/\/glens.com\/wp-content\/uploads\/2025\/01\/k_1.png\",\"contentUrl\":\"https:\/\/glens.com\/wp-content\/uploads\/2025\/01\/k_1.png\",\"width\":1354,\"height\":904,\"caption\":\"Glens Glasses\"},{\"@type\":\"BreadcrumbList\",\"@id\":\"https:\/\/glens.com\/es\/producto\/estuche-llavero-ultrafino-para-gafas-de-lectura\/#breadcrumb\",\"itemListElement\":[{\"@type\":\"ListItem\",\"position\":1,\"name\":\"P\u00e1gina de inicio\",\"item\":\"https:\/\/glens.com\/es\/pagina-principal\/\"},{\"@type\":\"ListItem\",\"position\":2,\"name\":\"Todos los productos\",\"item\":\"https:\/\/glens.com\/es\/todos-los-productos\/\"},{\"@type\":\"ListItem\",\"position\":3,\"name\":\"Estuche llavero ultrafino para gafas de lectura\"}]},{\"@type\":\"WebSite\",\"@id\":\"https:\/\/glens.com\/es\/#website\",\"url\":\"https:\/\/glens.com\/es\/\",\"name\":\"Glens\",\"description\":\"Gafas de lectura ultradelgadas\",\"publisher\":{\"@id\":\"https:\/\/glens.com\/es\/#organization\"},\"potentialAction\":[{\"@type\":\"SearchAction\",\"target\":{\"@type\":\"EntryPoint\",\"urlTemplate\":\"https:\/\/glens.com\/es\/?s={search_term_string}\"},\"query-input\":{\"@type\":\"PropertyValueSpecification\",\"valueRequired\":true,\"valueName\":\"search_term_string\"}}],\"inLanguage\":\"es\"},{\"@type\":\"Organization\",\"@id\":\"https:\/\/glens.com\/es\/#organization\",\"name\":\"Glens\",\"url\":\"https:\/\/glens.com\/es\/\",\"logo\":{\"@type\":\"ImageObject\",\"inLanguage\":\"es\",\"@id\":\"https:\/\/glens.com\/es\/#\/schema\/logo\/image\/\",\"url\":\"https:\/\/glens.com\/wp-content\/uploads\/2023\/07\/glenslogo.svg\",\"contentUrl\":\"https:\/\/glens.com\/wp-content\/uploads\/2023\/07\/glenslogo.svg\",\"width\":1450,\"height\":887,\"caption\":\"Glens\"},\"image\":{\"@id\":\"https:\/\/glens.com\/es\/#\/schema\/logo\/image\/\"},\"sameAs\":[\"https:\/\/www.facebook.com\/glensglasses\",\"https:\/\/www.instagram.com\/glensglasses\/\"]}]}<\/script>\n<!-- \/ Yoast SEO plugin. -->","yoast_head_json":{"title":"Estuche llavero ultrafino para gafas de lectura | Glens","description":"Glens. Armless, handy, and lightweight. Thanks to the design and size they easily fit in your wallet and cardholders or simply slip into your pocket, bag, and purse.\u2028\u2028","robots":{"index":"index","follow":"follow","max-snippet":"max-snippet:-1","max-image-preview":"max-image-preview:large","max-video-preview":"max-video-preview:-1"},"canonical":"https:\/\/glens.com\/es\/producto\/estuche-llavero-ultrafino-para-gafas-de-lectura\/","og_locale":"es_ES","og_type":"article","og_title":"Estuche llavero ultrafino para gafas de lectura | Glens","og_description":"Glens. Armless, handy, and lightweight. Thanks to the design and size they easily fit in your wallet and cardholders or simply slip into your pocket, bag, and purse.\u2028\u2028","og_url":"https:\/\/glens.com\/es\/producto\/estuche-llavero-ultrafino-para-gafas-de-lectura\/","og_site_name":"Glens","article_publisher":"https:\/\/www.facebook.com\/glensglasses","article_modified_time":"2025-05-05T07:12:32+00:00","og_image":[{"width":1354,"height":904,"url":"https:\/\/glens.com\/wp-content\/uploads\/2025\/01\/k_1.png","type":"image\/png"}],"twitter_card":"summary_large_image","schema":{"@context":"https:\/\/schema.org","@graph":[{"@type":"WebPage","@id":"https:\/\/glens.com\/es\/producto\/estuche-llavero-ultrafino-para-gafas-de-lectura\/","url":"https:\/\/glens.com\/es\/producto\/estuche-llavero-ultrafino-para-gafas-de-lectura\/","name":"Estuche llavero ultrafino para gafas de lectura | Glens","isPartOf":{"@id":"https:\/\/glens.com\/es\/#website"},"primaryImageOfPage":{"@id":"https:\/\/glens.com\/es\/producto\/estuche-llavero-ultrafino-para-gafas-de-lectura\/#primaryimage"},"image":{"@id":"https:\/\/glens.com\/es\/producto\/estuche-llavero-ultrafino-para-gafas-de-lectura\/#primaryimage"},"thumbnailUrl":"https:\/\/glens.com\/wp-content\/uploads\/2025\/01\/k_1.png","datePublished":"2025-01-17T12:43:05+00:00","dateModified":"2025-05-05T07:12:32+00:00","description":"Glens. Armless, handy, and lightweight. Thanks to the design and size they easily fit in your wallet and cardholders or simply slip into your pocket, bag, and purse.\u2028\u2028","breadcrumb":{"@id":"https:\/\/glens.com\/es\/producto\/estuche-llavero-ultrafino-para-gafas-de-lectura\/#breadcrumb"},"inLanguage":"es","potentialAction":[{"@type":"ReadAction","target":["https:\/\/glens.com\/es\/producto\/estuche-llavero-ultrafino-para-gafas-de-lectura\/"]}]},{"@type":"ImageObject","inLanguage":"es","@id":"https:\/\/glens.com\/es\/producto\/estuche-llavero-ultrafino-para-gafas-de-lectura\/#primaryimage","url":"https:\/\/glens.com\/wp-content\/uploads\/2025\/01\/k_1.png","contentUrl":"https:\/\/glens.com\/wp-content\/uploads\/2025\/01\/k_1.png","width":1354,"height":904,"caption":"Glens Glasses"},{"@type":"BreadcrumbList","@id":"https:\/\/glens.com\/es\/producto\/estuche-llavero-ultrafino-para-gafas-de-lectura\/#breadcrumb","itemListElement":[{"@type":"ListItem","position":1,"name":"P\u00e1gina de inicio","item":"https:\/\/glens.com\/es\/pagina-principal\/"},{"@type":"ListItem","position":2,"name":"Todos los productos","item":"https:\/\/glens.com\/es\/todos-los-productos\/"},{"@type":"ListItem","position":3,"name":"Estuche llavero ultrafino para gafas de lectura"}]},{"@type":"WebSite","@id":"https:\/\/glens.com\/es\/#website","url":"https:\/\/glens.com\/es\/","name":"Glens","description":"Gafas de lectura ultradelgadas","publisher":{"@id":"https:\/\/glens.com\/es\/#organization"},"potentialAction":[{"@type":"SearchAction","target":{"@type":"EntryPoint","urlTemplate":"https:\/\/glens.com\/es\/?s={search_term_string}"},"query-input":{"@type":"PropertyValueSpecification","valueRequired":true,"valueName":"search_term_string"}}],"inLanguage":"es"},{"@type":"Organization","@id":"https:\/\/glens.com\/es\/#organization","name":"Glens","url":"https:\/\/glens.com\/es\/","logo":{"@type":"ImageObject","inLanguage":"es","@id":"https:\/\/glens.com\/es\/#\/schema\/logo\/image\/","url":"https:\/\/glens.com\/wp-content\/uploads\/2023\/07\/glenslogo.svg","contentUrl":"https:\/\/glens.com\/wp-content\/uploads\/2023\/07\/glenslogo.svg","width":1450,"height":887,"caption":"Glens"},"image":{"@id":"https:\/\/glens.com\/es\/#\/schema\/logo\/image\/"},"sameAs":["https:\/\/www.facebook.com\/glensglasses","https:\/\/www.instagram.com\/glensglasses\/"]}]}},"lang":"es","translations":{"es":3192,"en":2176,"de":3378,"fr":3493,"it":3605},"_links":{"self":[{"href":"https:\/\/glens.com\/es\/wp-json\/wp\/v2\/product\/3192","targetHints":{"allow":["GET"]}}],"collection":[{"href":"https:\/\/glens.com\/es\/wp-json\/wp\/v2\/product"}],"about":[{"href":"https:\/\/glens.com\/es\/wp-json\/wp\/v2\/types\/product"}],"wp:featuredmedia":[{"embeddable":true,"href":"https:\/\/glens.com\/es\/wp-json\/wp\/v2\/media\/2146"}],"wp:attachment":[{"href":"https:\/\/glens.com\/es\/wp-json\/wp\/v2\/media?parent=3192"}],"wp:term":[{"taxonomy":"product_brand","embeddable":true,"href":"https:\/\/glens.com\/es\/wp-json\/wp\/v2\/product_brand?post=3192"},{"taxonomy":"product_cat","embeddable":true,"href":"https:\/\/glens.com\/es\/wp-json\/wp\/v2\/product_cat?post=3192"},{"taxonomy":"product_tag","embeddable":true,"href":"https:\/\/glens.com\/es\/wp-json\/wp\/v2\/product_tag?post=3192"}],"curies":[{"name":"wp","href":"https:\/\/api.w.org\/{rel}","templated":true}]}}