{"id":3174,"date":"2025-01-17T15:26:37","date_gmt":"2025-01-17T15:26:37","guid":{"rendered":"https:\/\/glens.com\/?post_type=product&#038;p=3174"},"modified":"2025-05-05T07:10:46","modified_gmt":"2025-05-05T07:10:46","slug":"gafas-de-lectura-portatiles-unisex-glens-pack-de-3","status":"publish","type":"product","link":"https:\/\/glens.com\/es\/producto\/gafas-de-lectura-portatiles-unisex-glens-pack-de-3\/","title":{"rendered":"Gafas de lectura port\u00e1tiles unisex Glens &#8211; Pack de 3"},"content":{"rendered":"<p>Sin brazos, manejables y ligeras, gracias a su dise\u00f1o y tama\u00f1o caben f\u00e1cilmente en carteras y tarjeteros o simplemente se deslizan en el bolsillo, bolso, monedero o funda del m\u00f3vil.\u2028 El dise\u00f1o estonio y la tecnolog\u00eda alemana se han unido para fabricar las gafas de lectura m\u00e1s ligeras y delgadas del mundo. \u2028 Sorprendente invisibilidad y flexibilidad gracias a las lentes fabricadas en copoli\u00e9ster.<\/p>\n<div class=\"ast-oembed-container\" style=\"height: 100%;\"><iframe title=\"Glens Reading Glasses\" width=\"500\" height=\"281\" src=\"https:\/\/www.youtube.com\/embed\/yX_ta-EPcvA?feature=oembed\" frameborder=\"0\" allow=\"accelerometer; autoplay; clipboard-write; encrypted-media; gyroscope; picture-in-picture; web-share\" referrerpolicy=\"strict-origin-when-cross-origin\" allowfullscreen><\/iframe><\/div>","protected":false},"excerpt":{"rendered":"<p>Sin brazos, manejables y ligeras, gracias a su dise\u00f1o y tama\u00f1o caben f\u00e1cilmente en carteras y tarjeteros o simplemente se deslizan en el bolsillo, bolso, monedero o funda del m\u00f3vil.\u2028 El dise\u00f1o estonio y la tecnolog\u00eda alemana se han unido para fabricar las gafas de lectura m\u00e1s ligeras y delgadas del mundo. \u2028 Sorprendente invisibilidad [&hellip;]<\/p>","protected":false},"featured_media":2281,"template":"","meta":{"site-sidebar-layout":"default","site-content-layout":"default","ast-site-content-layout":"default","site-content-style":"default","site-sidebar-style":"default","ast-global-header-display":"","ast-banner-title-visibility":"","ast-main-header-display":"","ast-hfb-above-header-display":"","ast-hfb-below-header-display":"","ast-hfb-mobile-header-display":"","site-post-title":"","ast-breadcrumbs-content":"","ast-featured-img":"","footer-sml-layout":"","theme-transparent-header-meta":"default","adv-header-id-meta":"","stick-header-meta":"","header-above-stick-meta":"","header-main-stick-meta":"","header-below-stick-meta":"","astra-migrate-meta-layouts":"set","ast-page-background-enabled":"default","ast-page-background-meta":{"desktop":{"background-color":"var(--ast-global-color-4)","background-image":"","background-repeat":"repeat","background-position":"center center","background-size":"auto","background-attachment":"scroll","background-type":"","background-media":"","overlay-type":"","overlay-color":"","overlay-opacity":"","overlay-gradient":""},"tablet":{"background-color":"","background-image":"","background-repeat":"repeat","background-position":"center center","background-size":"auto","background-attachment":"scroll","background-type":"","background-media":"","overlay-type":"","overlay-color":"","overlay-opacity":"","overlay-gradient":""},"mobile":{"background-color":"","background-image":"","background-repeat":"repeat","background-position":"center center","background-size":"auto","background-attachment":"scroll","background-type":"","background-media":"","overlay-type":"","overlay-color":"","overlay-opacity":"","overlay-gradient":""}},"ast-content-background-meta":{"desktop":{"background-color":"var(--ast-global-color-5)","background-image":"","background-repeat":"repeat","background-position":"center center","background-size":"auto","background-attachment":"scroll","background-type":"","background-media":"","overlay-type":"","overlay-color":"","overlay-opacity":"","overlay-gradient":""},"tablet":{"background-color":"var(--ast-global-color-5)","background-image":"","background-repeat":"repeat","background-position":"center center","background-size":"auto","background-attachment":"scroll","background-type":"","background-media":"","overlay-type":"","overlay-color":"","overlay-opacity":"","overlay-gradient":""},"mobile":{"background-color":"var(--ast-global-color-5)","background-image":"","background-repeat":"repeat","background-position":"center center","background-size":"auto","background-attachment":"scroll","background-type":"","background-media":"","overlay-type":"","overlay-color":"","overlay-opacity":"","overlay-gradient":""}}},"product_brand":[],"product_cat":[105],"product_tag":[],"class_list":{"0":"post-3174","1":"product","2":"type-product","3":"status-publish","4":"has-post-thumbnail","6":"product_cat-gafas-de-lectura-glens","7":"desktop-align-center","8":"tablet-align-left","9":"mobile-align-left","11":"first","12":"instock","13":"sale","14":"taxable","15":"shipping-taxable","16":"purchasable","17":"product-type-variable"},"yoast_head":"<!-- This site is optimized with the Yoast SEO plugin v25.4 - https:\/\/yoast.com\/wordpress\/plugins\/seo\/ -->\n<title>Gafas de lectura port\u00e1tiles unisex Glens - Pack de 3 | Glens<\/title>\n<meta name=\"description\" content=\"Glens. Armless, handy and lightweight, Thanks to the design and size they easily fit in your wallet and cardholders or simply slip into your pocket, bag, purse or mobile cover.\u2028\" \/>\n<meta name=\"robots\" content=\"index, follow, max-snippet:-1, max-image-preview:large, max-video-preview:-1\" \/>\n<link rel=\"canonical\" href=\"https:\/\/glens.com\/es\/producto\/gafas-de-lectura-portatiles-unisex-glens-pack-de-3\/\" \/>\n<meta property=\"og:locale\" content=\"es_ES\" \/>\n<meta property=\"og:type\" content=\"article\" \/>\n<meta property=\"og:title\" content=\"Gafas de lectura port\u00e1tiles unisex Glens - Pack de 3 | Glens\" \/>\n<meta property=\"og:description\" content=\"Glens. Armless, handy and lightweight, Thanks to the design and size they easily fit in your wallet and cardholders or simply slip into your pocket, bag, purse or mobile cover.\u2028\" \/>\n<meta property=\"og:url\" content=\"https:\/\/glens.com\/es\/producto\/gafas-de-lectura-portatiles-unisex-glens-pack-de-3\/\" \/>\n<meta property=\"og:site_name\" content=\"Glens\" \/>\n<meta property=\"article:publisher\" content=\"https:\/\/www.facebook.com\/glensglasses\" \/>\n<meta property=\"article:modified_time\" content=\"2025-05-05T07:10:46+00:00\" \/>\n<meta property=\"og:image\" content=\"https:\/\/glens.com\/wp-content\/uploads\/2025\/01\/classicpack3-1024x750.png\" \/>\n\t<meta property=\"og:image:width\" content=\"1024\" \/>\n\t<meta property=\"og:image:height\" content=\"750\" \/>\n\t<meta property=\"og:image:type\" content=\"image\/png\" \/>\n<meta name=\"twitter:card\" content=\"summary_large_image\" \/>\n<script type=\"application\/ld+json\" class=\"yoast-schema-graph\">{\"@context\":\"https:\/\/schema.org\",\"@graph\":[{\"@type\":\"WebPage\",\"@id\":\"https:\/\/glens.com\/es\/producto\/gafas-de-lectura-portatiles-unisex-glens-pack-de-3\/\",\"url\":\"https:\/\/glens.com\/es\/producto\/gafas-de-lectura-portatiles-unisex-glens-pack-de-3\/\",\"name\":\"Gafas de lectura port\u00e1tiles unisex Glens - Pack de 3 | Glens\",\"isPartOf\":{\"@id\":\"https:\/\/glens.com\/es\/#website\"},\"primaryImageOfPage\":{\"@id\":\"https:\/\/glens.com\/es\/producto\/gafas-de-lectura-portatiles-unisex-glens-pack-de-3\/#primaryimage\"},\"image\":{\"@id\":\"https:\/\/glens.com\/es\/producto\/gafas-de-lectura-portatiles-unisex-glens-pack-de-3\/#primaryimage\"},\"thumbnailUrl\":\"https:\/\/glens.com\/wp-content\/uploads\/2025\/01\/classicpack3.png\",\"datePublished\":\"2025-01-17T15:26:37+00:00\",\"dateModified\":\"2025-05-05T07:10:46+00:00\",\"description\":\"Glens. Armless, handy and lightweight, Thanks to the design and size they easily fit in your wallet and cardholders or simply slip into your pocket, bag, purse or mobile cover.\\u2028\",\"breadcrumb\":{\"@id\":\"https:\/\/glens.com\/es\/producto\/gafas-de-lectura-portatiles-unisex-glens-pack-de-3\/#breadcrumb\"},\"inLanguage\":\"es\",\"potentialAction\":[{\"@type\":\"ReadAction\",\"target\":[\"https:\/\/glens.com\/es\/producto\/gafas-de-lectura-portatiles-unisex-glens-pack-de-3\/\"]}]},{\"@type\":\"ImageObject\",\"inLanguage\":\"es\",\"@id\":\"https:\/\/glens.com\/es\/producto\/gafas-de-lectura-portatiles-unisex-glens-pack-de-3\/#primaryimage\",\"url\":\"https:\/\/glens.com\/wp-content\/uploads\/2025\/01\/classicpack3.png\",\"contentUrl\":\"https:\/\/glens.com\/wp-content\/uploads\/2025\/01\/classicpack3.png\",\"width\":1708,\"height\":1251,\"caption\":\"Glens Glasses\"},{\"@type\":\"BreadcrumbList\",\"@id\":\"https:\/\/glens.com\/es\/producto\/gafas-de-lectura-portatiles-unisex-glens-pack-de-3\/#breadcrumb\",\"itemListElement\":[{\"@type\":\"ListItem\",\"position\":1,\"name\":\"P\u00e1gina de inicio\",\"item\":\"https:\/\/glens.com\/es\/pagina-principal\/\"},{\"@type\":\"ListItem\",\"position\":2,\"name\":\"Todos los productos\",\"item\":\"https:\/\/glens.com\/es\/todos-los-productos\/\"},{\"@type\":\"ListItem\",\"position\":3,\"name\":\"Gafas de lectura port\u00e1tiles unisex Glens &#8211; Pack de 3\"}]},{\"@type\":\"WebSite\",\"@id\":\"https:\/\/glens.com\/es\/#website\",\"url\":\"https:\/\/glens.com\/es\/\",\"name\":\"Glens\",\"description\":\"Gafas de lectura ultradelgadas\",\"publisher\":{\"@id\":\"https:\/\/glens.com\/es\/#organization\"},\"potentialAction\":[{\"@type\":\"SearchAction\",\"target\":{\"@type\":\"EntryPoint\",\"urlTemplate\":\"https:\/\/glens.com\/es\/?s={search_term_string}\"},\"query-input\":{\"@type\":\"PropertyValueSpecification\",\"valueRequired\":true,\"valueName\":\"search_term_string\"}}],\"inLanguage\":\"es\"},{\"@type\":\"Organization\",\"@id\":\"https:\/\/glens.com\/es\/#organization\",\"name\":\"Glens\",\"url\":\"https:\/\/glens.com\/es\/\",\"logo\":{\"@type\":\"ImageObject\",\"inLanguage\":\"es\",\"@id\":\"https:\/\/glens.com\/es\/#\/schema\/logo\/image\/\",\"url\":\"https:\/\/glens.com\/wp-content\/uploads\/2023\/07\/glenslogo.svg\",\"contentUrl\":\"https:\/\/glens.com\/wp-content\/uploads\/2023\/07\/glenslogo.svg\",\"width\":1450,\"height\":887,\"caption\":\"Glens\"},\"image\":{\"@id\":\"https:\/\/glens.com\/es\/#\/schema\/logo\/image\/\"},\"sameAs\":[\"https:\/\/www.facebook.com\/glensglasses\",\"https:\/\/www.instagram.com\/glensglasses\/\"]}]}<\/script>\n<!-- \/ Yoast SEO plugin. -->","yoast_head_json":{"title":"Gafas de lectura port\u00e1tiles unisex Glens - Pack de 3 | Glens","description":"Glens. Armless, handy and lightweight, Thanks to the design and size they easily fit in your wallet and cardholders or simply slip into your pocket, bag, purse or mobile cover.\u2028","robots":{"index":"index","follow":"follow","max-snippet":"max-snippet:-1","max-image-preview":"max-image-preview:large","max-video-preview":"max-video-preview:-1"},"canonical":"https:\/\/glens.com\/es\/producto\/gafas-de-lectura-portatiles-unisex-glens-pack-de-3\/","og_locale":"es_ES","og_type":"article","og_title":"Gafas de lectura port\u00e1tiles unisex Glens - Pack de 3 | Glens","og_description":"Glens. Armless, handy and lightweight, Thanks to the design and size they easily fit in your wallet and cardholders or simply slip into your pocket, bag, purse or mobile cover.\u2028","og_url":"https:\/\/glens.com\/es\/producto\/gafas-de-lectura-portatiles-unisex-glens-pack-de-3\/","og_site_name":"Glens","article_publisher":"https:\/\/www.facebook.com\/glensglasses","article_modified_time":"2025-05-05T07:10:46+00:00","og_image":[{"width":1024,"height":750,"url":"https:\/\/glens.com\/wp-content\/uploads\/2025\/01\/classicpack3-1024x750.png","type":"image\/png"}],"twitter_card":"summary_large_image","schema":{"@context":"https:\/\/schema.org","@graph":[{"@type":"WebPage","@id":"https:\/\/glens.com\/es\/producto\/gafas-de-lectura-portatiles-unisex-glens-pack-de-3\/","url":"https:\/\/glens.com\/es\/producto\/gafas-de-lectura-portatiles-unisex-glens-pack-de-3\/","name":"Gafas de lectura port\u00e1tiles unisex Glens - Pack de 3 | Glens","isPartOf":{"@id":"https:\/\/glens.com\/es\/#website"},"primaryImageOfPage":{"@id":"https:\/\/glens.com\/es\/producto\/gafas-de-lectura-portatiles-unisex-glens-pack-de-3\/#primaryimage"},"image":{"@id":"https:\/\/glens.com\/es\/producto\/gafas-de-lectura-portatiles-unisex-glens-pack-de-3\/#primaryimage"},"thumbnailUrl":"https:\/\/glens.com\/wp-content\/uploads\/2025\/01\/classicpack3.png","datePublished":"2025-01-17T15:26:37+00:00","dateModified":"2025-05-05T07:10:46+00:00","description":"Glens. Armless, handy and lightweight, Thanks to the design and size they easily fit in your wallet and cardholders or simply slip into your pocket, bag, purse or mobile cover.\u2028","breadcrumb":{"@id":"https:\/\/glens.com\/es\/producto\/gafas-de-lectura-portatiles-unisex-glens-pack-de-3\/#breadcrumb"},"inLanguage":"es","potentialAction":[{"@type":"ReadAction","target":["https:\/\/glens.com\/es\/producto\/gafas-de-lectura-portatiles-unisex-glens-pack-de-3\/"]}]},{"@type":"ImageObject","inLanguage":"es","@id":"https:\/\/glens.com\/es\/producto\/gafas-de-lectura-portatiles-unisex-glens-pack-de-3\/#primaryimage","url":"https:\/\/glens.com\/wp-content\/uploads\/2025\/01\/classicpack3.png","contentUrl":"https:\/\/glens.com\/wp-content\/uploads\/2025\/01\/classicpack3.png","width":1708,"height":1251,"caption":"Glens Glasses"},{"@type":"BreadcrumbList","@id":"https:\/\/glens.com\/es\/producto\/gafas-de-lectura-portatiles-unisex-glens-pack-de-3\/#breadcrumb","itemListElement":[{"@type":"ListItem","position":1,"name":"P\u00e1gina de inicio","item":"https:\/\/glens.com\/es\/pagina-principal\/"},{"@type":"ListItem","position":2,"name":"Todos los productos","item":"https:\/\/glens.com\/es\/todos-los-productos\/"},{"@type":"ListItem","position":3,"name":"Gafas de lectura port\u00e1tiles unisex Glens &#8211; Pack de 3"}]},{"@type":"WebSite","@id":"https:\/\/glens.com\/es\/#website","url":"https:\/\/glens.com\/es\/","name":"Glens","description":"Gafas de lectura ultradelgadas","publisher":{"@id":"https:\/\/glens.com\/es\/#organization"},"potentialAction":[{"@type":"SearchAction","target":{"@type":"EntryPoint","urlTemplate":"https:\/\/glens.com\/es\/?s={search_term_string}"},"query-input":{"@type":"PropertyValueSpecification","valueRequired":true,"valueName":"search_term_string"}}],"inLanguage":"es"},{"@type":"Organization","@id":"https:\/\/glens.com\/es\/#organization","name":"Glens","url":"https:\/\/glens.com\/es\/","logo":{"@type":"ImageObject","inLanguage":"es","@id":"https:\/\/glens.com\/es\/#\/schema\/logo\/image\/","url":"https:\/\/glens.com\/wp-content\/uploads\/2023\/07\/glenslogo.svg","contentUrl":"https:\/\/glens.com\/wp-content\/uploads\/2023\/07\/glenslogo.svg","width":1450,"height":887,"caption":"Glens"},"image":{"@id":"https:\/\/glens.com\/es\/#\/schema\/logo\/image\/"},"sameAs":["https:\/\/www.facebook.com\/glensglasses","https:\/\/www.instagram.com\/glensglasses\/"]}]}},"lang":"es","translations":{"es":3174,"en":2260,"de":3359,"fr":3476,"it":3586},"_links":{"self":[{"href":"https:\/\/glens.com\/es\/wp-json\/wp\/v2\/product\/3174","targetHints":{"allow":["GET"]}}],"collection":[{"href":"https:\/\/glens.com\/es\/wp-json\/wp\/v2\/product"}],"about":[{"href":"https:\/\/glens.com\/es\/wp-json\/wp\/v2\/types\/product"}],"wp:featuredmedia":[{"embeddable":true,"href":"https:\/\/glens.com\/es\/wp-json\/wp\/v2\/media\/2281"}],"wp:attachment":[{"href":"https:\/\/glens.com\/es\/wp-json\/wp\/v2\/media?parent=3174"}],"wp:term":[{"taxonomy":"product_brand","embeddable":true,"href":"https:\/\/glens.com\/es\/wp-json\/wp\/v2\/product_brand?post=3174"},{"taxonomy":"product_cat","embeddable":true,"href":"https:\/\/glens.com\/es\/wp-json\/wp\/v2\/product_cat?post=3174"},{"taxonomy":"product_tag","embeddable":true,"href":"https:\/\/glens.com\/es\/wp-json\/wp\/v2\/product_tag?post=3174"}],"curies":[{"name":"wp","href":"https:\/\/api.w.org\/{rel}","templated":true}]}}