{"id":3133,"date":"2025-02-03T09:02:54","date_gmt":"2025-02-03T09:02:54","guid":{"rendered":"https:\/\/glens.com\/?post_type=product&#038;p=3133"},"modified":"2026-03-31T05:48:32","modified_gmt":"2026-03-31T05:48:32","slug":"gafas-de-lectura-cadena-de-plata","status":"publish","type":"product","link":"https:\/\/glens.com\/es\/producto\/gafas-de-lectura-cadena-de-plata\/","title":{"rendered":"Gafas de lectura Cadena de plata"},"content":{"rendered":"<p>Gafas de lectura Unisex Glens port\u00e1til con 70cm redonda cadena de plata de ley<br \/>\nPaquete: 120mm x 120mm x 25mm Caja de regalo negro Acerca de:<br \/>\nArmless, pr\u00e1ctico y ligero, conectar con una elegante cadena de plata de ley para que sea m\u00e1s pr\u00e1ctico y conveniente.<br \/>\nCada caja contiene Tres vasos de reserva, delicadamente dise\u00f1ado con dos peque\u00f1os agujeros que hacen que sean f\u00e1ciles de sujetar con la cadena, adem\u00e1s de cuatro guardianes de espuma adhesiva para fijar adem\u00e1s de tener sus gafas siempre dentro de una mano de usted.<br \/>\nVienen con una delgada caja de plexigl\u00e1s transparente que se desliza f\u00e1cilmente en un bolsillo o bolso.<\/p>\n<ul>\n<li>Altamente pulido, cerca de fijaci\u00f3n de la cadena con gafas por ganchos de plata facilitar la sustituci\u00f3n de gafas.<\/li>\n<li>Caja protectora de plexigl\u00e1s de 55 mm x 90 mm x 50 mm.<\/li>\n<li>Cuelga la cadena alrededor del cuello o detr\u00e1s de las orejas y luego ponte las gafas.<\/li>\n<li>Por favor, vea el v\u00eddeo de introducci\u00f3n de este producto a trav\u00e9s del enlace \u00abc\u00f3mo usar\u00bb.<\/li>\n<\/ul>","protected":false},"excerpt":{"rendered":"<p>Gafas de lectura Unisex Glens port\u00e1til con 70cm redonda cadena de plata de ley Paquete: 120mm x 120mm x 25mm Caja de regalo negro Acerca de: Armless, pr\u00e1ctico y ligero, conectar con una elegante cadena de plata de ley para que sea m\u00e1s pr\u00e1ctico y conveniente. Cada caja contiene Tres vasos de reserva, delicadamente dise\u00f1ado [&hellip;]<\/p>","protected":false},"featured_media":2772,"template":"","meta":{"site-sidebar-layout":"default","site-content-layout":"default","ast-site-content-layout":"default","site-content-style":"default","site-sidebar-style":"default","ast-global-header-display":"","ast-banner-title-visibility":"","ast-main-header-display":"","ast-hfb-above-header-display":"","ast-hfb-below-header-display":"","ast-hfb-mobile-header-display":"","site-post-title":"","ast-breadcrumbs-content":"","ast-featured-img":"","footer-sml-layout":"","theme-transparent-header-meta":"default","adv-header-id-meta":"","stick-header-meta":"","header-above-stick-meta":"","header-main-stick-meta":"","header-below-stick-meta":"","astra-migrate-meta-layouts":"set","ast-page-background-enabled":"default","ast-page-background-meta":{"desktop":{"background-color":"var(--ast-global-color-4)","background-image":"","background-repeat":"repeat","background-position":"center center","background-size":"auto","background-attachment":"scroll","background-type":"","background-media":"","overlay-type":"","overlay-color":"","overlay-opacity":"","overlay-gradient":""},"tablet":{"background-color":"","background-image":"","background-repeat":"repeat","background-position":"center center","background-size":"auto","background-attachment":"scroll","background-type":"","background-media":"","overlay-type":"","overlay-color":"","overlay-opacity":"","overlay-gradient":""},"mobile":{"background-color":"","background-image":"","background-repeat":"repeat","background-position":"center center","background-size":"auto","background-attachment":"scroll","background-type":"","background-media":"","overlay-type":"","overlay-color":"","overlay-opacity":"","overlay-gradient":""}},"ast-content-background-meta":{"desktop":{"background-color":"var(--ast-global-color-5)","background-image":"","background-repeat":"repeat","background-position":"center center","background-size":"auto","background-attachment":"scroll","background-type":"","background-media":"","overlay-type":"","overlay-color":"","overlay-opacity":"","overlay-gradient":""},"tablet":{"background-color":"var(--ast-global-color-5)","background-image":"","background-repeat":"repeat","background-position":"center center","background-size":"auto","background-attachment":"scroll","background-type":"","background-media":"","overlay-type":"","overlay-color":"","overlay-opacity":"","overlay-gradient":""},"mobile":{"background-color":"var(--ast-global-color-5)","background-image":"","background-repeat":"repeat","background-position":"center center","background-size":"auto","background-attachment":"scroll","background-type":"","background-media":"","overlay-type":"","overlay-color":"","overlay-opacity":"","overlay-gradient":""}}},"product_brand":[],"product_cat":[101],"product_tag":[],"class_list":{"0":"post-3133","1":"product","2":"type-product","3":"status-publish","4":"has-post-thumbnail","6":"product_cat-accesorios","7":"desktop-align-center","8":"tablet-align-left","9":"mobile-align-left","11":"first","12":"outofstock","13":"sale","14":"taxable","15":"shipping-taxable","16":"purchasable","17":"product-type-variable"},"yoast_head":"<!-- This site is optimized with the Yoast SEO plugin v25.4 - https:\/\/yoast.com\/wordpress\/plugins\/seo\/ -->\n<title>Gafas de lectura Cadena de plata | Glens<\/title>\n<meta name=\"description\" content=\"Glens. Sin brazos, manejable y ligero, se conecta con una elegante cadena de plata de ley para hacerlo m\u00e1s pr\u00e1ctico y c\u00f3modo.\" \/>\n<meta name=\"robots\" content=\"index, follow, max-snippet:-1, max-image-preview:large, max-video-preview:-1\" \/>\n<link rel=\"canonical\" href=\"https:\/\/glens.com\/es\/producto\/gafas-de-lectura-cadena-de-plata\/\" \/>\n<meta property=\"og:locale\" content=\"es_ES\" \/>\n<meta property=\"og:type\" content=\"article\" \/>\n<meta property=\"og:title\" content=\"Gafas de lectura Cadena de plata | Glens\" \/>\n<meta property=\"og:description\" content=\"Glens. Sin brazos, manejable y ligero, se conecta con una elegante cadena de plata de ley para hacerlo m\u00e1s pr\u00e1ctico y c\u00f3modo.\" \/>\n<meta property=\"og:url\" content=\"https:\/\/glens.com\/es\/producto\/gafas-de-lectura-cadena-de-plata\/\" \/>\n<meta property=\"og:site_name\" content=\"Glens\" \/>\n<meta property=\"article:publisher\" content=\"https:\/\/www.facebook.com\/glensglasses\" \/>\n<meta property=\"article:modified_time\" content=\"2026-03-31T05:48:32+00:00\" \/>\n<meta property=\"og:image\" content=\"https:\/\/glens.com\/wp-content\/uploads\/2025\/02\/gl10-03_1.jpg\" \/>\n\t<meta property=\"og:image:width\" content=\"2151\" \/>\n\t<meta property=\"og:image:height\" content=\"1431\" \/>\n\t<meta property=\"og:image:type\" content=\"image\/jpeg\" \/>\n<meta name=\"twitter:card\" content=\"summary_large_image\" \/>\n<script type=\"application\/ld+json\" class=\"yoast-schema-graph\">{\"@context\":\"https:\/\/schema.org\",\"@graph\":[{\"@type\":\"WebPage\",\"@id\":\"https:\/\/glens.com\/es\/producto\/gafas-de-lectura-cadena-de-plata\/\",\"url\":\"https:\/\/glens.com\/es\/producto\/gafas-de-lectura-cadena-de-plata\/\",\"name\":\"Gafas de lectura Cadena de plata | Glens\",\"isPartOf\":{\"@id\":\"https:\/\/glens.com\/es\/#website\"},\"primaryImageOfPage\":{\"@id\":\"https:\/\/glens.com\/es\/producto\/gafas-de-lectura-cadena-de-plata\/#primaryimage\"},\"image\":{\"@id\":\"https:\/\/glens.com\/es\/producto\/gafas-de-lectura-cadena-de-plata\/#primaryimage\"},\"thumbnailUrl\":\"https:\/\/glens.com\/wp-content\/uploads\/2025\/02\/gl10-03_1.jpg\",\"datePublished\":\"2025-02-03T09:02:54+00:00\",\"dateModified\":\"2026-03-31T05:48:32+00:00\",\"description\":\"Glens. Sin brazos, manejable y ligero, se conecta con una elegante cadena de plata de ley para hacerlo m\u00e1s pr\u00e1ctico y c\u00f3modo.\",\"breadcrumb\":{\"@id\":\"https:\/\/glens.com\/es\/producto\/gafas-de-lectura-cadena-de-plata\/#breadcrumb\"},\"inLanguage\":\"es\",\"potentialAction\":[{\"@type\":\"ReadAction\",\"target\":[\"https:\/\/glens.com\/es\/producto\/gafas-de-lectura-cadena-de-plata\/\"]}]},{\"@type\":\"ImageObject\",\"inLanguage\":\"es\",\"@id\":\"https:\/\/glens.com\/es\/producto\/gafas-de-lectura-cadena-de-plata\/#primaryimage\",\"url\":\"https:\/\/glens.com\/wp-content\/uploads\/2025\/02\/gl10-03_1.jpg\",\"contentUrl\":\"https:\/\/glens.com\/wp-content\/uploads\/2025\/02\/gl10-03_1.jpg\",\"width\":2151,\"height\":1431,\"caption\":\"Glens Glasses\"},{\"@type\":\"BreadcrumbList\",\"@id\":\"https:\/\/glens.com\/es\/producto\/gafas-de-lectura-cadena-de-plata\/#breadcrumb\",\"itemListElement\":[{\"@type\":\"ListItem\",\"position\":1,\"name\":\"P\u00e1gina de inicio\",\"item\":\"https:\/\/glens.com\/es\/pagina-principal\/\"},{\"@type\":\"ListItem\",\"position\":2,\"name\":\"Todos los productos\",\"item\":\"https:\/\/glens.com\/es\/todos-los-productos\/\"},{\"@type\":\"ListItem\",\"position\":3,\"name\":\"Gafas de lectura Cadena de plata\"}]},{\"@type\":\"WebSite\",\"@id\":\"https:\/\/glens.com\/es\/#website\",\"url\":\"https:\/\/glens.com\/es\/\",\"name\":\"Glens\",\"description\":\"Gafas de lectura ultradelgadas\",\"publisher\":{\"@id\":\"https:\/\/glens.com\/es\/#organization\"},\"potentialAction\":[{\"@type\":\"SearchAction\",\"target\":{\"@type\":\"EntryPoint\",\"urlTemplate\":\"https:\/\/glens.com\/es\/?s={search_term_string}\"},\"query-input\":{\"@type\":\"PropertyValueSpecification\",\"valueRequired\":true,\"valueName\":\"search_term_string\"}}],\"inLanguage\":\"es\"},{\"@type\":\"Organization\",\"@id\":\"https:\/\/glens.com\/es\/#organization\",\"name\":\"Glens\",\"url\":\"https:\/\/glens.com\/es\/\",\"logo\":{\"@type\":\"ImageObject\",\"inLanguage\":\"es\",\"@id\":\"https:\/\/glens.com\/es\/#\/schema\/logo\/image\/\",\"url\":\"https:\/\/glens.com\/wp-content\/uploads\/2023\/07\/glenslogo.svg\",\"contentUrl\":\"https:\/\/glens.com\/wp-content\/uploads\/2023\/07\/glenslogo.svg\",\"width\":1450,\"height\":887,\"caption\":\"Glens\"},\"image\":{\"@id\":\"https:\/\/glens.com\/es\/#\/schema\/logo\/image\/\"},\"sameAs\":[\"https:\/\/www.facebook.com\/glensglasses\",\"https:\/\/www.instagram.com\/glensglasses\/\"]}]}<\/script>\n<!-- \/ Yoast SEO plugin. -->","yoast_head_json":{"title":"Gafas de lectura Cadena de plata | Glens","description":"Glens. Sin brazos, manejable y ligero, se conecta con una elegante cadena de plata de ley para hacerlo m\u00e1s pr\u00e1ctico y c\u00f3modo.","robots":{"index":"index","follow":"follow","max-snippet":"max-snippet:-1","max-image-preview":"max-image-preview:large","max-video-preview":"max-video-preview:-1"},"canonical":"https:\/\/glens.com\/es\/producto\/gafas-de-lectura-cadena-de-plata\/","og_locale":"es_ES","og_type":"article","og_title":"Gafas de lectura Cadena de plata | Glens","og_description":"Glens. Sin brazos, manejable y ligero, se conecta con una elegante cadena de plata de ley para hacerlo m\u00e1s pr\u00e1ctico y c\u00f3modo.","og_url":"https:\/\/glens.com\/es\/producto\/gafas-de-lectura-cadena-de-plata\/","og_site_name":"Glens","article_publisher":"https:\/\/www.facebook.com\/glensglasses","article_modified_time":"2026-03-31T05:48:32+00:00","og_image":[{"width":2151,"height":1431,"url":"https:\/\/glens.com\/wp-content\/uploads\/2025\/02\/gl10-03_1.jpg","type":"image\/jpeg"}],"twitter_card":"summary_large_image","schema":{"@context":"https:\/\/schema.org","@graph":[{"@type":"WebPage","@id":"https:\/\/glens.com\/es\/producto\/gafas-de-lectura-cadena-de-plata\/","url":"https:\/\/glens.com\/es\/producto\/gafas-de-lectura-cadena-de-plata\/","name":"Gafas de lectura Cadena de plata | Glens","isPartOf":{"@id":"https:\/\/glens.com\/es\/#website"},"primaryImageOfPage":{"@id":"https:\/\/glens.com\/es\/producto\/gafas-de-lectura-cadena-de-plata\/#primaryimage"},"image":{"@id":"https:\/\/glens.com\/es\/producto\/gafas-de-lectura-cadena-de-plata\/#primaryimage"},"thumbnailUrl":"https:\/\/glens.com\/wp-content\/uploads\/2025\/02\/gl10-03_1.jpg","datePublished":"2025-02-03T09:02:54+00:00","dateModified":"2026-03-31T05:48:32+00:00","description":"Glens. Sin brazos, manejable y ligero, se conecta con una elegante cadena de plata de ley para hacerlo m\u00e1s pr\u00e1ctico y c\u00f3modo.","breadcrumb":{"@id":"https:\/\/glens.com\/es\/producto\/gafas-de-lectura-cadena-de-plata\/#breadcrumb"},"inLanguage":"es","potentialAction":[{"@type":"ReadAction","target":["https:\/\/glens.com\/es\/producto\/gafas-de-lectura-cadena-de-plata\/"]}]},{"@type":"ImageObject","inLanguage":"es","@id":"https:\/\/glens.com\/es\/producto\/gafas-de-lectura-cadena-de-plata\/#primaryimage","url":"https:\/\/glens.com\/wp-content\/uploads\/2025\/02\/gl10-03_1.jpg","contentUrl":"https:\/\/glens.com\/wp-content\/uploads\/2025\/02\/gl10-03_1.jpg","width":2151,"height":1431,"caption":"Glens Glasses"},{"@type":"BreadcrumbList","@id":"https:\/\/glens.com\/es\/producto\/gafas-de-lectura-cadena-de-plata\/#breadcrumb","itemListElement":[{"@type":"ListItem","position":1,"name":"P\u00e1gina de inicio","item":"https:\/\/glens.com\/es\/pagina-principal\/"},{"@type":"ListItem","position":2,"name":"Todos los productos","item":"https:\/\/glens.com\/es\/todos-los-productos\/"},{"@type":"ListItem","position":3,"name":"Gafas de lectura Cadena de plata"}]},{"@type":"WebSite","@id":"https:\/\/glens.com\/es\/#website","url":"https:\/\/glens.com\/es\/","name":"Glens","description":"Gafas de lectura ultradelgadas","publisher":{"@id":"https:\/\/glens.com\/es\/#organization"},"potentialAction":[{"@type":"SearchAction","target":{"@type":"EntryPoint","urlTemplate":"https:\/\/glens.com\/es\/?s={search_term_string}"},"query-input":{"@type":"PropertyValueSpecification","valueRequired":true,"valueName":"search_term_string"}}],"inLanguage":"es"},{"@type":"Organization","@id":"https:\/\/glens.com\/es\/#organization","name":"Glens","url":"https:\/\/glens.com\/es\/","logo":{"@type":"ImageObject","inLanguage":"es","@id":"https:\/\/glens.com\/es\/#\/schema\/logo\/image\/","url":"https:\/\/glens.com\/wp-content\/uploads\/2023\/07\/glenslogo.svg","contentUrl":"https:\/\/glens.com\/wp-content\/uploads\/2023\/07\/glenslogo.svg","width":1450,"height":887,"caption":"Glens"},"image":{"@id":"https:\/\/glens.com\/es\/#\/schema\/logo\/image\/"},"sameAs":["https:\/\/www.facebook.com\/glensglasses","https:\/\/www.instagram.com\/glensglasses\/"]}]}},"lang":"es","translations":{"es":3133,"en":2755,"de":3312,"fr":3430,"it":3545},"_links":{"self":[{"href":"https:\/\/glens.com\/es\/wp-json\/wp\/v2\/product\/3133","targetHints":{"allow":["GET"]}}],"collection":[{"href":"https:\/\/glens.com\/es\/wp-json\/wp\/v2\/product"}],"about":[{"href":"https:\/\/glens.com\/es\/wp-json\/wp\/v2\/types\/product"}],"wp:featuredmedia":[{"embeddable":true,"href":"https:\/\/glens.com\/es\/wp-json\/wp\/v2\/media\/2772"}],"wp:attachment":[{"href":"https:\/\/glens.com\/es\/wp-json\/wp\/v2\/media?parent=3133"}],"wp:term":[{"taxonomy":"product_brand","embeddable":true,"href":"https:\/\/glens.com\/es\/wp-json\/wp\/v2\/product_brand?post=3133"},{"taxonomy":"product_cat","embeddable":true,"href":"https:\/\/glens.com\/es\/wp-json\/wp\/v2\/product_cat?post=3133"},{"taxonomy":"product_tag","embeddable":true,"href":"https:\/\/glens.com\/es\/wp-json\/wp\/v2\/product_tag?post=3133"}],"curies":[{"name":"wp","href":"https:\/\/api.w.org\/{rel}","templated":true}]}}