{"id":3119,"date":"2025-02-03T09:21:43","date_gmt":"2025-02-03T09:21:43","guid":{"rendered":"https:\/\/glens.com\/?post_type=product&#038;p=3119"},"modified":"2025-05-05T07:18:26","modified_gmt":"2025-05-05T07:18:26","slug":"ten-2-read-box-gafas-de-lectura-sin-brazo-glens","status":"publish","type":"product","link":"https:\/\/glens.com\/es\/producto\/ten-2-read-box-gafas-de-lectura-sin-brazo-glens\/","title":{"rendered":"Ten 2 Read Box gafas de lectura sin brazo glens"},"content":{"rendered":"<p>Exploraci\u00f3n de todos los productos Glens gafas de lectura de copia de seguridad en una caja de conjunto tambi\u00e9n ofrece a su amada como un regalo. Colecci\u00f3n completa de todos los accesorios para dar una variedad de opciones de uso de sus gafas de lectura en diferentes situaciones en todas partes.<br \/>\n\u00a1USTED RECIBIR\u00c1 TODO LO QUE SE MUESTRA EN LA FOTO!<\/p>\n<ul>\n<li>Dos estuche para gafas con cierre ergon\u00f3mico (rojo, blanco, beige y verde)<\/li>\n<li>10 pares de gafas de lectura de reserva perfectamente colocadas bajo la primera capa del estuche.<\/li>\n<li>Cuatro protectores de espuma adhesiva para tener las gafas siempre a mano.<\/li>\n<li>Pa\u00f1o de microfibra para limpiar las lentes de las gafas<\/li>\n<\/ul>","protected":false},"excerpt":{"rendered":"<p>Exploraci\u00f3n de todos los productos Glens gafas de lectura de copia de seguridad en una caja de conjunto tambi\u00e9n ofrece a su amada como un regalo. Colecci\u00f3n completa de todos los accesorios para dar una variedad de opciones de uso de sus gafas de lectura en diferentes situaciones en todas partes. \u00a1USTED RECIBIR\u00c1 TODO LO [&hellip;]<\/p>","protected":false},"featured_media":2796,"template":"","meta":{"site-sidebar-layout":"default","site-content-layout":"default","ast-site-content-layout":"default","site-content-style":"default","site-sidebar-style":"default","ast-global-header-display":"","ast-banner-title-visibility":"","ast-main-header-display":"","ast-hfb-above-header-display":"","ast-hfb-below-header-display":"","ast-hfb-mobile-header-display":"","site-post-title":"","ast-breadcrumbs-content":"","ast-featured-img":"","footer-sml-layout":"","theme-transparent-header-meta":"default","adv-header-id-meta":"","stick-header-meta":"","header-above-stick-meta":"","header-main-stick-meta":"","header-below-stick-meta":"","astra-migrate-meta-layouts":"set","ast-page-background-enabled":"default","ast-page-background-meta":{"desktop":{"background-color":"var(--ast-global-color-4)","background-image":"","background-repeat":"repeat","background-position":"center center","background-size":"auto","background-attachment":"scroll","background-type":"","background-media":"","overlay-type":"","overlay-color":"","overlay-opacity":"","overlay-gradient":""},"tablet":{"background-color":"","background-image":"","background-repeat":"repeat","background-position":"center center","background-size":"auto","background-attachment":"scroll","background-type":"","background-media":"","overlay-type":"","overlay-color":"","overlay-opacity":"","overlay-gradient":""},"mobile":{"background-color":"","background-image":"","background-repeat":"repeat","background-position":"center center","background-size":"auto","background-attachment":"scroll","background-type":"","background-media":"","overlay-type":"","overlay-color":"","overlay-opacity":"","overlay-gradient":""}},"ast-content-background-meta":{"desktop":{"background-color":"var(--ast-global-color-5)","background-image":"","background-repeat":"repeat","background-position":"center center","background-size":"auto","background-attachment":"scroll","background-type":"","background-media":"","overlay-type":"","overlay-color":"","overlay-opacity":"","overlay-gradient":""},"tablet":{"background-color":"var(--ast-global-color-5)","background-image":"","background-repeat":"repeat","background-position":"center center","background-size":"auto","background-attachment":"scroll","background-type":"","background-media":"","overlay-type":"","overlay-color":"","overlay-opacity":"","overlay-gradient":""},"mobile":{"background-color":"var(--ast-global-color-5)","background-image":"","background-repeat":"repeat","background-position":"center center","background-size":"auto","background-attachment":"scroll","background-type":"","background-media":"","overlay-type":"","overlay-color":"","overlay-opacity":"","overlay-gradient":""}}},"product_brand":[],"product_cat":[103],"product_tag":[],"class_list":{"0":"post-3119","1":"product","2":"type-product","3":"status-publish","4":"has-post-thumbnail","6":"product_cat-juegos-de-regalo","7":"desktop-align-center","8":"tablet-align-left","9":"mobile-align-left","11":"first","12":"instock","13":"sale","14":"taxable","15":"shipping-taxable","16":"purchasable","17":"product-type-variable"},"yoast_head":"<!-- This site is optimized with the Yoast SEO plugin v25.4 - https:\/\/yoast.com\/wordpress\/plugins\/seo\/ -->\n<title>Ten 2 Read Box gafas de lectura sin brazo glens | Glens<\/title>\n<meta name=\"description\" content=\"Glens. Explorar todos los productos de gafas de lectura de copia de seguridad Glens en una caja de conjunto tambi\u00e9n ofrece a su amada como un regalo.\" \/>\n<meta name=\"robots\" content=\"index, follow, max-snippet:-1, max-image-preview:large, max-video-preview:-1\" \/>\n<link rel=\"canonical\" href=\"https:\/\/glens.com\/es\/producto\/ten-2-read-box-gafas-de-lectura-sin-brazo-glens\/\" \/>\n<meta property=\"og:locale\" content=\"es_ES\" \/>\n<meta property=\"og:type\" content=\"article\" \/>\n<meta property=\"og:title\" content=\"Ten 2 Read Box gafas de lectura sin brazo glens | Glens\" \/>\n<meta property=\"og:description\" content=\"Glens. Explorar todos los productos de gafas de lectura de copia de seguridad Glens en una caja de conjunto tambi\u00e9n ofrece a su amada como un regalo.\" \/>\n<meta property=\"og:url\" content=\"https:\/\/glens.com\/es\/producto\/ten-2-read-box-gafas-de-lectura-sin-brazo-glens\/\" \/>\n<meta property=\"og:site_name\" content=\"Glens\" \/>\n<meta property=\"article:publisher\" content=\"https:\/\/www.facebook.com\/glensglasses\" \/>\n<meta property=\"article:modified_time\" content=\"2025-05-05T07:18:26+00:00\" \/>\n<meta property=\"og:image\" content=\"https:\/\/glens.com\/wp-content\/uploads\/2025\/02\/redwhite.jpg\" \/>\n\t<meta property=\"og:image:width\" content=\"1728\" \/>\n\t<meta property=\"og:image:height\" content=\"1152\" \/>\n\t<meta property=\"og:image:type\" content=\"image\/jpeg\" \/>\n<meta name=\"twitter:card\" content=\"summary_large_image\" \/>\n<script type=\"application\/ld+json\" class=\"yoast-schema-graph\">{\"@context\":\"https:\/\/schema.org\",\"@graph\":[{\"@type\":\"WebPage\",\"@id\":\"https:\/\/glens.com\/es\/producto\/ten-2-read-box-gafas-de-lectura-sin-brazo-glens\/\",\"url\":\"https:\/\/glens.com\/es\/producto\/ten-2-read-box-gafas-de-lectura-sin-brazo-glens\/\",\"name\":\"Ten 2 Read Box gafas de lectura sin brazo glens | Glens\",\"isPartOf\":{\"@id\":\"https:\/\/glens.com\/es\/#website\"},\"primaryImageOfPage\":{\"@id\":\"https:\/\/glens.com\/es\/producto\/ten-2-read-box-gafas-de-lectura-sin-brazo-glens\/#primaryimage\"},\"image\":{\"@id\":\"https:\/\/glens.com\/es\/producto\/ten-2-read-box-gafas-de-lectura-sin-brazo-glens\/#primaryimage\"},\"thumbnailUrl\":\"https:\/\/glens.com\/wp-content\/uploads\/2025\/02\/redwhite.jpg\",\"datePublished\":\"2025-02-03T09:21:43+00:00\",\"dateModified\":\"2025-05-05T07:18:26+00:00\",\"description\":\"Glens. Explorar todos los productos de gafas de lectura de copia de seguridad Glens en una caja de conjunto tambi\u00e9n ofrece a su amada como un regalo.\",\"breadcrumb\":{\"@id\":\"https:\/\/glens.com\/es\/producto\/ten-2-read-box-gafas-de-lectura-sin-brazo-glens\/#breadcrumb\"},\"inLanguage\":\"es\",\"potentialAction\":[{\"@type\":\"ReadAction\",\"target\":[\"https:\/\/glens.com\/es\/producto\/ten-2-read-box-gafas-de-lectura-sin-brazo-glens\/\"]}]},{\"@type\":\"ImageObject\",\"inLanguage\":\"es\",\"@id\":\"https:\/\/glens.com\/es\/producto\/ten-2-read-box-gafas-de-lectura-sin-brazo-glens\/#primaryimage\",\"url\":\"https:\/\/glens.com\/wp-content\/uploads\/2025\/02\/redwhite.jpg\",\"contentUrl\":\"https:\/\/glens.com\/wp-content\/uploads\/2025\/02\/redwhite.jpg\",\"width\":1728,\"height\":1152,\"caption\":\"Glens Glasses\"},{\"@type\":\"BreadcrumbList\",\"@id\":\"https:\/\/glens.com\/es\/producto\/ten-2-read-box-gafas-de-lectura-sin-brazo-glens\/#breadcrumb\",\"itemListElement\":[{\"@type\":\"ListItem\",\"position\":1,\"name\":\"P\u00e1gina de inicio\",\"item\":\"https:\/\/glens.com\/es\/pagina-principal\/\"},{\"@type\":\"ListItem\",\"position\":2,\"name\":\"Todos los productos\",\"item\":\"https:\/\/glens.com\/es\/todos-los-productos\/\"},{\"@type\":\"ListItem\",\"position\":3,\"name\":\"Ten 2 Read Box gafas de lectura sin brazo glens\"}]},{\"@type\":\"WebSite\",\"@id\":\"https:\/\/glens.com\/es\/#website\",\"url\":\"https:\/\/glens.com\/es\/\",\"name\":\"Glens\",\"description\":\"Gafas de lectura ultradelgadas\",\"publisher\":{\"@id\":\"https:\/\/glens.com\/es\/#organization\"},\"potentialAction\":[{\"@type\":\"SearchAction\",\"target\":{\"@type\":\"EntryPoint\",\"urlTemplate\":\"https:\/\/glens.com\/es\/?s={search_term_string}\"},\"query-input\":{\"@type\":\"PropertyValueSpecification\",\"valueRequired\":true,\"valueName\":\"search_term_string\"}}],\"inLanguage\":\"es\"},{\"@type\":\"Organization\",\"@id\":\"https:\/\/glens.com\/es\/#organization\",\"name\":\"Glens\",\"url\":\"https:\/\/glens.com\/es\/\",\"logo\":{\"@type\":\"ImageObject\",\"inLanguage\":\"es\",\"@id\":\"https:\/\/glens.com\/es\/#\/schema\/logo\/image\/\",\"url\":\"https:\/\/glens.com\/wp-content\/uploads\/2023\/07\/glenslogo.svg\",\"contentUrl\":\"https:\/\/glens.com\/wp-content\/uploads\/2023\/07\/glenslogo.svg\",\"width\":1450,\"height\":887,\"caption\":\"Glens\"},\"image\":{\"@id\":\"https:\/\/glens.com\/es\/#\/schema\/logo\/image\/\"},\"sameAs\":[\"https:\/\/www.facebook.com\/glensglasses\",\"https:\/\/www.instagram.com\/glensglasses\/\"]}]}<\/script>\n<!-- \/ Yoast SEO plugin. -->","yoast_head_json":{"title":"Ten 2 Read Box gafas de lectura sin brazo glens | Glens","description":"Glens. Explorar todos los productos de gafas de lectura de copia de seguridad Glens en una caja de conjunto tambi\u00e9n ofrece a su amada como un regalo.","robots":{"index":"index","follow":"follow","max-snippet":"max-snippet:-1","max-image-preview":"max-image-preview:large","max-video-preview":"max-video-preview:-1"},"canonical":"https:\/\/glens.com\/es\/producto\/ten-2-read-box-gafas-de-lectura-sin-brazo-glens\/","og_locale":"es_ES","og_type":"article","og_title":"Ten 2 Read Box gafas de lectura sin brazo glens | Glens","og_description":"Glens. Explorar todos los productos de gafas de lectura de copia de seguridad Glens en una caja de conjunto tambi\u00e9n ofrece a su amada como un regalo.","og_url":"https:\/\/glens.com\/es\/producto\/ten-2-read-box-gafas-de-lectura-sin-brazo-glens\/","og_site_name":"Glens","article_publisher":"https:\/\/www.facebook.com\/glensglasses","article_modified_time":"2025-05-05T07:18:26+00:00","og_image":[{"width":1728,"height":1152,"url":"https:\/\/glens.com\/wp-content\/uploads\/2025\/02\/redwhite.jpg","type":"image\/jpeg"}],"twitter_card":"summary_large_image","schema":{"@context":"https:\/\/schema.org","@graph":[{"@type":"WebPage","@id":"https:\/\/glens.com\/es\/producto\/ten-2-read-box-gafas-de-lectura-sin-brazo-glens\/","url":"https:\/\/glens.com\/es\/producto\/ten-2-read-box-gafas-de-lectura-sin-brazo-glens\/","name":"Ten 2 Read Box gafas de lectura sin brazo glens | Glens","isPartOf":{"@id":"https:\/\/glens.com\/es\/#website"},"primaryImageOfPage":{"@id":"https:\/\/glens.com\/es\/producto\/ten-2-read-box-gafas-de-lectura-sin-brazo-glens\/#primaryimage"},"image":{"@id":"https:\/\/glens.com\/es\/producto\/ten-2-read-box-gafas-de-lectura-sin-brazo-glens\/#primaryimage"},"thumbnailUrl":"https:\/\/glens.com\/wp-content\/uploads\/2025\/02\/redwhite.jpg","datePublished":"2025-02-03T09:21:43+00:00","dateModified":"2025-05-05T07:18:26+00:00","description":"Glens. Explorar todos los productos de gafas de lectura de copia de seguridad Glens en una caja de conjunto tambi\u00e9n ofrece a su amada como un regalo.","breadcrumb":{"@id":"https:\/\/glens.com\/es\/producto\/ten-2-read-box-gafas-de-lectura-sin-brazo-glens\/#breadcrumb"},"inLanguage":"es","potentialAction":[{"@type":"ReadAction","target":["https:\/\/glens.com\/es\/producto\/ten-2-read-box-gafas-de-lectura-sin-brazo-glens\/"]}]},{"@type":"ImageObject","inLanguage":"es","@id":"https:\/\/glens.com\/es\/producto\/ten-2-read-box-gafas-de-lectura-sin-brazo-glens\/#primaryimage","url":"https:\/\/glens.com\/wp-content\/uploads\/2025\/02\/redwhite.jpg","contentUrl":"https:\/\/glens.com\/wp-content\/uploads\/2025\/02\/redwhite.jpg","width":1728,"height":1152,"caption":"Glens Glasses"},{"@type":"BreadcrumbList","@id":"https:\/\/glens.com\/es\/producto\/ten-2-read-box-gafas-de-lectura-sin-brazo-glens\/#breadcrumb","itemListElement":[{"@type":"ListItem","position":1,"name":"P\u00e1gina de inicio","item":"https:\/\/glens.com\/es\/pagina-principal\/"},{"@type":"ListItem","position":2,"name":"Todos los productos","item":"https:\/\/glens.com\/es\/todos-los-productos\/"},{"@type":"ListItem","position":3,"name":"Ten 2 Read Box gafas de lectura sin brazo glens"}]},{"@type":"WebSite","@id":"https:\/\/glens.com\/es\/#website","url":"https:\/\/glens.com\/es\/","name":"Glens","description":"Gafas de lectura ultradelgadas","publisher":{"@id":"https:\/\/glens.com\/es\/#organization"},"potentialAction":[{"@type":"SearchAction","target":{"@type":"EntryPoint","urlTemplate":"https:\/\/glens.com\/es\/?s={search_term_string}"},"query-input":{"@type":"PropertyValueSpecification","valueRequired":true,"valueName":"search_term_string"}}],"inLanguage":"es"},{"@type":"Organization","@id":"https:\/\/glens.com\/es\/#organization","name":"Glens","url":"https:\/\/glens.com\/es\/","logo":{"@type":"ImageObject","inLanguage":"es","@id":"https:\/\/glens.com\/es\/#\/schema\/logo\/image\/","url":"https:\/\/glens.com\/wp-content\/uploads\/2023\/07\/glenslogo.svg","contentUrl":"https:\/\/glens.com\/wp-content\/uploads\/2023\/07\/glenslogo.svg","width":1450,"height":887,"caption":"Glens"},"image":{"@id":"https:\/\/glens.com\/es\/#\/schema\/logo\/image\/"},"sameAs":["https:\/\/www.facebook.com\/glensglasses","https:\/\/www.instagram.com\/glensglasses\/"]}]}},"lang":"es","translations":{"es":3119,"en":2781,"de":3298,"fr":3416,"it":3530},"_links":{"self":[{"href":"https:\/\/glens.com\/es\/wp-json\/wp\/v2\/product\/3119","targetHints":{"allow":["GET"]}}],"collection":[{"href":"https:\/\/glens.com\/es\/wp-json\/wp\/v2\/product"}],"about":[{"href":"https:\/\/glens.com\/es\/wp-json\/wp\/v2\/types\/product"}],"wp:featuredmedia":[{"embeddable":true,"href":"https:\/\/glens.com\/es\/wp-json\/wp\/v2\/media\/2796"}],"wp:attachment":[{"href":"https:\/\/glens.com\/es\/wp-json\/wp\/v2\/media?parent=3119"}],"wp:term":[{"taxonomy":"product_brand","embeddable":true,"href":"https:\/\/glens.com\/es\/wp-json\/wp\/v2\/product_brand?post=3119"},{"taxonomy":"product_cat","embeddable":true,"href":"https:\/\/glens.com\/es\/wp-json\/wp\/v2\/product_cat?post=3119"},{"taxonomy":"product_tag","embeddable":true,"href":"https:\/\/glens.com\/es\/wp-json\/wp\/v2\/product_tag?post=3119"}],"curies":[{"name":"wp","href":"https:\/\/api.w.org\/{rel}","templated":true}]}}