{"id":3096,"date":"2023-07-24T18:13:18","date_gmt":"2023-07-24T18:13:18","guid":{"rendered":"https:\/\/glens.com\/?page_id=3096"},"modified":"2025-02-24T12:57:06","modified_gmt":"2025-02-24T12:57:06","slug":"politica-de-privacidad","status":"publish","type":"page","link":"https:\/\/glens.com\/es\/politica-de-privacidad\/","title":{"rendered":"Pol\u00edtica de privacidad"},"content":{"rendered":"<div data-elementor-type=\"wp-page\" data-elementor-id=\"3096\" class=\"elementor elementor-3096\" data-elementor-post-type=\"page\">\n\t\t\t\t\t\t<section class=\"elementor-section elementor-top-section elementor-element elementor-element-a15be6f elementor-section-boxed elementor-section-height-default elementor-section-height-default\" data-id=\"a15be6f\" data-element_type=\"section\" data-settings=\"{&quot;background_background&quot;:&quot;classic&quot;}\">\n\t\t\t\t\t\t\t<div class=\"elementor-background-overlay\"><\/div>\n\t\t\t\t\t\t\t<div class=\"elementor-container elementor-column-gap-no\">\n\t\t\t\t\t<div class=\"elementor-column elementor-col-100 elementor-top-column elementor-element elementor-element-730740d\" data-id=\"730740d\" data-element_type=\"column\">\n\t\t\t<div class=\"elementor-widget-wrap elementor-element-populated\">\n\t\t\t\t\t<div class=\"elementor-background-overlay\"><\/div>\n\t\t\t\t\t\t<section class=\"elementor-section elementor-inner-section elementor-element elementor-element-7d33a35 elementor-section-boxed elementor-section-height-default elementor-section-height-default\" data-id=\"7d33a35\" data-element_type=\"section\">\n\t\t\t\t\t\t<div class=\"elementor-container elementor-column-gap-no\">\n\t\t\t\t\t<div class=\"elementor-column elementor-col-100 elementor-inner-column elementor-element elementor-element-8ad5f30\" data-id=\"8ad5f30\" data-element_type=\"column\">\n\t\t\t<div class=\"elementor-widget-wrap elementor-element-populated\">\n\t\t\t\t\t\t\t<\/div>\n\t\t<\/div>\n\t\t\t\t\t<\/div>\n\t\t<\/section>\n\t\t\t\t\t<\/div>\n\t\t<\/div>\n\t\t\t\t\t<\/div>\n\t\t<\/section>\n\t\t\t\t<section class=\"elementor-section elementor-top-section elementor-element elementor-element-3b4220f elementor-section-boxed elementor-section-height-default elementor-section-height-default\" data-id=\"3b4220f\" data-element_type=\"section\">\n\t\t\t\t\t\t<div class=\"elementor-container elementor-column-gap-default\">\n\t\t\t\t\t<div class=\"elementor-column elementor-col-100 elementor-top-column elementor-element elementor-element-8bf8739\" data-id=\"8bf8739\" data-element_type=\"column\">\n\t\t\t<div class=\"elementor-widget-wrap elementor-element-populated\">\n\t\t\t\t\t\t<div class=\"elementor-element elementor-element-e4e7453 elementor-widget elementor-widget-text-editor\" data-id=\"e4e7453\" data-element_type=\"widget\" data-widget_type=\"text-editor.default\">\n\t\t\t\t<div class=\"elementor-widget-container\">\n\t\t\t\t\t\t\t\t\t<div class=\"elementor-element elementor-element-bcee1ad e-flex e-con-boxed e-con e-parent e-lazyloaded\" data-id=\"bcee1ad\" data-element_type=\"container\"><div class=\"e-con-inner\"><div class=\"elementor-element elementor-element-2fd0273 e-con-full e-flex e-con e-child\" data-id=\"2fd0273\" data-element_type=\"container\" data-settings=\"{&quot;background_background&quot;:&quot;classic&quot;}\"><div class=\"elementor-element elementor-element-f9cd252 elementor-widget elementor-widget-text-editor\" data-id=\"f9cd252\" data-element_type=\"widget\" data-widget_type=\"text-editor.default\"><div class=\"elementor-widget-container\"><p>Para nuestra empresa es importante respetar su privacidad y cumplir con todas las leyes y regulaciones aplicables en relaci\u00f3n con cualquier informaci\u00f3n personal que podamos recopilar sobre usted cuando visite nuestro sitio web. Al utilizar nuestro sitio web, usted acepta que recopilemos y usemos sus datos de acuerdo con esta pol\u00edtica de privacidad.<\/p><p>Con esta pol\u00edtica de privacidad, nos gustar\u00eda explicarle qu\u00e9 datos recopilamos, c\u00f3mo los usamos y cu\u00e1les son sus derechos para proteger sus datos. La pol\u00edtica se aplica \u00fanicamente a nuestro sitio web y sus visitantes y no se aplica a los datos recopilados a trav\u00e9s de otros canales.<\/p><p>El procesador de sus datos es Glens O\u00dc<br \/>N\u00famero de registro de la empresa: 16404939<br \/>Correo electr\u00f3nico: sales@glens.ee<br \/>N\u00famero de tel\u00e9fono: +372-600-93-66<\/p><p>Recopilamos y procesamos informaci\u00f3n de acuerdo con el Reglamento General de Protecci\u00f3n de Datos (RGPD) de la Uni\u00f3n Europea, que entr\u00f3 en vigor el 25 de mayo de 2018.<br \/>Recopilaci\u00f3n y uso de datos<br \/>Qu\u00e9 datos recopilamos<\/p><p>La informaci\u00f3n que recopilamos incluye informaci\u00f3n que usted nos proporciona consciente y activamente al usar o participar en nuestros servicios o promociones, as\u00ed como cualquier informaci\u00f3n que sus dispositivos env\u00eden al acceder a nuestros productos y servicios.<\/p><p>Los datos que recopilamos incluyen informaci\u00f3n que usted ha compartido conscientemente con nosotros al usar nuestros servicios o campa\u00f1as e informaci\u00f3n que sus dispositivos nos transmiten autom\u00e1ticamente.<\/p><p>Sus datos personales pueden llegar a nosotros de las siguientes maneras:<\/p><p>Si se comunica con nosotros por tel\u00e9fono, correo electr\u00f3nico o chat en l\u00ednea<br \/>Cuando navega por una p\u00e1gina web<br \/>Si comenta, le da me gusta o comparte alguna publicaci\u00f3n en nuestra cuenta de redes sociales<br \/>Si se suscribe a nuestro bolet\u00edn informativo<br \/>Cuando comenta publicaciones en nuestro sitio web<\/p><p>Tipos de datos recopilados<br \/>Datos personales<\/p><p>Le solicitamos informaci\u00f3n personal solo si es necesaria para brindarle el servicio. Al comunicarse con nosotros o visitar nuestro sitio web, puede compartir la siguiente informaci\u00f3n con nosotros:<\/p><p>Nombre y apellido<br \/>Direcci\u00f3n de correo electr\u00f3nico<br \/>N\u00famero de tel\u00e9fono<br \/>Historial de chat entre usted y nosotros<\/p><p>Archivos de registro<\/p><p>Nuestro sitio web guarda archivos de registro sobre sus visitantes. La informaci\u00f3n recopilada puede incluir:<\/p><p>El tipo de dispositivo que est\u00e1 utilizando<br \/>La direcci\u00f3n de protocolo de Internet (IP)<br \/>El tipo de navegador<br \/>El proveedor de servicios de Internet (ISP)<br \/>La fecha y hora de la visita al sitio web<br \/>La p\u00e1gina de entrada y salida, el n\u00famero de clics en la p\u00e1gina web<\/p><p>La informaci\u00f3n de los archivos de registro se utiliza para analizar tendencias, administrar el sitio web, monitorear las actividades de los visitantes del sitio web y recopilar informaci\u00f3n demogr\u00e1fica. La informaci\u00f3n recibida no pretende, ni permite, la identificaci\u00f3n de una persona.<br \/>Cookies<\/p><p>Como la mayor\u00eda de los sitios web, nuestro sitio web tambi\u00e9n utiliza &#8220;cookies&#8221;. Una cookie es esencialmente un archivo de texto que se almacena en el dispositivo del usuario cuando visita un sitio web. Las cookies se utilizan para determinar y guardar preferencias, configuraciones regionales, opciones para usar servicios, etc.<\/p><p>Si lo desea, puede desactivar el uso de cookies en la configuraci\u00f3n del navegador, pero en este caso es posible que el servicio que se le ofrece se interrumpa.<\/p><p>Las cookies se dividen en cookies persistentes y de sesi\u00f3n. Las cookies persistentes permanecen en su PC o dispositivo m\u00f3vil incluso despu\u00e9s de haber cerrado su navegador u computadora. Sin embargo, las cookies de sesi\u00f3n se eliminan inmediatamente despu\u00e9s de cerrar el navegador.<\/p><p>Las cookies se dividen seg\u00fan su finalidad:<\/p><p>Cookies necesarias. Cookies de sesi\u00f3n, cuya finalidad es permitirle utilizar los servicios ofrecidos en nuestro sitio web. Estas cookies ayudan a autenticar a los usuarios y evitar el uso malicioso de las cuentas de usuario. Sin estas cookies, no podemos ofrecerle los servicios deseados.<\/p><p>Cookies de notificaci\u00f3n. Estas cookies identifican si los usuarios han aceptado el uso de cookies en el sitio web.<\/p><p>Cookies de funcionalidad. Estas cookies permiten que su navegador recuerde las opciones que realiza al utilizar el sitio web, como guardar sus datos de inicio de sesi\u00f3n o preferencias de idioma. El objetivo de estas cookies es proporcionarle una experiencia m\u00e1s personalizada y evitar que vuelva a ingresar sus preferencias.<br \/>C\u00f3mo utilizamos los datos<\/p><p>Podemos utilizar la informaci\u00f3n recopilada para diversos fines, entre ellos:<\/p><p>Para mantener, gestionar, desarrollar, personalizar y ampliar nuestro sitio web<br \/>Para recopilar estad\u00edsticas para poder ofrecer mejores servicios y\/u ofertas y comprender y analizar el comportamiento de los visitantes de nuestro sitio web<br \/>Para identificarle por tel\u00e9fono, mensaje de texto o correo electr\u00f3nico<br \/>Al enviarle informaci\u00f3n y solicitarle comentarios sobre nuestros servicios<br \/>Para prevenir el fraude y proteger nuestro sitio web<br \/>Para permitirnos conectarnos con usted a trav\u00e9s de una cuenta de redes sociales<br \/>Para permitir la lectura del historial de chat para acelerar la prestaci\u00f3n de asesoramiento relevante<br \/>Con el objetivo de mejorar la calidad de nuestro servicio y proporcionar soluciones de navegaci\u00f3n m\u00e1s eficientes<br \/>Para desarrollar nuevos productos, servicios o mejorar su funcionalidad<br \/>Para simplificar y acelerar las interacciones entre nosotros cuando se comunica con nosotros<br \/>Para otros fines. Por ejemplo, para analizar datos, investigar tendencias, evaluar la eficacia de nuestras campa\u00f1as publicitarias.<\/p><p>En qu\u00e9 casos es posible que compartamos tus datos<\/p><p>Podemos compartir o transferir tus datos personales en relaci\u00f3n con un cambio de titularidad, fusi\u00f3n, venta de activos, financiaci\u00f3n o adquisici\u00f3n de nuestra empresa. Te informaremos sobre la transmisi\u00f3n de tus datos personales y cu\u00e1ndo les ser\u00e1n de aplicaci\u00f3n las disposiciones de otra pol\u00edtica de privacidad.<br \/>Podemos compartir tus datos con nuestras empresas asociadas, exigi\u00e9ndoles que cumplan con esta pol\u00edtica de privacidad. Las empresas afiliadas incluyen nuestras empresas matrices y subsidiarias, socios de empresas conjuntas o empresas de nuestra propiedad.<br \/>Podemos compartir tus datos con nuestros socios comerciales para ofrecerte determinados productos, servicios o promociones.<br \/>Podemos, con tu consentimiento, divulgar tus datos personales para cualquier otro fin.<br \/>Estamos obligados a divulgar tus datos personales si as\u00ed lo exige la ley. De buena fe, tambi\u00e9n podemos divulgar tus datos para cumplir con obligaciones legales, para proteger nuestros derechos o propiedad, para prevenir o detectar posibles infracciones de la ley relacionadas con el uso de nuestro servicio y para garantizar la seguridad de los usuarios del servicio.<\/p><p>Retenci\u00f3n de sus datos personales<\/p><p>La Compa\u00f1\u00eda retendr\u00e1 sus datos personales solo durante el tiempo que sea necesario para los fines establecidos en esta Pol\u00edtica de privacidad. Retenemos y utilizamos su informaci\u00f3n personal en la medida necesaria para cumplir con nuestras obligaciones legales (por ejemplo, si necesitamos retener su informaci\u00f3n para cumplir con las leyes aplicables), para resolver disputas y para hacer cumplir nuestros acuerdos y pol\u00edticas legales.<\/p><p>La empresa tambi\u00e9n conserva archivos de registro para fines de an\u00e1lisis interno. Los archivos de registro generalmente se conservan durante un per\u00edodo de tiempo m\u00e1s corto, a menos que los datos se utilicen para fortalecer la seguridad o mejorar la funcionalidad de nuestro servicio, o la ley nos obligue a conservar los datos durante un per\u00edodo de tiempo m\u00e1s largo.<br \/>Procesamiento de datos de ni\u00f1os<\/p><p>Ninguno de nuestros productos o servicios est\u00e1 dirigido a ni\u00f1os menores de 13 a\u00f1os y no recopilamos deliberadamente informaci\u00f3n de ni\u00f1os menores de 13 a\u00f1os. Si sospechamos que estamos procesando los datos de una persona menor de 13 a\u00f1os, eliminaremos a esa persona de todas nuestras bases de datos.<br \/>Sus derechos para proteger sus datos<\/p><p>Siempre tiene derecho a no compartir sus datos con nosotros, sabiendo que esto puede afectar su experiencia en nuestro sitio web. Si decide no compartir sus datos con nosotros, no lo trataremos de forma inferior por ello. Cuando nos proporciona informaci\u00f3n personal, comprende que la recopilaremos, almacenaremos, utilizaremos y divulgaremos de acuerdo con esta Pol\u00edtica de privacidad. Tiene derecho a solicitar detalles de los datos recopilados sobre usted.<\/p><p>Cuando recibimos informaci\u00f3n personal sobre usted de un tercero, la protegemos de acuerdo con esta pol\u00edtica de privacidad y la ley de la Rep\u00fablica de Estonia. Si comparte datos de terceros usted mismo, confirma que tambi\u00e9n tiene el derecho y el permiso para hacerlo.<\/p><p>Incluso si previamente ha aceptado compartir sus datos personales con nosotros con fines de marketing, conserva el derecho a cambiar de opini\u00f3n en cualquier momento. Siempre tiene derecho a dejar de comunicarse con nosotros y a solicitar que eliminemos sus datos de nuestras bases de datos. De vez en cuando, tambi\u00e9n podemos solicitarle informaci\u00f3n sobre usted para verificar su identidad. Si considera que los datos que hemos recopilado sobre usted son inexactos, obsoletos, incompletos, irrelevantes o enga\u00f1osos, comun\u00edquese con nosotros por correo electr\u00f3nico: sales@glens.ee o por tel\u00e9fono: +372-600-93-66. Haremos todo lo posible para corregir la informaci\u00f3n inexacta, incompleta, enga\u00f1osa u obsoleta.<\/p><p>Si cree que hemos infringido la ley de protecci\u00f3n de datos pertinente y desea presentar una queja, comun\u00edquese con nosotros utilizando los datos de contacto que se encuentran en este documento y proporci\u00f3nenos todos los detalles de la infracci\u00f3n. Investigaremos su queja con prontitud y le responderemos por escrito con los resultados de nuestra investigaci\u00f3n y las medidas que tomaremos para resolver su queja. Tambi\u00e9n tiene derecho a ponerse en contacto con la autoridad reguladora o la autoridad de protecci\u00f3n de datos.<\/p><p>Derechos de protecci\u00f3n de datos seg\u00fan el RGPD<\/p><p>Queremos asegurarnos de que conoce todos sus derechos de protecci\u00f3n de datos. Cada usuario de la p\u00e1gina tiene derecho a las siguientes condiciones:<\/p><p>Derecho de acceso: tiene derecho a solicitar copias de sus datos personales.<br \/>Derecho de rectificaci\u00f3n de datos: tiene derecho a solicitar que corrijamos los datos que considere inexactos. Tambi\u00e9n tiene derecho a solicitar que completemos los datos que considere incompletos.<br \/>Derecho de supresi\u00f3n: en determinadas circunstancias, tiene derecho a solicitar la supresi\u00f3n de sus datos personales.<br \/>Derecho a la restricci\u00f3n del procesamiento de datos: en determinadas circunstancias, tiene derecho a solicitar la restricci\u00f3n del uso de sus datos personales.<br \/>Derecho a oponerse al uso de su informaci\u00f3n personal: tiene derecho a oponerse al uso de su informaci\u00f3n personal en determinadas condiciones.<br \/>Derecho a la portabilidad de datos: en determinadas circunstancias, tiene derecho a solicitar que transfiramos los datos que recopilamos a un tercero o directamente a usted.<\/p><p>Seguridad de sus datos<\/p><p>La seguridad de su informaci\u00f3n personal es importante para nosotros, pero recuerde que ning\u00fan m\u00e9todo de intercambio de informaci\u00f3n a trav\u00e9s de Internet o cualquier m\u00e9todo de almacenamiento electr\u00f3nico es 100% seguro. Aunque hacemos todo lo posible para proteger sus datos, no podemos garantizar su seguridad completa.<\/p><p>Nuestra empresa toma todas las medidas razonablemente necesarias para garantizar que sus datos se procesen de forma segura y de acuerdo con esta pol\u00edtica de privacidad y la ley de la Rep\u00fablica de Estonia. Sus datos no se transferir\u00e1n a ninguna organizaci\u00f3n o pa\u00eds, a menos que exista una raz\u00f3n v\u00e1lida para ello y se garantice la seguridad de sus datos.<br \/>Enlaces a otros sitios web<\/p><p>En nuestro sitio web puede encontrar enlaces a otros sitios web que no son de nuestra propiedad. Cuando haga clic en un enlace de un tercero, se lo dirigir\u00e1 al sitio de ese tercero. Le recomendamos encarecidamente que lea la pol\u00edtica de privacidad de cada sitio que visite.<\/p><p>No tenemos control sobre los sitios de terceros y no somos responsables de su contenido, pol\u00edticas de privacidad, servicios proporcionados o de otro tipo.<br \/>Actualizaciones de la pol\u00edtica de privacidad<\/p><p>Si es necesario, tenemos el derecho de realizar cambios en este documento de pol\u00edtica de privacidad. Cuando se actualice la pol\u00edtica de privacidad, cambiaremos la fecha de actualizaci\u00f3n del documento que aparece al pie de la misma. Si contin\u00faa visitando y utilizando nuestro sitio web despu\u00e9s de que se haya actualizado la pol\u00edtica de privacidad, lo consideraremos como su consentimiento t\u00e1cito a los cambios.<\/p><\/div><\/div><\/div><\/div><\/div>\t\t\t\t\t\t\t\t<\/div>\n\t\t\t\t<\/div>\n\t\t\t\t\t<\/div>\n\t\t<\/div>\n\t\t\t\t\t<\/div>\n\t\t<\/section>\n\t\t\t\t<\/div>","protected":false},"excerpt":{"rendered":"<p>Para nuestra empresa es importante respetar su privacidad y cumplir con todas las leyes y regulaciones aplicables en relaci\u00f3n con cualquier informaci\u00f3n personal que podamos recopilar sobre usted cuando visite nuestro sitio web. Al utilizar nuestro sitio web, usted acepta que recopilemos y usemos sus datos de acuerdo con esta pol\u00edtica de privacidad. Con esta [&hellip;]<\/p>","protected":false},"author":1,"featured_media":0,"parent":0,"menu_order":0,"comment_status":"closed","ping_status":"closed","template":"","meta":{"site-sidebar-layout":"no-sidebar","site-content-layout":"page-builder","ast-site-content-layout":"full-width-container","site-content-style":"unboxed","site-sidebar-style":"unboxed","ast-global-header-display":"","ast-banner-title-visibility":"","ast-main-header-display":"","ast-hfb-above-header-display":"","ast-hfb-below-header-display":"","ast-hfb-mobile-header-display":"","site-post-title":"disabled","ast-breadcrumbs-content":"","ast-featured-img":"disabled","footer-sml-layout":"","theme-transparent-header-meta":"","adv-header-id-meta":"","stick-header-meta":"","header-above-stick-meta":"","header-main-stick-meta":"","header-below-stick-meta":"","astra-migrate-meta-layouts":"set","ast-page-background-enabled":"default","ast-page-background-meta":{"desktop":{"background-color":"var(--ast-global-color-4)","background-image":"","background-repeat":"repeat","background-position":"center center","background-size":"auto","background-attachment":"scroll","background-type":"","background-media":"","overlay-type":"","overlay-color":"","overlay-opacity":"","overlay-gradient":""},"tablet":{"background-color":"","background-image":"","background-repeat":"repeat","background-position":"center center","background-size":"auto","background-attachment":"scroll","background-type":"","background-media":"","overlay-type":"","overlay-color":"","overlay-opacity":"","overlay-gradient":""},"mobile":{"background-color":"","background-image":"","background-repeat":"repeat","background-position":"center center","background-size":"auto","background-attachment":"scroll","background-type":"","background-media":"","overlay-type":"","overlay-color":"","overlay-opacity":"","overlay-gradient":""}},"ast-content-background-meta":{"desktop":{"background-color":"var(--ast-global-color-5)","background-image":"","background-repeat":"repeat","background-position":"center center","background-size":"auto","background-attachment":"scroll","background-type":"","background-media":"","overlay-type":"","overlay-color":"","overlay-opacity":"","overlay-gradient":""},"tablet":{"background-color":"var(--ast-global-color-5)","background-image":"","background-repeat":"repeat","background-position":"center center","background-size":"auto","background-attachment":"scroll","background-type":"","background-media":"","overlay-type":"","overlay-color":"","overlay-opacity":"","overlay-gradient":""},"mobile":{"background-color":"var(--ast-global-color-5)","background-image":"","background-repeat":"repeat","background-position":"center center","background-size":"auto","background-attachment":"scroll","background-type":"","background-media":"","overlay-type":"","overlay-color":"","overlay-opacity":"","overlay-gradient":""}},"footnotes":""},"class_list":["post-3096","page","type-page","status-publish","hentry"],"yoast_head":"<!-- This site is optimized with the Yoast SEO plugin v25.4 - https:\/\/yoast.com\/wordpress\/plugins\/seo\/ -->\n<title>| Glens<\/title>\n<meta name=\"description\" content=\"Glens.\" \/>\n<meta name=\"robots\" content=\"noindex, follow\" \/>\n<meta property=\"og:locale\" content=\"es_ES\" \/>\n<meta property=\"og:type\" content=\"article\" \/>\n<meta property=\"og:title\" content=\"| Glens\" \/>\n<meta property=\"og:description\" content=\"Glens.\" \/>\n<meta property=\"og:url\" content=\"https:\/\/glens.com\/es\/politica-de-privacidad\/\" \/>\n<meta property=\"og:site_name\" content=\"Glens\" \/>\n<meta property=\"article:publisher\" content=\"https:\/\/www.facebook.com\/glensglasses\" \/>\n<meta property=\"article:modified_time\" content=\"2025-02-24T12:57:06+00:00\" \/>\n<meta name=\"twitter:card\" content=\"summary_large_image\" \/>\n<script type=\"application\/ld+json\" class=\"yoast-schema-graph\">{\"@context\":\"https:\/\/schema.org\",\"@graph\":[{\"@type\":\"WebPage\",\"@id\":\"https:\/\/glens.com\/es\/politica-de-privacidad\/\",\"url\":\"https:\/\/glens.com\/es\/politica-de-privacidad\/\",\"name\":\"| Glens\",\"isPartOf\":{\"@id\":\"https:\/\/glens.com\/es\/#website\"},\"datePublished\":\"2023-07-24T18:13:18+00:00\",\"dateModified\":\"2025-02-24T12:57:06+00:00\",\"description\":\"Glens.\",\"breadcrumb\":{\"@id\":\"https:\/\/glens.com\/es\/politica-de-privacidad\/#breadcrumb\"},\"inLanguage\":\"es\",\"potentialAction\":[{\"@type\":\"ReadAction\",\"target\":[\"https:\/\/glens.com\/es\/politica-de-privacidad\/\"]}]},{\"@type\":\"BreadcrumbList\",\"@id\":\"https:\/\/glens.com\/es\/politica-de-privacidad\/#breadcrumb\",\"itemListElement\":[{\"@type\":\"ListItem\",\"position\":1,\"name\":\"P\u00e1gina de inicio\",\"item\":\"https:\/\/glens.com\/es\/pagina-principal\/\"},{\"@type\":\"ListItem\",\"position\":2,\"name\":\"Pol\u00edtica de privacidad\"}]},{\"@type\":\"WebSite\",\"@id\":\"https:\/\/glens.com\/es\/#website\",\"url\":\"https:\/\/glens.com\/es\/\",\"name\":\"Glens\",\"description\":\"Gafas de lectura ultradelgadas\",\"publisher\":{\"@id\":\"https:\/\/glens.com\/es\/#organization\"},\"potentialAction\":[{\"@type\":\"SearchAction\",\"target\":{\"@type\":\"EntryPoint\",\"urlTemplate\":\"https:\/\/glens.com\/es\/?s={search_term_string}\"},\"query-input\":{\"@type\":\"PropertyValueSpecification\",\"valueRequired\":true,\"valueName\":\"search_term_string\"}}],\"inLanguage\":\"es\"},{\"@type\":\"Organization\",\"@id\":\"https:\/\/glens.com\/es\/#organization\",\"name\":\"Glens\",\"url\":\"https:\/\/glens.com\/es\/\",\"logo\":{\"@type\":\"ImageObject\",\"inLanguage\":\"es\",\"@id\":\"https:\/\/glens.com\/es\/#\/schema\/logo\/image\/\",\"url\":\"https:\/\/glens.com\/wp-content\/uploads\/2023\/07\/glenslogo.svg\",\"contentUrl\":\"https:\/\/glens.com\/wp-content\/uploads\/2023\/07\/glenslogo.svg\",\"width\":1450,\"height\":887,\"caption\":\"Glens\"},\"image\":{\"@id\":\"https:\/\/glens.com\/es\/#\/schema\/logo\/image\/\"},\"sameAs\":[\"https:\/\/www.facebook.com\/glensglasses\",\"https:\/\/www.instagram.com\/glensglasses\/\"]}]}<\/script>\n<!-- \/ Yoast SEO plugin. -->","yoast_head_json":{"title":"| Glens","description":"Glens.","robots":{"index":"noindex","follow":"follow"},"og_locale":"es_ES","og_type":"article","og_title":"| Glens","og_description":"Glens.","og_url":"https:\/\/glens.com\/es\/politica-de-privacidad\/","og_site_name":"Glens","article_publisher":"https:\/\/www.facebook.com\/glensglasses","article_modified_time":"2025-02-24T12:57:06+00:00","twitter_card":"summary_large_image","schema":{"@context":"https:\/\/schema.org","@graph":[{"@type":"WebPage","@id":"https:\/\/glens.com\/es\/politica-de-privacidad\/","url":"https:\/\/glens.com\/es\/politica-de-privacidad\/","name":"| Glens","isPartOf":{"@id":"https:\/\/glens.com\/es\/#website"},"datePublished":"2023-07-24T18:13:18+00:00","dateModified":"2025-02-24T12:57:06+00:00","description":"Glens.","breadcrumb":{"@id":"https:\/\/glens.com\/es\/politica-de-privacidad\/#breadcrumb"},"inLanguage":"es","potentialAction":[{"@type":"ReadAction","target":["https:\/\/glens.com\/es\/politica-de-privacidad\/"]}]},{"@type":"BreadcrumbList","@id":"https:\/\/glens.com\/es\/politica-de-privacidad\/#breadcrumb","itemListElement":[{"@type":"ListItem","position":1,"name":"P\u00e1gina de inicio","item":"https:\/\/glens.com\/es\/pagina-principal\/"},{"@type":"ListItem","position":2,"name":"Pol\u00edtica de privacidad"}]},{"@type":"WebSite","@id":"https:\/\/glens.com\/es\/#website","url":"https:\/\/glens.com\/es\/","name":"Glens","description":"Gafas de lectura ultradelgadas","publisher":{"@id":"https:\/\/glens.com\/es\/#organization"},"potentialAction":[{"@type":"SearchAction","target":{"@type":"EntryPoint","urlTemplate":"https:\/\/glens.com\/es\/?s={search_term_string}"},"query-input":{"@type":"PropertyValueSpecification","valueRequired":true,"valueName":"search_term_string"}}],"inLanguage":"es"},{"@type":"Organization","@id":"https:\/\/glens.com\/es\/#organization","name":"Glens","url":"https:\/\/glens.com\/es\/","logo":{"@type":"ImageObject","inLanguage":"es","@id":"https:\/\/glens.com\/es\/#\/schema\/logo\/image\/","url":"https:\/\/glens.com\/wp-content\/uploads\/2023\/07\/glenslogo.svg","contentUrl":"https:\/\/glens.com\/wp-content\/uploads\/2023\/07\/glenslogo.svg","width":1450,"height":887,"caption":"Glens"},"image":{"@id":"https:\/\/glens.com\/es\/#\/schema\/logo\/image\/"},"sameAs":["https:\/\/www.facebook.com\/glensglasses","https:\/\/www.instagram.com\/glensglasses\/"]}]}},"lang":"es","translations":{"es":3096,"en":341,"de":3248,"fr":3692,"it":3741},"_links":{"self":[{"href":"https:\/\/glens.com\/es\/wp-json\/wp\/v2\/pages\/3096","targetHints":{"allow":["GET"]}}],"collection":[{"href":"https:\/\/glens.com\/es\/wp-json\/wp\/v2\/pages"}],"about":[{"href":"https:\/\/glens.com\/es\/wp-json\/wp\/v2\/types\/page"}],"author":[{"embeddable":true,"href":"https:\/\/glens.com\/es\/wp-json\/wp\/v2\/users\/1"}],"replies":[{"embeddable":true,"href":"https:\/\/glens.com\/es\/wp-json\/wp\/v2\/comments?post=3096"}],"version-history":[{"count":0,"href":"https:\/\/glens.com\/es\/wp-json\/wp\/v2\/pages\/3096\/revisions"}],"wp:attachment":[{"href":"https:\/\/glens.com\/es\/wp-json\/wp\/v2\/media?parent=3096"}],"curies":[{"name":"wp","href":"https:\/\/api.w.org\/{rel}","templated":true}]}}