{"id":3396,"date":"2025-01-17T12:34:33","date_gmt":"2025-01-17T12:34:33","guid":{"rendered":"https:\/\/glens.com\/?post_type=product&#038;p=3396"},"modified":"2025-08-21T09:08:26","modified_gmt":"2025-08-21T09:08:26","slug":"all-in-one-box-lesebrille-ohne-bugel-glens","status":"publish","type":"product","link":"https:\/\/glens.com\/de\/product\/all-in-one-box-lesebrille-ohne-bugel-glens\/","title":{"rendered":"All-in-One-Box, Lesebrille ohne B\u00fcgel, Glens"},"content":{"rendered":"<p>Entdecken Sie alle Glens-Produkte in einer Set-Box, die Sie auch Ihren Liebsten als Geschenk anbieten k\u00f6nnen. Eine vollst\u00e4ndige Sammlung aller Accessoires, um Ihnen eine Vielzahl von M\u00f6glichkeiten zu bieten, Ihre Lesebrille in verschiedenen Situationen \u00fcberall zu verwenden.<br \/>\nSie erhalten alles, was auf dem Foto abgebildet ist!!<\/p>\n<ul>\n<li>5 Brillenetuis mit ergonomischem Verschluss (Rot, Wei\u00df, Grau, Beige und Gr\u00fcn)<\/li>\n<li>40 Paar Ersatzlesebrillen, passend platziert unter der ersten Schicht des Sets.<\/li>\n<li>Die All-in-One-Box enth\u00e4lt die Lesebrillen +1,5 = 10 Paar \/ +2,0 = 10 Paar \/ +2,5 = 10 Paar \/ +3,0 = 10 Paar.<\/li>\n<li>Vier selbstklebende Schaumstoffhalter, damit Sie Ihre Brille immer zur Hand haben.<\/li>\n<li>Mikrofaser-Reinigungstuch f\u00fcr Brillengl\u00e4ser<\/li>\n<\/ul>","protected":false},"excerpt":{"rendered":"<p>Entdecken Sie alle Glens-Produkte in einer Set-Box, die Sie auch Ihren Liebsten als Geschenk anbieten k\u00f6nnen. Eine vollst\u00e4ndige Sammlung aller Accessoires, um Ihnen eine Vielzahl von M\u00f6glichkeiten zu bieten, Ihre Lesebrille in verschiedenen Situationen \u00fcberall zu verwenden. Sie erhalten alles, was auf dem Foto abgebildet ist!! 5 Brillenetuis mit ergonomischem Verschluss (Rot, Wei\u00df, Grau, Beige [&hellip;]<\/p>","protected":false},"featured_media":2175,"template":"","meta":{"site-sidebar-layout":"default","site-content-layout":"default","ast-site-content-layout":"default","site-content-style":"default","site-sidebar-style":"default","ast-global-header-display":"","ast-banner-title-visibility":"","ast-main-header-display":"","ast-hfb-above-header-display":"","ast-hfb-below-header-display":"","ast-hfb-mobile-header-display":"","site-post-title":"","ast-breadcrumbs-content":"","ast-featured-img":"","footer-sml-layout":"","theme-transparent-header-meta":"default","adv-header-id-meta":"","stick-header-meta":"","header-above-stick-meta":"","header-main-stick-meta":"","header-below-stick-meta":"","astra-migrate-meta-layouts":"set","ast-page-background-enabled":"default","ast-page-background-meta":{"desktop":{"background-color":"var(--ast-global-color-4)","background-image":"","background-repeat":"repeat","background-position":"center center","background-size":"auto","background-attachment":"scroll","background-type":"","background-media":"","overlay-type":"","overlay-color":"","overlay-opacity":"","overlay-gradient":""},"tablet":{"background-color":"","background-image":"","background-repeat":"repeat","background-position":"center center","background-size":"auto","background-attachment":"scroll","background-type":"","background-media":"","overlay-type":"","overlay-color":"","overlay-opacity":"","overlay-gradient":""},"mobile":{"background-color":"","background-image":"","background-repeat":"repeat","background-position":"center center","background-size":"auto","background-attachment":"scroll","background-type":"","background-media":"","overlay-type":"","overlay-color":"","overlay-opacity":"","overlay-gradient":""}},"ast-content-background-meta":{"desktop":{"background-color":"var(--ast-global-color-5)","background-image":"","background-repeat":"repeat","background-position":"center center","background-size":"auto","background-attachment":"scroll","background-type":"","background-media":"","overlay-type":"","overlay-color":"","overlay-opacity":"","overlay-gradient":""},"tablet":{"background-color":"var(--ast-global-color-5)","background-image":"","background-repeat":"repeat","background-position":"center center","background-size":"auto","background-attachment":"scroll","background-type":"","background-media":"","overlay-type":"","overlay-color":"","overlay-opacity":"","overlay-gradient":""},"mobile":{"background-color":"var(--ast-global-color-5)","background-image":"","background-repeat":"repeat","background-position":"center center","background-size":"auto","background-attachment":"scroll","background-type":"","background-media":"","overlay-type":"","overlay-color":"","overlay-opacity":"","overlay-gradient":""}}},"product_brand":[],"product_cat":[218],"product_tag":[],"class_list":{"0":"post-3396","1":"product","2":"type-product","3":"status-publish","4":"has-post-thumbnail","6":"product_cat-geschenksets","7":"desktop-align-center","8":"tablet-align-left","9":"mobile-align-left","11":"first","12":"instock","13":"taxable","14":"shipping-taxable","15":"purchasable","16":"product-type-simple"},"yoast_head":"<!-- This site is optimized with the Yoast SEO plugin v25.4 - https:\/\/yoast.com\/wordpress\/plugins\/seo\/ -->\n<title>All-in-One-Box, Lesebrille ohne B\u00fcgel, Glens | Glens<\/title>\n<meta name=\"description\" content=\"Glens. Entdecken Sie alle Glens-Produkte in einer Setbox und bieten Sie sie auch als Geschenk f\u00fcr Ihre Liebsten an.\" \/>\n<meta name=\"robots\" content=\"index, follow, max-snippet:-1, max-image-preview:large, max-video-preview:-1\" \/>\n<link rel=\"canonical\" href=\"https:\/\/glens.com\/de\/product\/all-in-one-box-lesebrille-ohne-bugel-glens\/\" \/>\n<meta property=\"og:locale\" content=\"de_DE\" \/>\n<meta property=\"og:type\" content=\"article\" \/>\n<meta property=\"og:title\" content=\"All-in-One-Box, Lesebrille ohne B\u00fcgel, Glens | Glens\" \/>\n<meta property=\"og:description\" content=\"Glens. Entdecken Sie alle Glens-Produkte in einer Setbox und bieten Sie sie auch als Geschenk f\u00fcr Ihre Liebsten an.\" \/>\n<meta property=\"og:url\" content=\"https:\/\/glens.com\/de\/product\/all-in-one-box-lesebrille-ohne-bugel-glens\/\" \/>\n<meta property=\"og:site_name\" content=\"Glens\" \/>\n<meta property=\"article:publisher\" content=\"https:\/\/www.facebook.com\/glensglasses\" \/>\n<meta property=\"article:modified_time\" content=\"2025-08-21T09:08:26+00:00\" \/>\n<meta property=\"og:image\" content=\"https:\/\/glens.com\/wp-content\/uploads\/2025\/01\/all-in-one-box-armless-reading-glasses-glens.png\" \/>\n\t<meta property=\"og:image:width\" content=\"1679\" \/>\n\t<meta property=\"og:image:height\" content=\"1119\" \/>\n\t<meta property=\"og:image:type\" content=\"image\/png\" \/>\n<meta name=\"twitter:card\" content=\"summary_large_image\" \/>\n<script type=\"application\/ld+json\" class=\"yoast-schema-graph\">{\"@context\":\"https:\/\/schema.org\",\"@graph\":[{\"@type\":\"WebPage\",\"@id\":\"https:\/\/glens.com\/de\/product\/all-in-one-box-lesebrille-ohne-bugel-glens\/\",\"url\":\"https:\/\/glens.com\/de\/product\/all-in-one-box-lesebrille-ohne-bugel-glens\/\",\"name\":\"All-in-One-Box, Lesebrille ohne B\u00fcgel, Glens | Glens\",\"isPartOf\":{\"@id\":\"https:\/\/glens.com\/de\/#website\"},\"primaryImageOfPage\":{\"@id\":\"https:\/\/glens.com\/de\/product\/all-in-one-box-lesebrille-ohne-bugel-glens\/#primaryimage\"},\"image\":{\"@id\":\"https:\/\/glens.com\/de\/product\/all-in-one-box-lesebrille-ohne-bugel-glens\/#primaryimage\"},\"thumbnailUrl\":\"https:\/\/glens.com\/wp-content\/uploads\/2025\/01\/all-in-one-box-armless-reading-glasses-glens.png\",\"datePublished\":\"2025-01-17T12:34:33+00:00\",\"dateModified\":\"2025-08-21T09:08:26+00:00\",\"description\":\"Glens. Entdecken Sie alle Glens-Produkte in einer Setbox und bieten Sie sie auch als Geschenk f\u00fcr Ihre Liebsten an.\",\"breadcrumb\":{\"@id\":\"https:\/\/glens.com\/de\/product\/all-in-one-box-lesebrille-ohne-bugel-glens\/#breadcrumb\"},\"inLanguage\":\"de\",\"potentialAction\":[{\"@type\":\"ReadAction\",\"target\":[\"https:\/\/glens.com\/de\/product\/all-in-one-box-lesebrille-ohne-bugel-glens\/\"]}]},{\"@type\":\"ImageObject\",\"inLanguage\":\"de\",\"@id\":\"https:\/\/glens.com\/de\/product\/all-in-one-box-lesebrille-ohne-bugel-glens\/#primaryimage\",\"url\":\"https:\/\/glens.com\/wp-content\/uploads\/2025\/01\/all-in-one-box-armless-reading-glasses-glens.png\",\"contentUrl\":\"https:\/\/glens.com\/wp-content\/uploads\/2025\/01\/all-in-one-box-armless-reading-glasses-glens.png\",\"width\":1679,\"height\":1119,\"caption\":\"Glens Glasses\"},{\"@type\":\"BreadcrumbList\",\"@id\":\"https:\/\/glens.com\/de\/product\/all-in-one-box-lesebrille-ohne-bugel-glens\/#breadcrumb\",\"itemListElement\":[{\"@type\":\"ListItem\",\"position\":1,\"name\":\"Startseite\",\"item\":\"https:\/\/glens.com\/de\/hauptseite\/\"},{\"@type\":\"ListItem\",\"position\":2,\"name\":\"Alle Produkte\",\"item\":\"https:\/\/glens.com\/de\/alle-produkte\/\"},{\"@type\":\"ListItem\",\"position\":3,\"name\":\"All-in-One-Box, Lesebrille ohne B\u00fcgel, Glens\"}]},{\"@type\":\"WebSite\",\"@id\":\"https:\/\/glens.com\/de\/#website\",\"url\":\"https:\/\/glens.com\/de\/\",\"name\":\"Glens\",\"description\":\"Ultra-schlanke Lesebrille\",\"publisher\":{\"@id\":\"https:\/\/glens.com\/de\/#organization\"},\"potentialAction\":[{\"@type\":\"SearchAction\",\"target\":{\"@type\":\"EntryPoint\",\"urlTemplate\":\"https:\/\/glens.com\/de\/?s={search_term_string}\"},\"query-input\":{\"@type\":\"PropertyValueSpecification\",\"valueRequired\":true,\"valueName\":\"search_term_string\"}}],\"inLanguage\":\"de\"},{\"@type\":\"Organization\",\"@id\":\"https:\/\/glens.com\/de\/#organization\",\"name\":\"Glens\",\"url\":\"https:\/\/glens.com\/de\/\",\"logo\":{\"@type\":\"ImageObject\",\"inLanguage\":\"de\",\"@id\":\"https:\/\/glens.com\/de\/#\/schema\/logo\/image\/\",\"url\":\"https:\/\/glens.com\/wp-content\/uploads\/2023\/07\/glenslogo.svg\",\"contentUrl\":\"https:\/\/glens.com\/wp-content\/uploads\/2023\/07\/glenslogo.svg\",\"width\":1450,\"height\":887,\"caption\":\"Glens\"},\"image\":{\"@id\":\"https:\/\/glens.com\/de\/#\/schema\/logo\/image\/\"},\"sameAs\":[\"https:\/\/www.facebook.com\/glensglasses\",\"https:\/\/www.instagram.com\/glensglasses\/\"]}]}<\/script>\n<!-- \/ Yoast SEO plugin. -->","yoast_head_json":{"title":"All-in-One-Box, Lesebrille ohne B\u00fcgel, Glens | Glens","description":"Glens. Entdecken Sie alle Glens-Produkte in einer Setbox und bieten Sie sie auch als Geschenk f\u00fcr Ihre Liebsten an.","robots":{"index":"index","follow":"follow","max-snippet":"max-snippet:-1","max-image-preview":"max-image-preview:large","max-video-preview":"max-video-preview:-1"},"canonical":"https:\/\/glens.com\/de\/product\/all-in-one-box-lesebrille-ohne-bugel-glens\/","og_locale":"de_DE","og_type":"article","og_title":"All-in-One-Box, Lesebrille ohne B\u00fcgel, Glens | Glens","og_description":"Glens. Entdecken Sie alle Glens-Produkte in einer Setbox und bieten Sie sie auch als Geschenk f\u00fcr Ihre Liebsten an.","og_url":"https:\/\/glens.com\/de\/product\/all-in-one-box-lesebrille-ohne-bugel-glens\/","og_site_name":"Glens","article_publisher":"https:\/\/www.facebook.com\/glensglasses","article_modified_time":"2025-08-21T09:08:26+00:00","og_image":[{"width":1679,"height":1119,"url":"https:\/\/glens.com\/wp-content\/uploads\/2025\/01\/all-in-one-box-armless-reading-glasses-glens.png","type":"image\/png"}],"twitter_card":"summary_large_image","schema":{"@context":"https:\/\/schema.org","@graph":[{"@type":"WebPage","@id":"https:\/\/glens.com\/de\/product\/all-in-one-box-lesebrille-ohne-bugel-glens\/","url":"https:\/\/glens.com\/de\/product\/all-in-one-box-lesebrille-ohne-bugel-glens\/","name":"All-in-One-Box, Lesebrille ohne B\u00fcgel, Glens | Glens","isPartOf":{"@id":"https:\/\/glens.com\/de\/#website"},"primaryImageOfPage":{"@id":"https:\/\/glens.com\/de\/product\/all-in-one-box-lesebrille-ohne-bugel-glens\/#primaryimage"},"image":{"@id":"https:\/\/glens.com\/de\/product\/all-in-one-box-lesebrille-ohne-bugel-glens\/#primaryimage"},"thumbnailUrl":"https:\/\/glens.com\/wp-content\/uploads\/2025\/01\/all-in-one-box-armless-reading-glasses-glens.png","datePublished":"2025-01-17T12:34:33+00:00","dateModified":"2025-08-21T09:08:26+00:00","description":"Glens. Entdecken Sie alle Glens-Produkte in einer Setbox und bieten Sie sie auch als Geschenk f\u00fcr Ihre Liebsten an.","breadcrumb":{"@id":"https:\/\/glens.com\/de\/product\/all-in-one-box-lesebrille-ohne-bugel-glens\/#breadcrumb"},"inLanguage":"de","potentialAction":[{"@type":"ReadAction","target":["https:\/\/glens.com\/de\/product\/all-in-one-box-lesebrille-ohne-bugel-glens\/"]}]},{"@type":"ImageObject","inLanguage":"de","@id":"https:\/\/glens.com\/de\/product\/all-in-one-box-lesebrille-ohne-bugel-glens\/#primaryimage","url":"https:\/\/glens.com\/wp-content\/uploads\/2025\/01\/all-in-one-box-armless-reading-glasses-glens.png","contentUrl":"https:\/\/glens.com\/wp-content\/uploads\/2025\/01\/all-in-one-box-armless-reading-glasses-glens.png","width":1679,"height":1119,"caption":"Glens Glasses"},{"@type":"BreadcrumbList","@id":"https:\/\/glens.com\/de\/product\/all-in-one-box-lesebrille-ohne-bugel-glens\/#breadcrumb","itemListElement":[{"@type":"ListItem","position":1,"name":"Startseite","item":"https:\/\/glens.com\/de\/hauptseite\/"},{"@type":"ListItem","position":2,"name":"Alle Produkte","item":"https:\/\/glens.com\/de\/alle-produkte\/"},{"@type":"ListItem","position":3,"name":"All-in-One-Box, Lesebrille ohne B\u00fcgel, Glens"}]},{"@type":"WebSite","@id":"https:\/\/glens.com\/de\/#website","url":"https:\/\/glens.com\/de\/","name":"Glens","description":"Ultra-schlanke Lesebrille","publisher":{"@id":"https:\/\/glens.com\/de\/#organization"},"potentialAction":[{"@type":"SearchAction","target":{"@type":"EntryPoint","urlTemplate":"https:\/\/glens.com\/de\/?s={search_term_string}"},"query-input":{"@type":"PropertyValueSpecification","valueRequired":true,"valueName":"search_term_string"}}],"inLanguage":"de"},{"@type":"Organization","@id":"https:\/\/glens.com\/de\/#organization","name":"Glens","url":"https:\/\/glens.com\/de\/","logo":{"@type":"ImageObject","inLanguage":"de","@id":"https:\/\/glens.com\/de\/#\/schema\/logo\/image\/","url":"https:\/\/glens.com\/wp-content\/uploads\/2023\/07\/glenslogo.svg","contentUrl":"https:\/\/glens.com\/wp-content\/uploads\/2023\/07\/glenslogo.svg","width":1450,"height":887,"caption":"Glens"},"image":{"@id":"https:\/\/glens.com\/de\/#\/schema\/logo\/image\/"},"sameAs":["https:\/\/www.facebook.com\/glensglasses","https:\/\/www.instagram.com\/glensglasses\/"]}]}},"lang":"de","translations":{"es":3209,"en":2162,"de":3396,"it":3623,"fr":3625},"_links":{"self":[{"href":"https:\/\/glens.com\/de\/wp-json\/wp\/v2\/product\/3396","targetHints":{"allow":["GET"]}}],"collection":[{"href":"https:\/\/glens.com\/de\/wp-json\/wp\/v2\/product"}],"about":[{"href":"https:\/\/glens.com\/de\/wp-json\/wp\/v2\/types\/product"}],"wp:featuredmedia":[{"embeddable":true,"href":"https:\/\/glens.com\/de\/wp-json\/wp\/v2\/media\/2175"}],"wp:attachment":[{"href":"https:\/\/glens.com\/de\/wp-json\/wp\/v2\/media?parent=3396"}],"wp:term":[{"taxonomy":"product_brand","embeddable":true,"href":"https:\/\/glens.com\/de\/wp-json\/wp\/v2\/product_brand?post=3396"},{"taxonomy":"product_cat","embeddable":true,"href":"https:\/\/glens.com\/de\/wp-json\/wp\/v2\/product_cat?post=3396"},{"taxonomy":"product_tag","embeddable":true,"href":"https:\/\/glens.com\/de\/wp-json\/wp\/v2\/product_tag?post=3396"}],"curies":[{"name":"wp","href":"https:\/\/api.w.org\/{rel}","templated":true}]}}