{"id":3378,"date":"2025-01-17T12:43:05","date_gmt":"2025-01-17T12:43:05","guid":{"rendered":"https:\/\/glens.com\/?post_type=product&#038;p=3378"},"modified":"2025-05-05T07:12:32","modified_gmt":"2025-05-05T07:12:32","slug":"ultraschlankes-lesebrillenetui-als-schlusselanhanger","status":"publish","type":"product","link":"https:\/\/glens.com\/de\/product\/ultraschlankes-lesebrillenetui-als-schlusselanhanger\/","title":{"rendered":"Ultraschlankes Lesebrillenetui als Schl\u00fcsselanh\u00e4nger"},"content":{"rendered":"<p>B\u00fcgellos, handlich und leicht. Dank des Designs und der Gr\u00f6\u00dfe passen sie problemlos in Ihre Brieftasche und Kartenhalter oder einfach in Ihre Hosen-, Handtasche und Handtasche. Funktional und dennoch schick und stilvoll, der Rahmen l\u00e4sst sich leicht an Taschen, Hemdkn\u00f6pfen und Schl\u00fcsseln befestigen und einfach \u00fcberallhin mitnehmen. Bemerkenswerter Halt dank des innovativen Designs des Verschlusses und einfaches Herausnehmen.<\/p>\n<ul>\n<li>Abmessungen: 85 mm x 25 mm x 5 mm<\/li>\n<li>Gewicht: nur ein Gramm<\/li>\n<li>Hergestellt im Vereinigten K\u00f6nigreich<\/li>\n<li>Farben: Gr\u00fcn, Wei\u00df, Rot und Beige<\/li>\n<li>5 mm Metallring zum Anbringen von Gummi- oder Metallhaken, Befestigung mit Knopf oder Rei\u00dfverschluss<\/li>\n<\/ul>\n<div class=\"ast-oembed-container\" style=\"height: 100%;\"><iframe title=\"Glens Reading Glasses Case\" width=\"500\" height=\"375\" src=\"https:\/\/www.youtube.com\/embed\/uWWM_H9-NtQ?feature=oembed\" frameborder=\"0\" allow=\"accelerometer; autoplay; clipboard-write; encrypted-media; gyroscope; picture-in-picture; web-share\" referrerpolicy=\"strict-origin-when-cross-origin\" allowfullscreen><\/iframe><\/div>","protected":false},"excerpt":{"rendered":"<p>B\u00fcgellos, handlich und leicht. Dank des Designs und der Gr\u00f6\u00dfe passen sie problemlos in Ihre Brieftasche und Kartenhalter oder einfach in Ihre Hosen-, Handtasche und Handtasche. Funktional und dennoch schick und stilvoll, der Rahmen l\u00e4sst sich leicht an Taschen, Hemdkn\u00f6pfen und Schl\u00fcsseln befestigen und einfach \u00fcberallhin mitnehmen. Bemerkenswerter Halt dank des innovativen Designs des Verschlusses [&hellip;]<\/p>","protected":false},"featured_media":2146,"template":"","meta":{"site-sidebar-layout":"default","site-content-layout":"default","ast-site-content-layout":"default","site-content-style":"default","site-sidebar-style":"default","ast-global-header-display":"","ast-banner-title-visibility":"","ast-main-header-display":"","ast-hfb-above-header-display":"","ast-hfb-below-header-display":"","ast-hfb-mobile-header-display":"","site-post-title":"","ast-breadcrumbs-content":"","ast-featured-img":"","footer-sml-layout":"","theme-transparent-header-meta":"default","adv-header-id-meta":"","stick-header-meta":"","header-above-stick-meta":"","header-main-stick-meta":"","header-below-stick-meta":"","astra-migrate-meta-layouts":"set","ast-page-background-enabled":"default","ast-page-background-meta":{"desktop":{"background-color":"var(--ast-global-color-4)","background-image":"","background-repeat":"repeat","background-position":"center center","background-size":"auto","background-attachment":"scroll","background-type":"","background-media":"","overlay-type":"","overlay-color":"","overlay-opacity":"","overlay-gradient":""},"tablet":{"background-color":"","background-image":"","background-repeat":"repeat","background-position":"center center","background-size":"auto","background-attachment":"scroll","background-type":"","background-media":"","overlay-type":"","overlay-color":"","overlay-opacity":"","overlay-gradient":""},"mobile":{"background-color":"","background-image":"","background-repeat":"repeat","background-position":"center center","background-size":"auto","background-attachment":"scroll","background-type":"","background-media":"","overlay-type":"","overlay-color":"","overlay-opacity":"","overlay-gradient":""}},"ast-content-background-meta":{"desktop":{"background-color":"var(--ast-global-color-5)","background-image":"","background-repeat":"repeat","background-position":"center center","background-size":"auto","background-attachment":"scroll","background-type":"","background-media":"","overlay-type":"","overlay-color":"","overlay-opacity":"","overlay-gradient":""},"tablet":{"background-color":"var(--ast-global-color-5)","background-image":"","background-repeat":"repeat","background-position":"center center","background-size":"auto","background-attachment":"scroll","background-type":"","background-media":"","overlay-type":"","overlay-color":"","overlay-opacity":"","overlay-gradient":""},"mobile":{"background-color":"var(--ast-global-color-5)","background-image":"","background-repeat":"repeat","background-position":"center center","background-size":"auto","background-attachment":"scroll","background-type":"","background-media":"","overlay-type":"","overlay-color":"","overlay-opacity":"","overlay-gradient":""}}},"product_brand":[],"product_cat":[216],"product_tag":[],"class_list":{"0":"post-3378","1":"product","2":"type-product","3":"status-publish","4":"has-post-thumbnail","6":"product_cat-zubehor","7":"desktop-align-center","8":"tablet-align-left","9":"mobile-align-left","11":"first","12":"instock","13":"sale","14":"taxable","15":"shipping-taxable","16":"purchasable","17":"product-type-variable"},"yoast_head":"<!-- This site is optimized with the Yoast SEO plugin v25.4 - https:\/\/yoast.com\/wordpress\/plugins\/seo\/ -->\n<title>Ultraschlankes Lesebrillenetui als Schl\u00fcsselanh\u00e4nger | Glens<\/title>\n<meta name=\"description\" content=\"Glens. Ohne B\u00fcgel, handlich und leicht. Dank des Designs und der Gr\u00f6\u00dfe passen sie problemlos in Ihre Brieftasche und Kartenhalter oder einfach in Ihre Hosentasche, Handtasche und Handtasche.\" \/>\n<meta name=\"robots\" content=\"index, follow, max-snippet:-1, max-image-preview:large, max-video-preview:-1\" \/>\n<link rel=\"canonical\" href=\"https:\/\/glens.com\/de\/product\/ultraschlankes-lesebrillenetui-als-schlusselanhanger\/\" \/>\n<meta property=\"og:locale\" content=\"de_DE\" \/>\n<meta property=\"og:type\" content=\"article\" \/>\n<meta property=\"og:title\" content=\"Ultraschlankes Lesebrillenetui als Schl\u00fcsselanh\u00e4nger | Glens\" \/>\n<meta property=\"og:description\" content=\"Glens. Ohne B\u00fcgel, handlich und leicht. Dank des Designs und der Gr\u00f6\u00dfe passen sie problemlos in Ihre Brieftasche und Kartenhalter oder einfach in Ihre Hosentasche, Handtasche und Handtasche.\" \/>\n<meta property=\"og:url\" content=\"https:\/\/glens.com\/de\/product\/ultraschlankes-lesebrillenetui-als-schlusselanhanger\/\" \/>\n<meta property=\"og:site_name\" content=\"Glens\" \/>\n<meta property=\"article:publisher\" content=\"https:\/\/www.facebook.com\/glensglasses\" \/>\n<meta property=\"article:modified_time\" content=\"2025-05-05T07:12:32+00:00\" \/>\n<meta property=\"og:image\" content=\"https:\/\/glens.com\/wp-content\/uploads\/2025\/01\/k_1.png\" \/>\n\t<meta property=\"og:image:width\" content=\"1354\" \/>\n\t<meta property=\"og:image:height\" content=\"904\" \/>\n\t<meta property=\"og:image:type\" content=\"image\/png\" \/>\n<meta name=\"twitter:card\" content=\"summary_large_image\" \/>\n<script type=\"application\/ld+json\" class=\"yoast-schema-graph\">{\"@context\":\"https:\/\/schema.org\",\"@graph\":[{\"@type\":\"WebPage\",\"@id\":\"https:\/\/glens.com\/de\/product\/ultraschlankes-lesebrillenetui-als-schlusselanhanger\/\",\"url\":\"https:\/\/glens.com\/de\/product\/ultraschlankes-lesebrillenetui-als-schlusselanhanger\/\",\"name\":\"Ultraschlankes Lesebrillenetui als Schl\u00fcsselanh\u00e4nger | Glens\",\"isPartOf\":{\"@id\":\"https:\/\/glens.com\/de\/#website\"},\"primaryImageOfPage\":{\"@id\":\"https:\/\/glens.com\/de\/product\/ultraschlankes-lesebrillenetui-als-schlusselanhanger\/#primaryimage\"},\"image\":{\"@id\":\"https:\/\/glens.com\/de\/product\/ultraschlankes-lesebrillenetui-als-schlusselanhanger\/#primaryimage\"},\"thumbnailUrl\":\"https:\/\/glens.com\/wp-content\/uploads\/2025\/01\/k_1.png\",\"datePublished\":\"2025-01-17T12:43:05+00:00\",\"dateModified\":\"2025-05-05T07:12:32+00:00\",\"description\":\"Glens. Ohne B\u00fcgel, handlich und leicht. Dank des Designs und der Gr\u00f6\u00dfe passen sie problemlos in Ihre Brieftasche und Kartenhalter oder einfach in Ihre Hosentasche, Handtasche und Handtasche.\",\"breadcrumb\":{\"@id\":\"https:\/\/glens.com\/de\/product\/ultraschlankes-lesebrillenetui-als-schlusselanhanger\/#breadcrumb\"},\"inLanguage\":\"de\",\"potentialAction\":[{\"@type\":\"ReadAction\",\"target\":[\"https:\/\/glens.com\/de\/product\/ultraschlankes-lesebrillenetui-als-schlusselanhanger\/\"]}]},{\"@type\":\"ImageObject\",\"inLanguage\":\"de\",\"@id\":\"https:\/\/glens.com\/de\/product\/ultraschlankes-lesebrillenetui-als-schlusselanhanger\/#primaryimage\",\"url\":\"https:\/\/glens.com\/wp-content\/uploads\/2025\/01\/k_1.png\",\"contentUrl\":\"https:\/\/glens.com\/wp-content\/uploads\/2025\/01\/k_1.png\",\"width\":1354,\"height\":904,\"caption\":\"Glens Glasses\"},{\"@type\":\"BreadcrumbList\",\"@id\":\"https:\/\/glens.com\/de\/product\/ultraschlankes-lesebrillenetui-als-schlusselanhanger\/#breadcrumb\",\"itemListElement\":[{\"@type\":\"ListItem\",\"position\":1,\"name\":\"Startseite\",\"item\":\"https:\/\/glens.com\/de\/hauptseite\/\"},{\"@type\":\"ListItem\",\"position\":2,\"name\":\"Alle Produkte\",\"item\":\"https:\/\/glens.com\/de\/alle-produkte\/\"},{\"@type\":\"ListItem\",\"position\":3,\"name\":\"Ultraschlankes Lesebrillenetui als Schl\u00fcsselanh\u00e4nger\"}]},{\"@type\":\"WebSite\",\"@id\":\"https:\/\/glens.com\/de\/#website\",\"url\":\"https:\/\/glens.com\/de\/\",\"name\":\"Glens\",\"description\":\"Ultra-schlanke Lesebrille\",\"publisher\":{\"@id\":\"https:\/\/glens.com\/de\/#organization\"},\"potentialAction\":[{\"@type\":\"SearchAction\",\"target\":{\"@type\":\"EntryPoint\",\"urlTemplate\":\"https:\/\/glens.com\/de\/?s={search_term_string}\"},\"query-input\":{\"@type\":\"PropertyValueSpecification\",\"valueRequired\":true,\"valueName\":\"search_term_string\"}}],\"inLanguage\":\"de\"},{\"@type\":\"Organization\",\"@id\":\"https:\/\/glens.com\/de\/#organization\",\"name\":\"Glens\",\"url\":\"https:\/\/glens.com\/de\/\",\"logo\":{\"@type\":\"ImageObject\",\"inLanguage\":\"de\",\"@id\":\"https:\/\/glens.com\/de\/#\/schema\/logo\/image\/\",\"url\":\"https:\/\/glens.com\/wp-content\/uploads\/2023\/07\/glenslogo.svg\",\"contentUrl\":\"https:\/\/glens.com\/wp-content\/uploads\/2023\/07\/glenslogo.svg\",\"width\":1450,\"height\":887,\"caption\":\"Glens\"},\"image\":{\"@id\":\"https:\/\/glens.com\/de\/#\/schema\/logo\/image\/\"},\"sameAs\":[\"https:\/\/www.facebook.com\/glensglasses\",\"https:\/\/www.instagram.com\/glensglasses\/\"]}]}<\/script>\n<!-- \/ Yoast SEO plugin. -->","yoast_head_json":{"title":"Ultraschlankes Lesebrillenetui als Schl\u00fcsselanh\u00e4nger | Glens","description":"Glens. Ohne B\u00fcgel, handlich und leicht. Dank des Designs und der Gr\u00f6\u00dfe passen sie problemlos in Ihre Brieftasche und Kartenhalter oder einfach in Ihre Hosentasche, Handtasche und Handtasche.","robots":{"index":"index","follow":"follow","max-snippet":"max-snippet:-1","max-image-preview":"max-image-preview:large","max-video-preview":"max-video-preview:-1"},"canonical":"https:\/\/glens.com\/de\/product\/ultraschlankes-lesebrillenetui-als-schlusselanhanger\/","og_locale":"de_DE","og_type":"article","og_title":"Ultraschlankes Lesebrillenetui als Schl\u00fcsselanh\u00e4nger | Glens","og_description":"Glens. Ohne B\u00fcgel, handlich und leicht. Dank des Designs und der Gr\u00f6\u00dfe passen sie problemlos in Ihre Brieftasche und Kartenhalter oder einfach in Ihre Hosentasche, Handtasche und Handtasche.","og_url":"https:\/\/glens.com\/de\/product\/ultraschlankes-lesebrillenetui-als-schlusselanhanger\/","og_site_name":"Glens","article_publisher":"https:\/\/www.facebook.com\/glensglasses","article_modified_time":"2025-05-05T07:12:32+00:00","og_image":[{"width":1354,"height":904,"url":"https:\/\/glens.com\/wp-content\/uploads\/2025\/01\/k_1.png","type":"image\/png"}],"twitter_card":"summary_large_image","schema":{"@context":"https:\/\/schema.org","@graph":[{"@type":"WebPage","@id":"https:\/\/glens.com\/de\/product\/ultraschlankes-lesebrillenetui-als-schlusselanhanger\/","url":"https:\/\/glens.com\/de\/product\/ultraschlankes-lesebrillenetui-als-schlusselanhanger\/","name":"Ultraschlankes Lesebrillenetui als Schl\u00fcsselanh\u00e4nger | Glens","isPartOf":{"@id":"https:\/\/glens.com\/de\/#website"},"primaryImageOfPage":{"@id":"https:\/\/glens.com\/de\/product\/ultraschlankes-lesebrillenetui-als-schlusselanhanger\/#primaryimage"},"image":{"@id":"https:\/\/glens.com\/de\/product\/ultraschlankes-lesebrillenetui-als-schlusselanhanger\/#primaryimage"},"thumbnailUrl":"https:\/\/glens.com\/wp-content\/uploads\/2025\/01\/k_1.png","datePublished":"2025-01-17T12:43:05+00:00","dateModified":"2025-05-05T07:12:32+00:00","description":"Glens. Ohne B\u00fcgel, handlich und leicht. Dank des Designs und der Gr\u00f6\u00dfe passen sie problemlos in Ihre Brieftasche und Kartenhalter oder einfach in Ihre Hosentasche, Handtasche und Handtasche.","breadcrumb":{"@id":"https:\/\/glens.com\/de\/product\/ultraschlankes-lesebrillenetui-als-schlusselanhanger\/#breadcrumb"},"inLanguage":"de","potentialAction":[{"@type":"ReadAction","target":["https:\/\/glens.com\/de\/product\/ultraschlankes-lesebrillenetui-als-schlusselanhanger\/"]}]},{"@type":"ImageObject","inLanguage":"de","@id":"https:\/\/glens.com\/de\/product\/ultraschlankes-lesebrillenetui-als-schlusselanhanger\/#primaryimage","url":"https:\/\/glens.com\/wp-content\/uploads\/2025\/01\/k_1.png","contentUrl":"https:\/\/glens.com\/wp-content\/uploads\/2025\/01\/k_1.png","width":1354,"height":904,"caption":"Glens Glasses"},{"@type":"BreadcrumbList","@id":"https:\/\/glens.com\/de\/product\/ultraschlankes-lesebrillenetui-als-schlusselanhanger\/#breadcrumb","itemListElement":[{"@type":"ListItem","position":1,"name":"Startseite","item":"https:\/\/glens.com\/de\/hauptseite\/"},{"@type":"ListItem","position":2,"name":"Alle Produkte","item":"https:\/\/glens.com\/de\/alle-produkte\/"},{"@type":"ListItem","position":3,"name":"Ultraschlankes Lesebrillenetui als Schl\u00fcsselanh\u00e4nger"}]},{"@type":"WebSite","@id":"https:\/\/glens.com\/de\/#website","url":"https:\/\/glens.com\/de\/","name":"Glens","description":"Ultra-schlanke Lesebrille","publisher":{"@id":"https:\/\/glens.com\/de\/#organization"},"potentialAction":[{"@type":"SearchAction","target":{"@type":"EntryPoint","urlTemplate":"https:\/\/glens.com\/de\/?s={search_term_string}"},"query-input":{"@type":"PropertyValueSpecification","valueRequired":true,"valueName":"search_term_string"}}],"inLanguage":"de"},{"@type":"Organization","@id":"https:\/\/glens.com\/de\/#organization","name":"Glens","url":"https:\/\/glens.com\/de\/","logo":{"@type":"ImageObject","inLanguage":"de","@id":"https:\/\/glens.com\/de\/#\/schema\/logo\/image\/","url":"https:\/\/glens.com\/wp-content\/uploads\/2023\/07\/glenslogo.svg","contentUrl":"https:\/\/glens.com\/wp-content\/uploads\/2023\/07\/glenslogo.svg","width":1450,"height":887,"caption":"Glens"},"image":{"@id":"https:\/\/glens.com\/de\/#\/schema\/logo\/image\/"},"sameAs":["https:\/\/www.facebook.com\/glensglasses","https:\/\/www.instagram.com\/glensglasses\/"]}]}},"lang":"de","translations":{"es":3192,"en":2176,"de":3378,"fr":3493,"it":3605},"_links":{"self":[{"href":"https:\/\/glens.com\/de\/wp-json\/wp\/v2\/product\/3378","targetHints":{"allow":["GET"]}}],"collection":[{"href":"https:\/\/glens.com\/de\/wp-json\/wp\/v2\/product"}],"about":[{"href":"https:\/\/glens.com\/de\/wp-json\/wp\/v2\/types\/product"}],"wp:featuredmedia":[{"embeddable":true,"href":"https:\/\/glens.com\/de\/wp-json\/wp\/v2\/media\/2146"}],"wp:attachment":[{"href":"https:\/\/glens.com\/de\/wp-json\/wp\/v2\/media?parent=3378"}],"wp:term":[{"taxonomy":"product_brand","embeddable":true,"href":"https:\/\/glens.com\/de\/wp-json\/wp\/v2\/product_brand?post=3378"},{"taxonomy":"product_cat","embeddable":true,"href":"https:\/\/glens.com\/de\/wp-json\/wp\/v2\/product_cat?post=3378"},{"taxonomy":"product_tag","embeddable":true,"href":"https:\/\/glens.com\/de\/wp-json\/wp\/v2\/product_tag?post=3378"}],"curies":[{"name":"wp","href":"https:\/\/api.w.org\/{rel}","templated":true}]}}