{"id":3340,"date":"2025-01-28T14:15:56","date_gmt":"2025-01-28T14:15:56","guid":{"rendered":"https:\/\/glens.com\/?post_type=product&#038;p=3340"},"modified":"2025-05-05T07:20:11","modified_gmt":"2025-05-05T07:20:11","slug":"tragbare-unisex-glens-lesebrille","status":"publish","type":"product","link":"https:\/\/glens.com\/de\/product\/tragbare-unisex-glens-lesebrille\/","title":{"rendered":"Tragbare Unisex-Glens-Lesebrille"},"content":{"rendered":"<p>B\u00fcgellos, handlich und leicht. Dank des Designs und der Gr\u00f6\u00dfe passen sie problemlos in Ihre Brieftasche und Kartenhalter oder in Ihre Hosentasche, Handtasche oder Handyh\u00fclle. Estnisches Design und deutsche Technologie haben sich zusammengeschlossen, um die leichteste und schlankste Lesebrille der Welt herzustellen. Atemberaubende Unsichtbarkeit und Flexibilit\u00e4t dank Linsen aus Copolyester.<\/p>\n<div class=\"ast-oembed-container\" style=\"height: 100%;\"><iframe title=\"Glens reading glasses and how to wear them?\" width=\"500\" height=\"375\" src=\"https:\/\/www.youtube.com\/embed\/_t8k8TlmAxI?feature=oembed\" frameborder=\"0\" allow=\"accelerometer; autoplay; clipboard-write; encrypted-media; gyroscope; picture-in-picture; web-share\" referrerpolicy=\"strict-origin-when-cross-origin\" allowfullscreen><\/iframe><\/div>","protected":false},"excerpt":{"rendered":"<p>B\u00fcgellos, handlich und leicht. Dank des Designs und der Gr\u00f6\u00dfe passen sie problemlos in Ihre Brieftasche und Kartenhalter oder in Ihre Hosentasche, Handtasche oder Handyh\u00fclle. Estnisches Design und deutsche Technologie haben sich zusammengeschlossen, um die leichteste und schlankste Lesebrille der Welt herzustellen. Atemberaubende Unsichtbarkeit und Flexibilit\u00e4t dank Linsen aus Copolyester.<\/p>","protected":false},"featured_media":2244,"template":"","meta":{"site-sidebar-layout":"default","site-content-layout":"default","ast-site-content-layout":"default","site-content-style":"default","site-sidebar-style":"default","ast-global-header-display":"","ast-banner-title-visibility":"","ast-main-header-display":"","ast-hfb-above-header-display":"","ast-hfb-below-header-display":"","ast-hfb-mobile-header-display":"","site-post-title":"","ast-breadcrumbs-content":"","ast-featured-img":"","footer-sml-layout":"","theme-transparent-header-meta":"default","adv-header-id-meta":"","stick-header-meta":"","header-above-stick-meta":"","header-main-stick-meta":"","header-below-stick-meta":"","astra-migrate-meta-layouts":"set","ast-page-background-enabled":"default","ast-page-background-meta":{"desktop":{"background-color":"var(--ast-global-color-4)","background-image":"","background-repeat":"repeat","background-position":"center center","background-size":"auto","background-attachment":"scroll","background-type":"","background-media":"","overlay-type":"","overlay-color":"","overlay-opacity":"","overlay-gradient":""},"tablet":{"background-color":"","background-image":"","background-repeat":"repeat","background-position":"center center","background-size":"auto","background-attachment":"scroll","background-type":"","background-media":"","overlay-type":"","overlay-color":"","overlay-opacity":"","overlay-gradient":""},"mobile":{"background-color":"","background-image":"","background-repeat":"repeat","background-position":"center center","background-size":"auto","background-attachment":"scroll","background-type":"","background-media":"","overlay-type":"","overlay-color":"","overlay-opacity":"","overlay-gradient":""}},"ast-content-background-meta":{"desktop":{"background-color":"var(--ast-global-color-5)","background-image":"","background-repeat":"repeat","background-position":"center center","background-size":"auto","background-attachment":"scroll","background-type":"","background-media":"","overlay-type":"","overlay-color":"","overlay-opacity":"","overlay-gradient":""},"tablet":{"background-color":"var(--ast-global-color-5)","background-image":"","background-repeat":"repeat","background-position":"center center","background-size":"auto","background-attachment":"scroll","background-type":"","background-media":"","overlay-type":"","overlay-color":"","overlay-opacity":"","overlay-gradient":""},"mobile":{"background-color":"var(--ast-global-color-5)","background-image":"","background-repeat":"repeat","background-position":"center center","background-size":"auto","background-attachment":"scroll","background-type":"","background-media":"","overlay-type":"","overlay-color":"","overlay-opacity":"","overlay-gradient":""}}},"product_brand":[],"product_cat":[220],"product_tag":[],"class_list":{"0":"post-3340","1":"product","2":"type-product","3":"status-publish","4":"has-post-thumbnail","6":"product_cat-glens-lesebrille","7":"desktop-align-center","8":"tablet-align-left","9":"mobile-align-left","11":"first","12":"instock","13":"sale","14":"taxable","15":"shipping-taxable","16":"purchasable","17":"product-type-variable"},"yoast_head":"<!-- This site is optimized with the Yoast SEO plugin v25.4 - https:\/\/yoast.com\/wordpress\/plugins\/seo\/ -->\n<title>Tragbare Unisex-Glens-Lesebrille | Glens<\/title>\n<meta name=\"description\" content=\"Glens. B\u00fcgellos, handlich und leicht. Dank ihres Designs und ihrer Gr\u00f6\u00dfe passen sie problemlos in Ihre Brieftasche und Kartenetuis oder schl\u00fcpfen einfach in Ihre Hosentasche, Handtasche, Geldb\u00f6rse oder Handyh\u00fclle.\" \/>\n<meta name=\"robots\" content=\"index, follow, max-snippet:-1, max-image-preview:large, max-video-preview:-1\" \/>\n<link rel=\"canonical\" href=\"https:\/\/glens.com\/de\/product\/tragbare-unisex-glens-lesebrille\/\" \/>\n<meta property=\"og:locale\" content=\"de_DE\" \/>\n<meta property=\"og:type\" content=\"article\" \/>\n<meta property=\"og:title\" content=\"Tragbare Unisex-Glens-Lesebrille | Glens\" \/>\n<meta property=\"og:description\" content=\"Glens. B\u00fcgellos, handlich und leicht. Dank ihres Designs und ihrer Gr\u00f6\u00dfe passen sie problemlos in Ihre Brieftasche und Kartenetuis oder schl\u00fcpfen einfach in Ihre Hosentasche, Handtasche, Geldb\u00f6rse oder Handyh\u00fclle.\" \/>\n<meta property=\"og:url\" content=\"https:\/\/glens.com\/de\/product\/tragbare-unisex-glens-lesebrille\/\" \/>\n<meta property=\"og:site_name\" content=\"Glens\" \/>\n<meta property=\"article:publisher\" content=\"https:\/\/www.facebook.com\/glensglasses\" \/>\n<meta property=\"article:modified_time\" content=\"2025-05-05T07:20:11+00:00\" \/>\n<meta property=\"og:image\" content=\"https:\/\/glens.com\/wp-content\/uploads\/2025\/01\/classic-s.png\" \/>\n\t<meta property=\"og:image:width\" content=\"1497\" \/>\n\t<meta property=\"og:image:height\" content=\"1022\" \/>\n\t<meta property=\"og:image:type\" content=\"image\/png\" \/>\n<meta name=\"twitter:card\" content=\"summary_large_image\" \/>\n<script type=\"application\/ld+json\" class=\"yoast-schema-graph\">{\"@context\":\"https:\/\/schema.org\",\"@graph\":[{\"@type\":\"WebPage\",\"@id\":\"https:\/\/glens.com\/de\/product\/tragbare-unisex-glens-lesebrille\/\",\"url\":\"https:\/\/glens.com\/de\/product\/tragbare-unisex-glens-lesebrille\/\",\"name\":\"Tragbare Unisex-Glens-Lesebrille | Glens\",\"isPartOf\":{\"@id\":\"https:\/\/glens.com\/de\/#website\"},\"primaryImageOfPage\":{\"@id\":\"https:\/\/glens.com\/de\/product\/tragbare-unisex-glens-lesebrille\/#primaryimage\"},\"image\":{\"@id\":\"https:\/\/glens.com\/de\/product\/tragbare-unisex-glens-lesebrille\/#primaryimage\"},\"thumbnailUrl\":\"https:\/\/glens.com\/wp-content\/uploads\/2025\/01\/classic-s.png\",\"datePublished\":\"2025-01-28T14:15:56+00:00\",\"dateModified\":\"2025-05-05T07:20:11+00:00\",\"description\":\"Glens. B\u00fcgellos, handlich und leicht. Dank ihres Designs und ihrer Gr\u00f6\u00dfe passen sie problemlos in Ihre Brieftasche und Kartenetuis oder schl\u00fcpfen einfach in Ihre Hosentasche, Handtasche, Geldb\u00f6rse oder Handyh\u00fclle.\",\"breadcrumb\":{\"@id\":\"https:\/\/glens.com\/de\/product\/tragbare-unisex-glens-lesebrille\/#breadcrumb\"},\"inLanguage\":\"de\",\"potentialAction\":[{\"@type\":\"ReadAction\",\"target\":[\"https:\/\/glens.com\/de\/product\/tragbare-unisex-glens-lesebrille\/\"]}]},{\"@type\":\"ImageObject\",\"inLanguage\":\"de\",\"@id\":\"https:\/\/glens.com\/de\/product\/tragbare-unisex-glens-lesebrille\/#primaryimage\",\"url\":\"https:\/\/glens.com\/wp-content\/uploads\/2025\/01\/classic-s.png\",\"contentUrl\":\"https:\/\/glens.com\/wp-content\/uploads\/2025\/01\/classic-s.png\",\"width\":1497,\"height\":1022,\"caption\":\"Glens Glasses\"},{\"@type\":\"BreadcrumbList\",\"@id\":\"https:\/\/glens.com\/de\/product\/tragbare-unisex-glens-lesebrille\/#breadcrumb\",\"itemListElement\":[{\"@type\":\"ListItem\",\"position\":1,\"name\":\"Startseite\",\"item\":\"https:\/\/glens.com\/de\/hauptseite\/\"},{\"@type\":\"ListItem\",\"position\":2,\"name\":\"Alle Produkte\",\"item\":\"https:\/\/glens.com\/de\/alle-produkte\/\"},{\"@type\":\"ListItem\",\"position\":3,\"name\":\"Tragbare Unisex-Glens-Lesebrille\"}]},{\"@type\":\"WebSite\",\"@id\":\"https:\/\/glens.com\/de\/#website\",\"url\":\"https:\/\/glens.com\/de\/\",\"name\":\"Glens\",\"description\":\"Ultra-schlanke Lesebrille\",\"publisher\":{\"@id\":\"https:\/\/glens.com\/de\/#organization\"},\"potentialAction\":[{\"@type\":\"SearchAction\",\"target\":{\"@type\":\"EntryPoint\",\"urlTemplate\":\"https:\/\/glens.com\/de\/?s={search_term_string}\"},\"query-input\":{\"@type\":\"PropertyValueSpecification\",\"valueRequired\":true,\"valueName\":\"search_term_string\"}}],\"inLanguage\":\"de\"},{\"@type\":\"Organization\",\"@id\":\"https:\/\/glens.com\/de\/#organization\",\"name\":\"Glens\",\"url\":\"https:\/\/glens.com\/de\/\",\"logo\":{\"@type\":\"ImageObject\",\"inLanguage\":\"de\",\"@id\":\"https:\/\/glens.com\/de\/#\/schema\/logo\/image\/\",\"url\":\"https:\/\/glens.com\/wp-content\/uploads\/2023\/07\/glenslogo.svg\",\"contentUrl\":\"https:\/\/glens.com\/wp-content\/uploads\/2023\/07\/glenslogo.svg\",\"width\":1450,\"height\":887,\"caption\":\"Glens\"},\"image\":{\"@id\":\"https:\/\/glens.com\/de\/#\/schema\/logo\/image\/\"},\"sameAs\":[\"https:\/\/www.facebook.com\/glensglasses\",\"https:\/\/www.instagram.com\/glensglasses\/\"]}]}<\/script>\n<!-- \/ Yoast SEO plugin. -->","yoast_head_json":{"title":"Tragbare Unisex-Glens-Lesebrille | Glens","description":"Glens. B\u00fcgellos, handlich und leicht. Dank ihres Designs und ihrer Gr\u00f6\u00dfe passen sie problemlos in Ihre Brieftasche und Kartenetuis oder schl\u00fcpfen einfach in Ihre Hosentasche, Handtasche, Geldb\u00f6rse oder Handyh\u00fclle.","robots":{"index":"index","follow":"follow","max-snippet":"max-snippet:-1","max-image-preview":"max-image-preview:large","max-video-preview":"max-video-preview:-1"},"canonical":"https:\/\/glens.com\/de\/product\/tragbare-unisex-glens-lesebrille\/","og_locale":"de_DE","og_type":"article","og_title":"Tragbare Unisex-Glens-Lesebrille | Glens","og_description":"Glens. B\u00fcgellos, handlich und leicht. Dank ihres Designs und ihrer Gr\u00f6\u00dfe passen sie problemlos in Ihre Brieftasche und Kartenetuis oder schl\u00fcpfen einfach in Ihre Hosentasche, Handtasche, Geldb\u00f6rse oder Handyh\u00fclle.","og_url":"https:\/\/glens.com\/de\/product\/tragbare-unisex-glens-lesebrille\/","og_site_name":"Glens","article_publisher":"https:\/\/www.facebook.com\/glensglasses","article_modified_time":"2025-05-05T07:20:11+00:00","og_image":[{"width":1497,"height":1022,"url":"https:\/\/glens.com\/wp-content\/uploads\/2025\/01\/classic-s.png","type":"image\/png"}],"twitter_card":"summary_large_image","schema":{"@context":"https:\/\/schema.org","@graph":[{"@type":"WebPage","@id":"https:\/\/glens.com\/de\/product\/tragbare-unisex-glens-lesebrille\/","url":"https:\/\/glens.com\/de\/product\/tragbare-unisex-glens-lesebrille\/","name":"Tragbare Unisex-Glens-Lesebrille | Glens","isPartOf":{"@id":"https:\/\/glens.com\/de\/#website"},"primaryImageOfPage":{"@id":"https:\/\/glens.com\/de\/product\/tragbare-unisex-glens-lesebrille\/#primaryimage"},"image":{"@id":"https:\/\/glens.com\/de\/product\/tragbare-unisex-glens-lesebrille\/#primaryimage"},"thumbnailUrl":"https:\/\/glens.com\/wp-content\/uploads\/2025\/01\/classic-s.png","datePublished":"2025-01-28T14:15:56+00:00","dateModified":"2025-05-05T07:20:11+00:00","description":"Glens. B\u00fcgellos, handlich und leicht. Dank ihres Designs und ihrer Gr\u00f6\u00dfe passen sie problemlos in Ihre Brieftasche und Kartenetuis oder schl\u00fcpfen einfach in Ihre Hosentasche, Handtasche, Geldb\u00f6rse oder Handyh\u00fclle.","breadcrumb":{"@id":"https:\/\/glens.com\/de\/product\/tragbare-unisex-glens-lesebrille\/#breadcrumb"},"inLanguage":"de","potentialAction":[{"@type":"ReadAction","target":["https:\/\/glens.com\/de\/product\/tragbare-unisex-glens-lesebrille\/"]}]},{"@type":"ImageObject","inLanguage":"de","@id":"https:\/\/glens.com\/de\/product\/tragbare-unisex-glens-lesebrille\/#primaryimage","url":"https:\/\/glens.com\/wp-content\/uploads\/2025\/01\/classic-s.png","contentUrl":"https:\/\/glens.com\/wp-content\/uploads\/2025\/01\/classic-s.png","width":1497,"height":1022,"caption":"Glens Glasses"},{"@type":"BreadcrumbList","@id":"https:\/\/glens.com\/de\/product\/tragbare-unisex-glens-lesebrille\/#breadcrumb","itemListElement":[{"@type":"ListItem","position":1,"name":"Startseite","item":"https:\/\/glens.com\/de\/hauptseite\/"},{"@type":"ListItem","position":2,"name":"Alle Produkte","item":"https:\/\/glens.com\/de\/alle-produkte\/"},{"@type":"ListItem","position":3,"name":"Tragbare Unisex-Glens-Lesebrille"}]},{"@type":"WebSite","@id":"https:\/\/glens.com\/de\/#website","url":"https:\/\/glens.com\/de\/","name":"Glens","description":"Ultra-schlanke Lesebrille","publisher":{"@id":"https:\/\/glens.com\/de\/#organization"},"potentialAction":[{"@type":"SearchAction","target":{"@type":"EntryPoint","urlTemplate":"https:\/\/glens.com\/de\/?s={search_term_string}"},"query-input":{"@type":"PropertyValueSpecification","valueRequired":true,"valueName":"search_term_string"}}],"inLanguage":"de"},{"@type":"Organization","@id":"https:\/\/glens.com\/de\/#organization","name":"Glens","url":"https:\/\/glens.com\/de\/","logo":{"@type":"ImageObject","inLanguage":"de","@id":"https:\/\/glens.com\/de\/#\/schema\/logo\/image\/","url":"https:\/\/glens.com\/wp-content\/uploads\/2023\/07\/glenslogo.svg","contentUrl":"https:\/\/glens.com\/wp-content\/uploads\/2023\/07\/glenslogo.svg","width":1450,"height":887,"caption":"Glens"},"image":{"@id":"https:\/\/glens.com\/de\/#\/schema\/logo\/image\/"},"sameAs":["https:\/\/www.facebook.com\/glensglasses","https:\/\/www.instagram.com\/glensglasses\/"]}]}},"lang":"de","translations":{"es":3156,"en":2227,"de":3340,"fr":3458,"it":3569},"_links":{"self":[{"href":"https:\/\/glens.com\/de\/wp-json\/wp\/v2\/product\/3340","targetHints":{"allow":["GET"]}}],"collection":[{"href":"https:\/\/glens.com\/de\/wp-json\/wp\/v2\/product"}],"about":[{"href":"https:\/\/glens.com\/de\/wp-json\/wp\/v2\/types\/product"}],"wp:featuredmedia":[{"embeddable":true,"href":"https:\/\/glens.com\/de\/wp-json\/wp\/v2\/media\/2244"}],"wp:attachment":[{"href":"https:\/\/glens.com\/de\/wp-json\/wp\/v2\/media?parent=3340"}],"wp:term":[{"taxonomy":"product_brand","embeddable":true,"href":"https:\/\/glens.com\/de\/wp-json\/wp\/v2\/product_brand?post=3340"},{"taxonomy":"product_cat","embeddable":true,"href":"https:\/\/glens.com\/de\/wp-json\/wp\/v2\/product_cat?post=3340"},{"taxonomy":"product_tag","embeddable":true,"href":"https:\/\/glens.com\/de\/wp-json\/wp\/v2\/product_tag?post=3340"}],"curies":[{"name":"wp","href":"https:\/\/api.w.org\/{rel}","templated":true}]}}