{"id":3312,"date":"2025-02-03T09:02:54","date_gmt":"2025-02-03T09:02:54","guid":{"rendered":"https:\/\/glens.com\/?post_type=product&#038;p=3312"},"modified":"2026-03-31T05:48:32","modified_gmt":"2026-03-31T05:48:32","slug":"lesebrille-silber-kette","status":"publish","type":"product","link":"https:\/\/glens.com\/de\/product\/lesebrille-silber-kette\/","title":{"rendered":"Lesebrille Silber Kette"},"content":{"rendered":"<p>Tragbare Unisex-Glens-Lesebrille mit 70 cm runder Sterling-Silberkette<br \/>\nVerpackung: 120 mm x 120 mm x 25 mm schwarze Geschenkbox. \u00dcber:<br \/>\nOhne B\u00fcgel, handlich und leicht, verbunden mit einer eleganten Sterling-Silberkette, um es praktischer und bequemer zu machen.<br \/>\nJede Box enth\u00e4lt drei Ersatzgl\u00e4ser, filigran gestaltet mit zwei kleinen L\u00f6chern, die das Anbringen an der Kette erleichtern, plus vier selbstklebende Schaumstoffhalter zum Befestigen, damit Sie Ihre Brille immer in Reichweite haben.<br \/>\nSie werden mit einer schmalen transparenten Plexiglasbox geliefert, die leicht in eine Tasche oder Handtasche passt.<\/p>\n<ul>\n<li>Hochglanzpolierte, enge Kettenbefestigung mit silbernen Haken an der Brille erleichtert das Auswechseln der Brille.<\/li>\n<li>55 mm x 90 mm x 50 mm Schutz-Plexiglasbox.<\/li>\n<li>H\u00e4ngen Sie die Kette um Ihren Hals oder hinter Ihre Ohren und setzen Sie dann die Brille auf.<\/li>\n<li>Bitte sehen Sie sich das Einf\u00fchrungsvideo zu diesem Produkt \u00fcber den Link \u201eGebrauchsanweisung\u201c an.\n<p>https:\/\/www.youtube.com\/watch?v=FW5ySvkouVM<\/li>\n<\/ul>","protected":false},"excerpt":{"rendered":"<p>Tragbare Unisex-Glens-Lesebrille mit 70 cm runder Sterling-Silberkette Verpackung: 120 mm x 120 mm x 25 mm schwarze Geschenkbox. \u00dcber: Ohne B\u00fcgel, handlich und leicht, verbunden mit einer eleganten Sterling-Silberkette, um es praktischer und bequemer zu machen. Jede Box enth\u00e4lt drei Ersatzgl\u00e4ser, filigran gestaltet mit zwei kleinen L\u00f6chern, die das Anbringen an der Kette erleichtern, plus [&hellip;]<\/p>","protected":false},"featured_media":2772,"template":"","meta":{"site-sidebar-layout":"default","site-content-layout":"default","ast-site-content-layout":"default","site-content-style":"default","site-sidebar-style":"default","ast-global-header-display":"","ast-banner-title-visibility":"","ast-main-header-display":"","ast-hfb-above-header-display":"","ast-hfb-below-header-display":"","ast-hfb-mobile-header-display":"","site-post-title":"","ast-breadcrumbs-content":"","ast-featured-img":"","footer-sml-layout":"","theme-transparent-header-meta":"default","adv-header-id-meta":"","stick-header-meta":"","header-above-stick-meta":"","header-main-stick-meta":"","header-below-stick-meta":"","astra-migrate-meta-layouts":"set","ast-page-background-enabled":"default","ast-page-background-meta":{"desktop":{"background-color":"var(--ast-global-color-4)","background-image":"","background-repeat":"repeat","background-position":"center center","background-size":"auto","background-attachment":"scroll","background-type":"","background-media":"","overlay-type":"","overlay-color":"","overlay-opacity":"","overlay-gradient":""},"tablet":{"background-color":"","background-image":"","background-repeat":"repeat","background-position":"center center","background-size":"auto","background-attachment":"scroll","background-type":"","background-media":"","overlay-type":"","overlay-color":"","overlay-opacity":"","overlay-gradient":""},"mobile":{"background-color":"","background-image":"","background-repeat":"repeat","background-position":"center center","background-size":"auto","background-attachment":"scroll","background-type":"","background-media":"","overlay-type":"","overlay-color":"","overlay-opacity":"","overlay-gradient":""}},"ast-content-background-meta":{"desktop":{"background-color":"var(--ast-global-color-5)","background-image":"","background-repeat":"repeat","background-position":"center center","background-size":"auto","background-attachment":"scroll","background-type":"","background-media":"","overlay-type":"","overlay-color":"","overlay-opacity":"","overlay-gradient":""},"tablet":{"background-color":"var(--ast-global-color-5)","background-image":"","background-repeat":"repeat","background-position":"center center","background-size":"auto","background-attachment":"scroll","background-type":"","background-media":"","overlay-type":"","overlay-color":"","overlay-opacity":"","overlay-gradient":""},"mobile":{"background-color":"var(--ast-global-color-5)","background-image":"","background-repeat":"repeat","background-position":"center center","background-size":"auto","background-attachment":"scroll","background-type":"","background-media":"","overlay-type":"","overlay-color":"","overlay-opacity":"","overlay-gradient":""}}},"product_brand":[],"product_cat":[216],"product_tag":[],"class_list":{"0":"post-3312","1":"product","2":"type-product","3":"status-publish","4":"has-post-thumbnail","6":"product_cat-zubehor","7":"desktop-align-center","8":"tablet-align-left","9":"mobile-align-left","11":"first","12":"outofstock","13":"sale","14":"taxable","15":"shipping-taxable","16":"purchasable","17":"product-type-variable"},"yoast_head":"<!-- This site is optimized with the Yoast SEO plugin v25.4 - https:\/\/yoast.com\/wordpress\/plugins\/seo\/ -->\n<title>Lesebrille Silber Kette | Glens<\/title>\n<meta name=\"description\" content=\"Glens. Armlos, handlich und leicht, mit einer eleganten Sterling-Silberkette verbunden, um es praktischer und bequemer zu machen.\" \/>\n<meta name=\"robots\" content=\"index, follow, max-snippet:-1, max-image-preview:large, max-video-preview:-1\" \/>\n<link rel=\"canonical\" href=\"https:\/\/glens.com\/de\/product\/lesebrille-silber-kette\/\" \/>\n<meta property=\"og:locale\" content=\"de_DE\" \/>\n<meta property=\"og:type\" content=\"article\" \/>\n<meta property=\"og:title\" content=\"Lesebrille Silber Kette | Glens\" \/>\n<meta property=\"og:description\" content=\"Glens. Armlos, handlich und leicht, mit einer eleganten Sterling-Silberkette verbunden, um es praktischer und bequemer zu machen.\" \/>\n<meta property=\"og:url\" content=\"https:\/\/glens.com\/de\/product\/lesebrille-silber-kette\/\" \/>\n<meta property=\"og:site_name\" content=\"Glens\" \/>\n<meta property=\"article:publisher\" content=\"https:\/\/www.facebook.com\/glensglasses\" \/>\n<meta property=\"article:modified_time\" content=\"2026-03-31T05:48:32+00:00\" \/>\n<meta property=\"og:image\" content=\"https:\/\/glens.com\/wp-content\/uploads\/2025\/02\/gl10-03_1.jpg\" \/>\n\t<meta property=\"og:image:width\" content=\"2151\" \/>\n\t<meta property=\"og:image:height\" content=\"1431\" \/>\n\t<meta property=\"og:image:type\" content=\"image\/jpeg\" \/>\n<meta name=\"twitter:card\" content=\"summary_large_image\" \/>\n<script type=\"application\/ld+json\" class=\"yoast-schema-graph\">{\"@context\":\"https:\/\/schema.org\",\"@graph\":[{\"@type\":\"WebPage\",\"@id\":\"https:\/\/glens.com\/de\/product\/lesebrille-silber-kette\/\",\"url\":\"https:\/\/glens.com\/de\/product\/lesebrille-silber-kette\/\",\"name\":\"Lesebrille Silber Kette | Glens\",\"isPartOf\":{\"@id\":\"https:\/\/glens.com\/de\/#website\"},\"primaryImageOfPage\":{\"@id\":\"https:\/\/glens.com\/de\/product\/lesebrille-silber-kette\/#primaryimage\"},\"image\":{\"@id\":\"https:\/\/glens.com\/de\/product\/lesebrille-silber-kette\/#primaryimage\"},\"thumbnailUrl\":\"https:\/\/glens.com\/wp-content\/uploads\/2025\/02\/gl10-03_1.jpg\",\"datePublished\":\"2025-02-03T09:02:54+00:00\",\"dateModified\":\"2026-03-31T05:48:32+00:00\",\"description\":\"Glens. Armlos, handlich und leicht, mit einer eleganten Sterling-Silberkette verbunden, um es praktischer und bequemer zu machen.\",\"breadcrumb\":{\"@id\":\"https:\/\/glens.com\/de\/product\/lesebrille-silber-kette\/#breadcrumb\"},\"inLanguage\":\"de\",\"potentialAction\":[{\"@type\":\"ReadAction\",\"target\":[\"https:\/\/glens.com\/de\/product\/lesebrille-silber-kette\/\"]}]},{\"@type\":\"ImageObject\",\"inLanguage\":\"de\",\"@id\":\"https:\/\/glens.com\/de\/product\/lesebrille-silber-kette\/#primaryimage\",\"url\":\"https:\/\/glens.com\/wp-content\/uploads\/2025\/02\/gl10-03_1.jpg\",\"contentUrl\":\"https:\/\/glens.com\/wp-content\/uploads\/2025\/02\/gl10-03_1.jpg\",\"width\":2151,\"height\":1431,\"caption\":\"Glens Glasses\"},{\"@type\":\"BreadcrumbList\",\"@id\":\"https:\/\/glens.com\/de\/product\/lesebrille-silber-kette\/#breadcrumb\",\"itemListElement\":[{\"@type\":\"ListItem\",\"position\":1,\"name\":\"Startseite\",\"item\":\"https:\/\/glens.com\/de\/hauptseite\/\"},{\"@type\":\"ListItem\",\"position\":2,\"name\":\"Alle Produkte\",\"item\":\"https:\/\/glens.com\/de\/alle-produkte\/\"},{\"@type\":\"ListItem\",\"position\":3,\"name\":\"Lesebrille Silber Kette\"}]},{\"@type\":\"WebSite\",\"@id\":\"https:\/\/glens.com\/de\/#website\",\"url\":\"https:\/\/glens.com\/de\/\",\"name\":\"Glens\",\"description\":\"Ultra-schlanke Lesebrille\",\"publisher\":{\"@id\":\"https:\/\/glens.com\/de\/#organization\"},\"potentialAction\":[{\"@type\":\"SearchAction\",\"target\":{\"@type\":\"EntryPoint\",\"urlTemplate\":\"https:\/\/glens.com\/de\/?s={search_term_string}\"},\"query-input\":{\"@type\":\"PropertyValueSpecification\",\"valueRequired\":true,\"valueName\":\"search_term_string\"}}],\"inLanguage\":\"de\"},{\"@type\":\"Organization\",\"@id\":\"https:\/\/glens.com\/de\/#organization\",\"name\":\"Glens\",\"url\":\"https:\/\/glens.com\/de\/\",\"logo\":{\"@type\":\"ImageObject\",\"inLanguage\":\"de\",\"@id\":\"https:\/\/glens.com\/de\/#\/schema\/logo\/image\/\",\"url\":\"https:\/\/glens.com\/wp-content\/uploads\/2023\/07\/glenslogo.svg\",\"contentUrl\":\"https:\/\/glens.com\/wp-content\/uploads\/2023\/07\/glenslogo.svg\",\"width\":1450,\"height\":887,\"caption\":\"Glens\"},\"image\":{\"@id\":\"https:\/\/glens.com\/de\/#\/schema\/logo\/image\/\"},\"sameAs\":[\"https:\/\/www.facebook.com\/glensglasses\",\"https:\/\/www.instagram.com\/glensglasses\/\"]}]}<\/script>\n<!-- \/ Yoast SEO plugin. -->","yoast_head_json":{"title":"Lesebrille Silber Kette | Glens","description":"Glens. Armlos, handlich und leicht, mit einer eleganten Sterling-Silberkette verbunden, um es praktischer und bequemer zu machen.","robots":{"index":"index","follow":"follow","max-snippet":"max-snippet:-1","max-image-preview":"max-image-preview:large","max-video-preview":"max-video-preview:-1"},"canonical":"https:\/\/glens.com\/de\/product\/lesebrille-silber-kette\/","og_locale":"de_DE","og_type":"article","og_title":"Lesebrille Silber Kette | Glens","og_description":"Glens. Armlos, handlich und leicht, mit einer eleganten Sterling-Silberkette verbunden, um es praktischer und bequemer zu machen.","og_url":"https:\/\/glens.com\/de\/product\/lesebrille-silber-kette\/","og_site_name":"Glens","article_publisher":"https:\/\/www.facebook.com\/glensglasses","article_modified_time":"2026-03-31T05:48:32+00:00","og_image":[{"width":2151,"height":1431,"url":"https:\/\/glens.com\/wp-content\/uploads\/2025\/02\/gl10-03_1.jpg","type":"image\/jpeg"}],"twitter_card":"summary_large_image","schema":{"@context":"https:\/\/schema.org","@graph":[{"@type":"WebPage","@id":"https:\/\/glens.com\/de\/product\/lesebrille-silber-kette\/","url":"https:\/\/glens.com\/de\/product\/lesebrille-silber-kette\/","name":"Lesebrille Silber Kette | Glens","isPartOf":{"@id":"https:\/\/glens.com\/de\/#website"},"primaryImageOfPage":{"@id":"https:\/\/glens.com\/de\/product\/lesebrille-silber-kette\/#primaryimage"},"image":{"@id":"https:\/\/glens.com\/de\/product\/lesebrille-silber-kette\/#primaryimage"},"thumbnailUrl":"https:\/\/glens.com\/wp-content\/uploads\/2025\/02\/gl10-03_1.jpg","datePublished":"2025-02-03T09:02:54+00:00","dateModified":"2026-03-31T05:48:32+00:00","description":"Glens. Armlos, handlich und leicht, mit einer eleganten Sterling-Silberkette verbunden, um es praktischer und bequemer zu machen.","breadcrumb":{"@id":"https:\/\/glens.com\/de\/product\/lesebrille-silber-kette\/#breadcrumb"},"inLanguage":"de","potentialAction":[{"@type":"ReadAction","target":["https:\/\/glens.com\/de\/product\/lesebrille-silber-kette\/"]}]},{"@type":"ImageObject","inLanguage":"de","@id":"https:\/\/glens.com\/de\/product\/lesebrille-silber-kette\/#primaryimage","url":"https:\/\/glens.com\/wp-content\/uploads\/2025\/02\/gl10-03_1.jpg","contentUrl":"https:\/\/glens.com\/wp-content\/uploads\/2025\/02\/gl10-03_1.jpg","width":2151,"height":1431,"caption":"Glens Glasses"},{"@type":"BreadcrumbList","@id":"https:\/\/glens.com\/de\/product\/lesebrille-silber-kette\/#breadcrumb","itemListElement":[{"@type":"ListItem","position":1,"name":"Startseite","item":"https:\/\/glens.com\/de\/hauptseite\/"},{"@type":"ListItem","position":2,"name":"Alle Produkte","item":"https:\/\/glens.com\/de\/alle-produkte\/"},{"@type":"ListItem","position":3,"name":"Lesebrille Silber Kette"}]},{"@type":"WebSite","@id":"https:\/\/glens.com\/de\/#website","url":"https:\/\/glens.com\/de\/","name":"Glens","description":"Ultra-schlanke Lesebrille","publisher":{"@id":"https:\/\/glens.com\/de\/#organization"},"potentialAction":[{"@type":"SearchAction","target":{"@type":"EntryPoint","urlTemplate":"https:\/\/glens.com\/de\/?s={search_term_string}"},"query-input":{"@type":"PropertyValueSpecification","valueRequired":true,"valueName":"search_term_string"}}],"inLanguage":"de"},{"@type":"Organization","@id":"https:\/\/glens.com\/de\/#organization","name":"Glens","url":"https:\/\/glens.com\/de\/","logo":{"@type":"ImageObject","inLanguage":"de","@id":"https:\/\/glens.com\/de\/#\/schema\/logo\/image\/","url":"https:\/\/glens.com\/wp-content\/uploads\/2023\/07\/glenslogo.svg","contentUrl":"https:\/\/glens.com\/wp-content\/uploads\/2023\/07\/glenslogo.svg","width":1450,"height":887,"caption":"Glens"},"image":{"@id":"https:\/\/glens.com\/de\/#\/schema\/logo\/image\/"},"sameAs":["https:\/\/www.facebook.com\/glensglasses","https:\/\/www.instagram.com\/glensglasses\/"]}]}},"lang":"de","translations":{"es":3133,"en":2755,"de":3312,"fr":3430,"it":3545},"_links":{"self":[{"href":"https:\/\/glens.com\/de\/wp-json\/wp\/v2\/product\/3312","targetHints":{"allow":["GET"]}}],"collection":[{"href":"https:\/\/glens.com\/de\/wp-json\/wp\/v2\/product"}],"about":[{"href":"https:\/\/glens.com\/de\/wp-json\/wp\/v2\/types\/product"}],"wp:featuredmedia":[{"embeddable":true,"href":"https:\/\/glens.com\/de\/wp-json\/wp\/v2\/media\/2772"}],"wp:attachment":[{"href":"https:\/\/glens.com\/de\/wp-json\/wp\/v2\/media?parent=3312"}],"wp:term":[{"taxonomy":"product_brand","embeddable":true,"href":"https:\/\/glens.com\/de\/wp-json\/wp\/v2\/product_brand?post=3312"},{"taxonomy":"product_cat","embeddable":true,"href":"https:\/\/glens.com\/de\/wp-json\/wp\/v2\/product_cat?post=3312"},{"taxonomy":"product_tag","embeddable":true,"href":"https:\/\/glens.com\/de\/wp-json\/wp\/v2\/product_tag?post=3312"}],"curies":[{"name":"wp","href":"https:\/\/api.w.org\/{rel}","templated":true}]}}