{"id":3248,"date":"2023-07-24T18:13:18","date_gmt":"2023-07-24T18:13:18","guid":{"rendered":"https:\/\/glens.com\/?page_id=3248"},"modified":"2025-02-24T12:50:35","modified_gmt":"2025-02-24T12:50:35","slug":"datenschutzrichtlinie","status":"publish","type":"page","link":"https:\/\/glens.com\/de\/datenschutzrichtlinie\/","title":{"rendered":"Datenschutzrichtlinie"},"content":{"rendered":"<div data-elementor-type=\"wp-page\" data-elementor-id=\"3248\" class=\"elementor elementor-3248\" data-elementor-post-type=\"page\">\n\t\t\t\t\t\t<section class=\"elementor-section elementor-top-section elementor-element elementor-element-a15be6f elementor-section-boxed elementor-section-height-default elementor-section-height-default\" data-id=\"a15be6f\" data-element_type=\"section\" data-settings=\"{&quot;background_background&quot;:&quot;classic&quot;}\">\n\t\t\t\t\t\t\t<div class=\"elementor-background-overlay\"><\/div>\n\t\t\t\t\t\t\t<div class=\"elementor-container elementor-column-gap-no\">\n\t\t\t\t\t<div class=\"elementor-column elementor-col-100 elementor-top-column elementor-element elementor-element-730740d\" data-id=\"730740d\" data-element_type=\"column\">\n\t\t\t<div class=\"elementor-widget-wrap elementor-element-populated\">\n\t\t\t\t\t<div class=\"elementor-background-overlay\"><\/div>\n\t\t\t\t\t\t<section class=\"elementor-section elementor-inner-section elementor-element elementor-element-7d33a35 elementor-section-boxed elementor-section-height-default elementor-section-height-default\" data-id=\"7d33a35\" data-element_type=\"section\">\n\t\t\t\t\t\t<div class=\"elementor-container elementor-column-gap-no\">\n\t\t\t\t\t<div class=\"elementor-column elementor-col-100 elementor-inner-column elementor-element elementor-element-8ad5f30\" data-id=\"8ad5f30\" data-element_type=\"column\">\n\t\t\t<div class=\"elementor-widget-wrap elementor-element-populated\">\n\t\t\t\t\t\t\t<\/div>\n\t\t<\/div>\n\t\t\t\t\t<\/div>\n\t\t<\/section>\n\t\t\t\t\t<\/div>\n\t\t<\/div>\n\t\t\t\t\t<\/div>\n\t\t<\/section>\n\t\t\t\t<section class=\"elementor-section elementor-top-section elementor-element elementor-element-3b4220f elementor-section-boxed elementor-section-height-default elementor-section-height-default\" data-id=\"3b4220f\" data-element_type=\"section\">\n\t\t\t\t\t\t<div class=\"elementor-container elementor-column-gap-default\">\n\t\t\t\t\t<div class=\"elementor-column elementor-col-100 elementor-top-column elementor-element elementor-element-8bf8739\" data-id=\"8bf8739\" data-element_type=\"column\">\n\t\t\t<div class=\"elementor-widget-wrap elementor-element-populated\">\n\t\t\t\t\t\t<div class=\"elementor-element elementor-element-e4e7453 elementor-widget elementor-widget-text-editor\" data-id=\"e4e7453\" data-element_type=\"widget\" data-widget_type=\"text-editor.default\">\n\t\t\t\t<div class=\"elementor-widget-container\">\n\t\t\t\t\t\t\t\t\t<div class=\"elementor-element elementor-element-bcee1ad e-flex e-con-boxed e-con e-parent e-lazyloaded\" data-id=\"bcee1ad\" data-element_type=\"container\"><div class=\"e-con-inner\"><div class=\"elementor-element elementor-element-2fd0273 e-con-full e-flex e-con e-child\" data-id=\"2fd0273\" data-element_type=\"container\" data-settings=\"{&quot;background_background&quot;:&quot;classic&quot;}\"><div class=\"elementor-element elementor-element-f9cd252 elementor-widget elementor-widget-text-editor\" data-id=\"f9cd252\" data-element_type=\"widget\" data-widget_type=\"text-editor.default\"><div class=\"elementor-widget-container\"><p>F\u00fcr unser Unternehmen ist es wichtig, Ihre Privatsph\u00e4re zu respektieren und alle geltenden Gesetze und Vorschriften in Bezug auf alle personenbezogenen Daten einzuhalten, die wir \u00fcber Sie erfassen, wenn Sie unsere Website besuchen. Indem Sie unsere Website nutzen, stimmen Sie zu, dass wir Ihre Daten gem\u00e4\u00df dieser Datenschutzrichtlinie erfassen und verwenden.<\/p><p>Mit dieser Datenschutzrichtlinie m\u00f6chten wir Ihnen erkl\u00e4ren, welche Daten wir erfassen, wie wir sie verwenden und welche Rechte Sie zum Schutz Ihrer Daten haben. Die Richtlinie gilt nur f\u00fcr unsere Website und ihre Besucher und nicht f\u00fcr Daten, die \u00fcber andere Kan\u00e4le erfasst werden.<\/p><p>Der Verarbeiter Ihrer Daten ist Glens O\u00dc<\/p><p>Firmenregisternummer: 16404939<\/p><p>E-Mail: sales@glens.ee<br \/>Telefonnummer: +372-600-93-66<\/p><p>Wir erfassen und verarbeiten Informationen gem\u00e4\u00df der Datenschutz-Grundverordnung (DSGVO) der Europ\u00e4ischen Union, die am 25.05.2018 in Kraft getreten ist.<br \/>Datenerfassung und -verwendung<br \/>Welche Daten wir erfassen<\/p><p>Zu den von uns erfassten Informationen geh\u00f6ren Informationen, die Sie uns wissentlich und aktiv zur Verf\u00fcgung stellen, wenn Sie unsere Dienste oder Werbeaktionen nutzen oder daran teilnehmen, sowie alle Informationen, die Ihre Ger\u00e4te senden, wenn Sie auf unsere Produkte und Dienste zugreifen.<\/p><p>Zu den von uns erfassten Daten geh\u00f6ren Informationen, die Sie uns wissentlich bei der Nutzung unserer Dienste oder Kampagnen mitgeteilt haben, und Informationen, die Ihre Ger\u00e4te automatisch an uns \u00fcbermitteln.<\/p><p>Ihre personenbezogenen Daten k\u00f6nnen uns auf folgende Weise erreichen:<\/p><p>Wenn Sie uns per Telefon, E-Mail oder Online-Chat kontaktieren<br \/>Wenn Sie eine Webseite durchsuchen<br \/>Wenn Sie einen Beitrag auf unserem Social-Media-Konto kommentieren, liken oder teilen<br \/>Wenn Sie unseren Newsletter abonnieren<br \/>Wenn Sie Beitr\u00e4ge auf unserer Website kommentieren<\/p><p>Arten der erfassten Daten<br \/>Personenbezogene Daten<\/p><p>Wir fragen Sie nur dann nach personenbezogenen Daten, wenn dies erforderlich ist, um Ihnen den Dienst bereitzustellen. Wenn Sie uns kontaktieren oder unsere Website besuchen, k\u00f6nnen Sie uns die folgenden Informationen mitteilen:<\/p><p>Vor- und Nachname<br \/>E-Mail-Adresse<br \/>Telefonnummer<br \/>Chatverlauf zwischen Ihnen und uns<\/p><p>Protokolldateien<\/p><p>Unsere Website speichert Protokolldateien \u00fcber ihre Besucher. Zu den erfassten Informationen k\u00f6nnen geh\u00f6ren:<\/p><p>Der Typ des von Ihnen verwendeten Ger\u00e4ts<br \/>Internet Protocol (IP)-Adresse<br \/>Browsertyp<br \/>Internet Service Provider (ISP)<br \/>Datum und Uhrzeit des Website-Besuchs<br \/>Anzahl der Klicks auf der Einstiegs- und Ausstiegsseite der Webseite<\/p><p>Die Informationen in den Protokolldateien werden verwendet, um Trends zu analysieren, die Website zu verwalten, die Aktivit\u00e4ten der Website-Besucher zu \u00fcberwachen und demografische Informationen zu sammeln. Die erhaltenen Informationen sind nicht dazu bestimmt und erm\u00f6glichen auch nicht die Identifizierung einer Person.<br \/>Cookies<\/p><p>Wie die meisten Websites verwendet auch unsere Website \u201eCookies\u201c. Ein Cookie ist im Wesentlichen eine Textdatei, die beim Besuch einer Website auf dem Ger\u00e4t des Benutzers gespeichert wird. Cookies werden verwendet, um Pr\u00e4ferenzen, regionale Einstellungen, Optionen zur Nutzung von Diensten usw. zu ermitteln und zu speichern.<\/p><p>Wenn Sie m\u00f6chten, k\u00f6nnen Sie die Verwendung von Cookies in den Browsereinstellungen deaktivieren. In diesem Fall ist es jedoch m\u00f6glich, dass der Ihnen angebotene Dienst gest\u00f6rt wird.<\/p><p>Cookies werden in dauerhafte und Sitzungscookies unterteilt. Dauerhafte Cookies verbleiben auf Ihrem PC oder Mobilger\u00e4t, auch nachdem Sie Ihren Browser oder Computer geschlossen haben. Sitzungscookies werden jedoch sofort nach dem Schlie\u00dfen des Browsers gel\u00f6scht.<\/p><p>Cookies werden nach ihrem Zweck unterteilt:<\/p><p>Notwendige Cookies. Sitzungscookies, deren Zweck es ist, Ihnen die Nutzung der auf unserer Website angebotenen Dienste zu erm\u00f6glichen. Diese Cookies helfen bei der Authentifizierung von Benutzern und verhindern die b\u00f6swillige Verwendung von Benutzerkonten. Ohne diese Cookies k\u00f6nnen wir Ihnen die gew\u00fcnschten Dienste nicht anbieten.<\/p><p>Benachrichtigungscookies. Diese Cookies identifizieren, ob Benutzer die Verwendung von Cookies auf der Website akzeptiert haben.<\/p><p>Funktionscookies. Diese Cookies erm\u00f6glichen es Ihrem Browser, sich an die Entscheidungen zu erinnern, die Sie bei der Nutzung der Website treffen, z. B. das Speichern Ihrer Anmeldedaten oder Spracheinstellungen. Der Zweck dieser Cookies besteht darin, Ihnen ein pers\u00f6nlicheres Erlebnis zu bieten und zu verhindern, dass Sie Ihre Einstellungen erneut eingeben m\u00fcssen.<br \/>So verwenden wir Daten<\/p><p>Wir k\u00f6nnen die gesammelten Informationen f\u00fcr verschiedene Zwecke verwenden, darunter:<\/p><p>Zur Pflege, Verwaltung, Entwicklung, Personalisierung und Erweiterung unserer Website<br \/>Zur Erhebung von Statistiken, damit wir bessere Dienste und\/oder Angebote bereitstellen und das Verhalten der Besucher unserer Website verstehen und analysieren k\u00f6nnen<br \/>Zur Identifizierung per Telefon, SMS oder E-Mail<br \/>Wenn wir Ihnen Informationen senden und um Feedback zu unseren Diensten bitten<br \/>Zur Verhinderung von Betrug und zum Schutz unserer Website<br \/>Um uns die Kontaktaufnahme mit Ihnen \u00fcber ein Social-Media-Konto zu erm\u00f6glichen<br \/>Um das Lesen des Chatverlaufs zu erm\u00f6glichen, um die Bereitstellung relevanter Beratung zu beschleunigen<br \/>Mit dem Ziel, die Qualit\u00e4t unseres Dienstes zu verbessern und effizientere Browsing-L\u00f6sungen bereitzustellen<br \/>Um neue Produkte, Dienste oder deren Funktionalit\u00e4t zu entwickeln<br \/>Um die Interaktionen zwischen uns zu vereinfachen und zu beschleunigen, wenn Sie uns kontaktieren<br \/>F\u00fcr andere Zwecke. Zum Beispiel zur Analyse von Daten, zur Erforschung von Trends, zur Bewertung der Wirksamkeit unserer Werbekampagnen.<\/p><p>In welchen F\u00e4llen ist es m\u00f6glich, dass wir Ihre Daten weitergeben<\/p><p>Wir k\u00f6nnen Ihre personenbezogenen Daten im Zusammenhang mit einem Eigent\u00fcmerwechsel, einer Fusion, einem Verkauf von Verm\u00f6genswerten, einer Finanzierung oder einer \u00dcbernahme unseres Unternehmens weitergeben oder \u00fcbertragen. Wir informieren Sie \u00fcber die \u00dcbertragung Ihrer personenbezogenen Daten und dar\u00fcber, wann die Bestimmungen einer anderen Datenschutzrichtlinie f\u00fcr sie gelten.<br \/>Wir k\u00f6nnen Ihre Daten an unsere Partnerunternehmen weitergeben und diese zur Einhaltung dieser Datenschutzrichtlinie verpflichten. Zu den verbundenen Unternehmen z\u00e4hlen unsere Mutter- und Tochterunternehmen, Joint-Venture-Partner oder Unternehmen in unserem Besitz.<br \/>Wir k\u00f6nnen Ihre Daten an unsere Gesch\u00e4ftspartner weitergeben, um Ihnen bestimmte Produkte, Dienstleistungen oder Werbeaktionen anzubieten.<br \/>Mit Ihrer Zustimmung k\u00f6nnen wir Ihre personenbezogenen Daten f\u00fcr jeden anderen Zweck offenlegen.<br \/>Wir sind verpflichtet, Ihre personenbezogenen Daten offenzulegen, wenn dies gesetzlich vorgeschrieben ist. In gutem Glauben k\u00f6nnen wir Ihre Daten auch offenlegen, um gesetzlichen Verpflichtungen nachzukommen, unsere Rechte oder unser Eigentum zu sch\u00fctzen, m\u00f6gliche Gesetzesverst\u00f6\u00dfe im Zusammenhang mit der Nutzung unseres Dienstes zu verhindern oder aufzudecken und die Sicherheit der Dienstnutzer zu gew\u00e4hrleisten.<\/p><p>Aufbewahrung Ihrer personenbezogenen Daten<\/p><p>Das Unternehmen speichert Ihre personenbezogenen Daten nur so lange, wie dies f\u00fcr die in dieser Datenschutzrichtlinie festgelegten Zwecke erforderlich ist. Wir speichern und verwenden Ihre personenbezogenen Daten, soweit dies erforderlich ist, um unseren gesetzlichen Verpflichtungen nachzukommen (z. B. wenn wir Ihre Daten speichern m\u00fcssen, um geltende Gesetze einzuhalten), um Streitigkeiten beizulegen und um unsere rechtlichen Vereinbarungen und Richtlinien durchzusetzen.<\/p><p>Das Unternehmen speichert au\u00dferdem Protokolldateien f\u00fcr interne Analysezwecke. Protokolldateien werden in der Regel f\u00fcr einen k\u00fcrzeren Zeitraum gespeichert, es sei denn, die Daten werden verwendet, um die Sicherheit zu st\u00e4rken oder die Funktionalit\u00e4t unseres Dienstes zu verbessern, oder wir sind gesetzlich verpflichtet, die Daten f\u00fcr einen l\u00e4ngeren Zeitraum zu speichern.<br \/>Verarbeitung von Daten von Kindern<\/p><p>Keines unserer Produkte oder Dienste richtet sich an Kinder unter 13 Jahren, und wir erfassen wissentlich keine Daten von Kindern unter 13 Jahren. Wenn wir den Verdacht haben, dass wir die Daten einer Person unter 13 Jahren verarbeiten, werden wir diese Person aus allen unseren Datenbanken entfernen.<br \/>Ihre Rechte zum Schutz Ihrer Daten<\/p><p>Sie haben jederzeit das Recht, Ihre Daten nicht an uns weiterzugeben, da Sie wissen, dass dies Ihre Erfahrung auf unserer Website beeintr\u00e4chtigen kann. Wenn Sie sich dazu entscheiden, Ihre Daten nicht an uns weiterzugeben, werden wir Sie deswegen nicht schlechter behandeln. Wenn Sie uns personenbezogene Daten zur Verf\u00fcgung stellen, verstehen Sie, dass wir diese gem\u00e4\u00df dieser Datenschutzrichtlinie erfassen, speichern, verwenden und offenlegen. Sie haben das Recht, Einzelheiten zu den \u00fcber Sie erfassten Daten anzufordern.<\/p><p>Wenn wir personenbezogene Daten \u00fcber Sie von Dritten erhalten, sch\u00fctzen wir diese gem\u00e4\u00df dieser Datenschutzrichtlinie und dem Gesetz der Republik Estland. Wenn Sie selbst Daten von Dritten weitergeben, best\u00e4tigen Sie, dass Sie ebenfalls das Recht und die Erlaubnis dazu haben.<\/p><p>Auch wenn Sie zuvor zugestimmt haben, Ihre personenbezogenen Daten zu Marketingzwecken an uns weiterzugeben, behalten Sie sich das Recht vor, Ihre Meinung jederzeit zu \u00e4ndern. Sie haben jederzeit das Recht, die Kommunikation mit uns einzustellen und zu verlangen, dass wir Ihre Daten aus unseren Datenbanken entfernen. Von Zeit zu Zeit k\u00f6nnen wir auch nach Informationen \u00fcber Sie fragen, um Ihre Identit\u00e4t zu \u00fcberpr\u00fcfen. Wenn Sie feststellen, dass die von uns \u00fcber Sie erfassten Daten ungenau, veraltet, unvollst\u00e4ndig, irrelevant oder irref\u00fchrend sind, kontaktieren Sie uns bitte per E-Mail: sales@glens.ee oder telefonisch: +372-600-93-66. Wir werden alles in unserer Macht Stehende tun, um ungenaue, unvollst\u00e4ndige, irref\u00fchrende oder veraltete Informationen zu korrigieren.<\/p><p>Wenn Sie der Meinung sind, dass wir gegen das einschl\u00e4gige Datenschutzgesetz versto\u00dfen haben und eine Beschwerde einreichen m\u00f6chten, kontaktieren Sie uns bitte unter den in diesem Dokument angegebenen Kontaktdaten und teilen Sie uns alle Einzelheiten des Versto\u00dfes mit. Wir werden Ihre Beschwerde umgehend untersuchen und Ihnen schriftlich die Ergebnisse unserer Untersuchung sowie die Schritte mitteilen, die wir zur L\u00f6sung Ihrer Beschwerde unternehmen werden. Sie haben auch das Recht, sich an die Aufsichtsbeh\u00f6rde oder Datenschutzbeh\u00f6rde zu wenden.<br \/>DSGVO-Datenschutzrechte<\/p><p>Wir m\u00f6chten sicherstellen, dass Sie \u00fcber alle Ihre Datenschutzrechte informiert sind. Jeder Seitenbenutzer hat das Recht auf die folgenden Bedingungen:<\/p><p>Zugriffsrecht \u2013 Sie haben das Recht, Kopien Ihrer personenbezogenen Daten anzufordern.<br \/>Recht auf Datenberichtigung \u2013 Sie haben das Recht zu verlangen, dass wir Daten korrigieren, die Sie f\u00fcr ungenau halten. Sie haben auch das Recht zu verlangen, dass wir Daten erg\u00e4nzen, die Sie f\u00fcr unvollst\u00e4ndig halten.<br \/>Recht auf L\u00f6schung \u2013 Unter bestimmten Bedingungen haben Sie das Recht, die L\u00f6schung Ihrer personenbezogenen Daten zu verlangen.<br \/>Recht auf Einschr\u00e4nkung der Datenverarbeitung \u2013 unter bestimmten Bedingungen haben Sie das Recht, eine Einschr\u00e4nkung der Nutzung Ihrer personenbezogenen Daten zu verlangen.<br \/>Das Recht, der Nutzung Ihrer personenbezogenen Daten zu widersprechen \u2013 Sie haben unter bestimmten Bedingungen das Recht, der Nutzung Ihrer personenbezogenen Daten zu widersprechen.<br \/>Recht auf Daten\u00fcbertragbarkeit \u2013 Unter bestimmten Umst\u00e4nden haben Sie das Recht zu verlangen, dass wir die von uns erhobenen Daten an Dritte oder direkt an Sie \u00fcbertragen.<\/p><p>Sicherheit Ihrer Daten<\/p><p>Die Sicherheit Ihrer pers\u00f6nlichen Daten ist uns wichtig, aber denken Sie bitte daran, dass keine Methode zum Austausch von Informationen \u00fcber das Internet oder zur elektronischen Speicherung 100 % sicher ist. Obwohl wir unser Bestes tun, um Ihre Daten zu sch\u00fctzen, k\u00f6nnen wir ihre vollst\u00e4ndige Sicherheit nicht garantieren.<\/p><p>Unser Unternehmen ergreift alle angemessenen Ma\u00dfnahmen, um sicherzustellen, dass Ihre Daten sicher und in \u00dcbereinstimmung mit dieser Datenschutzrichtlinie und dem Gesetz der Republik Estland verarbeitet werden. Ihre Daten werden nicht an Organisationen oder L\u00e4nder \u00fcbertragen, es sei denn, es gibt einen g\u00fcltigen Grund daf\u00fcr und die Sicherheit Ihrer Daten ist gew\u00e4hrleistet.<br \/>Verlinkung mit anderen Websites<\/p><p>Auf unserer Website finden Sie m\u00f6glicherweise Links zu anderen Websites, die nicht in unserem Besitz sind. Wenn Sie auf einen Link eines Drittanbieters klicken, werden Sie auf die Website dieses Drittanbieters weitergeleitet. Wir empfehlen Ihnen dringend, die Datenschutzrichtlinie jeder von Ihnen besuchten Website zu lesen.<\/p><p>Wir haben keine Kontrolle \u00fcber Websites von Drittanbietern und sind nicht f\u00fcr deren Inhalt, Datenschutzrichtlinien, bereitgestellte Dienste oder sonstiges verantwortlich.<br \/>Aktualisierungen der Datenschutzrichtlinie<\/p><p>Bei Bedarf haben wir das Recht, dieses Datenschutzdokument zu \u00e4ndern. Wenn die Datenschutzrichtlinie aktualisiert wird, \u00e4ndern wir das Aktualisierungsdatum des Dokuments unten. Wenn Sie unsere Website nach der Aktualisierung der Datenschutzrichtlinie weiterhin besuchen und nutzen, betrachten wir dies als Ihre stillschweigende Zustimmung zu den \u00c4nderungen.<\/p><p><br \/><br \/><br \/><\/p><\/div><\/div><\/div><\/div><\/div>\t\t\t\t\t\t\t\t<\/div>\n\t\t\t\t<\/div>\n\t\t\t\t\t<\/div>\n\t\t<\/div>\n\t\t\t\t\t<\/div>\n\t\t<\/section>\n\t\t\t\t<\/div>","protected":false},"excerpt":{"rendered":"<p>F\u00fcr unser Unternehmen ist es wichtig, Ihre Privatsph\u00e4re zu respektieren und alle geltenden Gesetze und Vorschriften in Bezug auf alle personenbezogenen Daten einzuhalten, die wir \u00fcber Sie erfassen, wenn Sie unsere Website besuchen. Indem Sie unsere Website nutzen, stimmen Sie zu, dass wir Ihre Daten gem\u00e4\u00df dieser Datenschutzrichtlinie erfassen und verwenden. Mit dieser Datenschutzrichtlinie m\u00f6chten [&hellip;]<\/p>","protected":false},"author":1,"featured_media":0,"parent":0,"menu_order":0,"comment_status":"closed","ping_status":"closed","template":"","meta":{"site-sidebar-layout":"no-sidebar","site-content-layout":"page-builder","ast-site-content-layout":"full-width-container","site-content-style":"unboxed","site-sidebar-style":"unboxed","ast-global-header-display":"","ast-banner-title-visibility":"","ast-main-header-display":"","ast-hfb-above-header-display":"","ast-hfb-below-header-display":"","ast-hfb-mobile-header-display":"","site-post-title":"disabled","ast-breadcrumbs-content":"","ast-featured-img":"disabled","footer-sml-layout":"","theme-transparent-header-meta":"","adv-header-id-meta":"","stick-header-meta":"","header-above-stick-meta":"","header-main-stick-meta":"","header-below-stick-meta":"","astra-migrate-meta-layouts":"set","ast-page-background-enabled":"default","ast-page-background-meta":{"desktop":{"background-color":"var(--ast-global-color-4)","background-image":"","background-repeat":"repeat","background-position":"center center","background-size":"auto","background-attachment":"scroll","background-type":"","background-media":"","overlay-type":"","overlay-color":"","overlay-opacity":"","overlay-gradient":""},"tablet":{"background-color":"","background-image":"","background-repeat":"repeat","background-position":"center center","background-size":"auto","background-attachment":"scroll","background-type":"","background-media":"","overlay-type":"","overlay-color":"","overlay-opacity":"","overlay-gradient":""},"mobile":{"background-color":"","background-image":"","background-repeat":"repeat","background-position":"center center","background-size":"auto","background-attachment":"scroll","background-type":"","background-media":"","overlay-type":"","overlay-color":"","overlay-opacity":"","overlay-gradient":""}},"ast-content-background-meta":{"desktop":{"background-color":"var(--ast-global-color-5)","background-image":"","background-repeat":"repeat","background-position":"center center","background-size":"auto","background-attachment":"scroll","background-type":"","background-media":"","overlay-type":"","overlay-color":"","overlay-opacity":"","overlay-gradient":""},"tablet":{"background-color":"var(--ast-global-color-5)","background-image":"","background-repeat":"repeat","background-position":"center center","background-size":"auto","background-attachment":"scroll","background-type":"","background-media":"","overlay-type":"","overlay-color":"","overlay-opacity":"","overlay-gradient":""},"mobile":{"background-color":"var(--ast-global-color-5)","background-image":"","background-repeat":"repeat","background-position":"center center","background-size":"auto","background-attachment":"scroll","background-type":"","background-media":"","overlay-type":"","overlay-color":"","overlay-opacity":"","overlay-gradient":""}},"footnotes":""},"class_list":["post-3248","page","type-page","status-publish","hentry"],"yoast_head":"<!-- This site is optimized with the Yoast SEO plugin v25.4 - https:\/\/yoast.com\/wordpress\/plugins\/seo\/ -->\n<title>| Glens<\/title>\n<meta name=\"description\" content=\"Glens.\" \/>\n<meta name=\"robots\" content=\"noindex, follow\" \/>\n<meta property=\"og:locale\" content=\"de_DE\" \/>\n<meta property=\"og:type\" content=\"article\" \/>\n<meta property=\"og:title\" content=\"| Glens\" \/>\n<meta property=\"og:description\" content=\"Glens.\" \/>\n<meta property=\"og:url\" content=\"https:\/\/glens.com\/de\/datenschutzrichtlinie\/\" \/>\n<meta property=\"og:site_name\" content=\"Glens\" \/>\n<meta property=\"article:publisher\" content=\"https:\/\/www.facebook.com\/glensglasses\" \/>\n<meta property=\"article:modified_time\" content=\"2025-02-24T12:50:35+00:00\" \/>\n<meta name=\"twitter:card\" content=\"summary_large_image\" \/>\n<script type=\"application\/ld+json\" class=\"yoast-schema-graph\">{\"@context\":\"https:\/\/schema.org\",\"@graph\":[{\"@type\":\"WebPage\",\"@id\":\"https:\/\/glens.com\/de\/datenschutzrichtlinie\/\",\"url\":\"https:\/\/glens.com\/de\/datenschutzrichtlinie\/\",\"name\":\"| Glens\",\"isPartOf\":{\"@id\":\"https:\/\/glens.com\/de\/#website\"},\"datePublished\":\"2023-07-24T18:13:18+00:00\",\"dateModified\":\"2025-02-24T12:50:35+00:00\",\"description\":\"Glens.\",\"breadcrumb\":{\"@id\":\"https:\/\/glens.com\/de\/datenschutzrichtlinie\/#breadcrumb\"},\"inLanguage\":\"de\",\"potentialAction\":[{\"@type\":\"ReadAction\",\"target\":[\"https:\/\/glens.com\/de\/datenschutzrichtlinie\/\"]}]},{\"@type\":\"BreadcrumbList\",\"@id\":\"https:\/\/glens.com\/de\/datenschutzrichtlinie\/#breadcrumb\",\"itemListElement\":[{\"@type\":\"ListItem\",\"position\":1,\"name\":\"Startseite\",\"item\":\"https:\/\/glens.com\/de\/hauptseite\/\"},{\"@type\":\"ListItem\",\"position\":2,\"name\":\"Datenschutzrichtlinie\"}]},{\"@type\":\"WebSite\",\"@id\":\"https:\/\/glens.com\/de\/#website\",\"url\":\"https:\/\/glens.com\/de\/\",\"name\":\"Glens\",\"description\":\"Ultra-schlanke Lesebrille\",\"publisher\":{\"@id\":\"https:\/\/glens.com\/de\/#organization\"},\"potentialAction\":[{\"@type\":\"SearchAction\",\"target\":{\"@type\":\"EntryPoint\",\"urlTemplate\":\"https:\/\/glens.com\/de\/?s={search_term_string}\"},\"query-input\":{\"@type\":\"PropertyValueSpecification\",\"valueRequired\":true,\"valueName\":\"search_term_string\"}}],\"inLanguage\":\"de\"},{\"@type\":\"Organization\",\"@id\":\"https:\/\/glens.com\/de\/#organization\",\"name\":\"Glens\",\"url\":\"https:\/\/glens.com\/de\/\",\"logo\":{\"@type\":\"ImageObject\",\"inLanguage\":\"de\",\"@id\":\"https:\/\/glens.com\/de\/#\/schema\/logo\/image\/\",\"url\":\"https:\/\/glens.com\/wp-content\/uploads\/2023\/07\/glenslogo.svg\",\"contentUrl\":\"https:\/\/glens.com\/wp-content\/uploads\/2023\/07\/glenslogo.svg\",\"width\":1450,\"height\":887,\"caption\":\"Glens\"},\"image\":{\"@id\":\"https:\/\/glens.com\/de\/#\/schema\/logo\/image\/\"},\"sameAs\":[\"https:\/\/www.facebook.com\/glensglasses\",\"https:\/\/www.instagram.com\/glensglasses\/\"]}]}<\/script>\n<!-- \/ Yoast SEO plugin. -->","yoast_head_json":{"title":"| Glens","description":"Glens.","robots":{"index":"noindex","follow":"follow"},"og_locale":"de_DE","og_type":"article","og_title":"| Glens","og_description":"Glens.","og_url":"https:\/\/glens.com\/de\/datenschutzrichtlinie\/","og_site_name":"Glens","article_publisher":"https:\/\/www.facebook.com\/glensglasses","article_modified_time":"2025-02-24T12:50:35+00:00","twitter_card":"summary_large_image","schema":{"@context":"https:\/\/schema.org","@graph":[{"@type":"WebPage","@id":"https:\/\/glens.com\/de\/datenschutzrichtlinie\/","url":"https:\/\/glens.com\/de\/datenschutzrichtlinie\/","name":"| Glens","isPartOf":{"@id":"https:\/\/glens.com\/de\/#website"},"datePublished":"2023-07-24T18:13:18+00:00","dateModified":"2025-02-24T12:50:35+00:00","description":"Glens.","breadcrumb":{"@id":"https:\/\/glens.com\/de\/datenschutzrichtlinie\/#breadcrumb"},"inLanguage":"de","potentialAction":[{"@type":"ReadAction","target":["https:\/\/glens.com\/de\/datenschutzrichtlinie\/"]}]},{"@type":"BreadcrumbList","@id":"https:\/\/glens.com\/de\/datenschutzrichtlinie\/#breadcrumb","itemListElement":[{"@type":"ListItem","position":1,"name":"Startseite","item":"https:\/\/glens.com\/de\/hauptseite\/"},{"@type":"ListItem","position":2,"name":"Datenschutzrichtlinie"}]},{"@type":"WebSite","@id":"https:\/\/glens.com\/de\/#website","url":"https:\/\/glens.com\/de\/","name":"Glens","description":"Ultra-schlanke Lesebrille","publisher":{"@id":"https:\/\/glens.com\/de\/#organization"},"potentialAction":[{"@type":"SearchAction","target":{"@type":"EntryPoint","urlTemplate":"https:\/\/glens.com\/de\/?s={search_term_string}"},"query-input":{"@type":"PropertyValueSpecification","valueRequired":true,"valueName":"search_term_string"}}],"inLanguage":"de"},{"@type":"Organization","@id":"https:\/\/glens.com\/de\/#organization","name":"Glens","url":"https:\/\/glens.com\/de\/","logo":{"@type":"ImageObject","inLanguage":"de","@id":"https:\/\/glens.com\/de\/#\/schema\/logo\/image\/","url":"https:\/\/glens.com\/wp-content\/uploads\/2023\/07\/glenslogo.svg","contentUrl":"https:\/\/glens.com\/wp-content\/uploads\/2023\/07\/glenslogo.svg","width":1450,"height":887,"caption":"Glens"},"image":{"@id":"https:\/\/glens.com\/de\/#\/schema\/logo\/image\/"},"sameAs":["https:\/\/www.facebook.com\/glensglasses","https:\/\/www.instagram.com\/glensglasses\/"]}]}},"lang":"de","translations":{"es":3096,"en":341,"de":3248,"fr":3692,"it":3741},"_links":{"self":[{"href":"https:\/\/glens.com\/de\/wp-json\/wp\/v2\/pages\/3248","targetHints":{"allow":["GET"]}}],"collection":[{"href":"https:\/\/glens.com\/de\/wp-json\/wp\/v2\/pages"}],"about":[{"href":"https:\/\/glens.com\/de\/wp-json\/wp\/v2\/types\/page"}],"author":[{"embeddable":true,"href":"https:\/\/glens.com\/de\/wp-json\/wp\/v2\/users\/1"}],"replies":[{"embeddable":true,"href":"https:\/\/glens.com\/de\/wp-json\/wp\/v2\/comments?post=3248"}],"version-history":[{"count":0,"href":"https:\/\/glens.com\/de\/wp-json\/wp\/v2\/pages\/3248\/revisions"}],"wp:attachment":[{"href":"https:\/\/glens.com\/de\/wp-json\/wp\/v2\/media?parent=3248"}],"curies":[{"name":"wp","href":"https:\/\/api.w.org\/{rel}","templated":true}]}}